{"id":942,"date":"2023-01-31T09:32:58","date_gmt":"2023-01-31T09:32:58","guid":{"rendered":"https:\/\/puzzle3d.co\/product\/kinetic-globe-puzzle-3d-copy\/"},"modified":"2025-06-11T19:04:17","modified_gmt":"2025-06-11T19:04:17","slug":"mehanski-mlin-na-veter-3d-sestavljanka","status":"publish","type":"product","link":"https:\/\/puzzle3d.co\/sl\/prodotto\/mulino-a-vento-meccanico-puzzle-3d\/","title":{"rendered":"Leseni mehanski mlin za sestavljanje 227 kosov"},"content":{"rendered":"<div>\n<div>\n<div>\n<p><strong>Leseni mehanski mlin za sestavljanje 227 kosov<\/strong><\/p>\n<\/div>\n<div><\/div>\n<div>Vetrnice so Nizozemsko re\u0161ile pred poplavami.<\/div>\n<div><\/div>\n<div>Kako bi lahko \"re\u0161il\" tudi vas?<\/div>\n<div><\/div>\n<div>Sestavite vetrnico, ko \u017eelite pobegniti od rutine, opazujte vrtenje propelerjev, ko ste utrujeni, ali preprosto podarite vetrnico ljubljeni osebi, ki vam bo zelo hvale\u017ena.<\/div>\n<div><\/div>\n<div>Odli\u010dno darilo za ljubitelje narave<\/div>\n<div><\/div>\n<div>Sestavite ga lahko skupaj z otrokom. Va\u0161 mali partner bo navdu\u0161en nad tem modelom, hkrati pa bo pripovedoval zgodbo in si predstavljal, kako so ljudje pred stoletji mleli \u017eita, \u017eita, stiskali olje, drobili tobak in celo izdelovali papir.<\/div>\n<div><\/div>\n<div>Mimogrede, prve mline na veter so izumili okoli 9. stoletja v stari Perziji, v Evropo pa so se raz\u0161irili okoli 18. stoletja.<\/div>\n<div><\/div>\n<div>Mlin na veter je kos pohi\u0161tva, ki ga boste \u017eeleli razstaviti tam, kjer pre\u017eivite najve\u010d \u010dasa.<\/div>\n<div><\/div>\n<\/div>\n<div>\n<div><strong>PODROBNOSTI O IZDELKU:<\/strong><\/div>\n<div><\/div>\n<div>Dimenzije modela: 195*340*400 mm<\/div>\n<div>Dimenzije embala\u017ee: 375 x 243 x 20 mm<\/div>\n<div>\u0160tevilo kosov: 227<\/div>\n<\/div>\n<\/div>\n<div>\n<div><\/div>\n<\/div>","protected":false},"excerpt":{"rendered":"<div>Sestavite vetrnico, ko \u017eelite pobegniti od rutine, opazujte vrtenje propelerjev, ko ste utrujeni, ali preprosto podarite vetrnico ljubljeni osebi, ki vam bo zelo hvale\u017ena.<\/div>\n<p>&nbsp;<\/p>","protected":false},"featured_media":948,"comment_status":"open","ping_status":"closed","template":"","meta":[],"product_brand":[],"product_cat":[73,74,76,89,90,91],"product_tag":[],"woo-feed-brand":[],"class_list":{"0":"post-942","1":"product","2":"type-product","3":"status-publish","4":"has-post-thumbnail","6":"product_cat-puzzle-3d","7":"product_cat-puzzle-3d-in-legno","8":"product_cat-puzzle-3d-per-bambini","9":"product_cat-puzzle-meccanici-3d-in-legno","10":"product_cat-puzzle-meccanici-per-bambini","11":"product_cat-puzzle-meccanici-per-adulti","13":"first","14":"instock","15":"shipping-taxable","16":"purchasable","17":"product-type-simple"},"_links":{"self":[{"href":"https:\/\/puzzle3d.co\/sl\/wp-json\/wp\/v2\/product\/942","targetHints":{"allow":["GET"]}}],"collection":[{"href":"https:\/\/puzzle3d.co\/sl\/wp-json\/wp\/v2\/product"}],"about":[{"href":"https:\/\/puzzle3d.co\/sl\/wp-json\/wp\/v2\/types\/product"}],"replies":[{"embeddable":true,"href":"https:\/\/puzzle3d.co\/sl\/wp-json\/wp\/v2\/comments?post=942"}],"wp:featuredmedia":[{"embeddable":true,"href":"https:\/\/puzzle3d.co\/sl\/wp-json\/wp\/v2\/media\/948"}],"wp:attachment":[{"href":"https:\/\/puzzle3d.co\/sl\/wp-json\/wp\/v2\/media?parent=942"}],"wp:term":[{"taxonomy":"product_brand","embeddable":true,"href":"https:\/\/puzzle3d.co\/sl\/wp-json\/wp\/v2\/product_brand?post=942"},{"taxonomy":"product_cat","embeddable":true,"href":"https:\/\/puzzle3d.co\/sl\/wp-json\/wp\/v2\/product_cat?post=942"},{"taxonomy":"product_tag","embeddable":true,"href":"https:\/\/puzzle3d.co\/sl\/wp-json\/wp\/v2\/product_tag?post=942"},{"taxonomy":"woo-feed-brand","embeddable":true,"href":"https:\/\/puzzle3d.co\/sl\/wp-json\/wp\/v2\/woo-feed-brand?post=942"}],"curies":[{"name":"wp","href":"https:\/\/api.w.org\/{rel}","templated":true}]}}