{"id":879,"date":"2023-01-26T12:35:38","date_gmt":"2023-01-26T12:35:38","guid":{"rendered":"https:\/\/puzzle3d.co\/product\/t-rex-tyrannosaurus-rex-puzzle-classic-lemn-puzzle-jigsaw-copy\/"},"modified":"2025-06-11T19:04:33","modified_gmt":"2025-06-11T19:04:33","slug":"kameleon-2d-sestavljanka-les","status":"publish","type":"product","link":"https:\/\/puzzle3d.co\/sl\/prodotto\/camaleonte-puzzle-2d-jigsaw-legno\/","title":{"rendered":"Kameleon 2D Lesena sestavljanka , 111 kosov"},"content":{"rendered":"<div>\n<p><strong>Kameleon 2D Lesena sestavljanka , 111 kosov<\/strong><\/p>\n<div><\/div>\n<\/div>\n<div>\n<div>\n<div>Ta kameleon vas lahko nau\u010di nekaj temeljnega o tem, kar smo do\u017eiveli v zadnjih treh letih: prilagodljivost.<\/div>\n<div><\/div>\n<div>\u017div\u010dni sistem kameleona nadzoruje kromatoforne celice, ki vsebujejo pigmente, in mu omogo\u010da spreminjanje barve glede na okolje.<\/div>\n<div><\/div>\n<div>\u010ce si \u017eelite spremembe, meditirajte med sestavljanjem sestavljanke kameleona. Osredoto\u010dite svoje misli in morda boste za spremembo na\u0161li nove re\u0161itve.<\/div>\n<div><\/div>\n<div>\u010ce si \u017eelite dodatnega izziva in ve\u010d \u010dasa zase, izberite velikost L, ki je prilo\u017eena 505 kosom.<\/div>\n<div><\/div>\n<div><\/div>\n<div><strong>PODROBNOSTI O IZDELKU:<\/strong><\/div>\n<div>Dimenzije modela: 371*280*5 mm<\/div>\n<div>Dimenzije embala\u017ee: 255 x 192 x 42 mm<\/div>\n<div>\u0160tevilo kosov: 111<\/div>\n<\/div>\n<div><\/div>\n<\/div>","protected":false},"excerpt":{"rendered":"<p>Ta kameleon vas lahko nau\u010di nekaj temeljnega o tem, kar smo do\u017eiveli v zadnjih treh letih: prilagodljivost.<\/p>","protected":false},"featured_media":850,"comment_status":"open","ping_status":"closed","template":"","meta":{"slim_seo":{"title":"Kameleon 2D lesena sestavljanka - 111 kosov","description":"\u0160AMELEON Sestavljanka - lesena klasika. Ta kameleon vas lahko nau\u010di nekaj temeljnega o tem, kar smo do\u017eiveli v zadnjih treh letih: prilagodljivost."}},"product_brand":[],"product_cat":[80,83,84],"product_tag":[],"woo-feed-brand":[],"class_list":{"0":"post-879","1":"product","2":"type-product","3":"status-publish","4":"has-post-thumbnail","6":"product_cat-puzzle-jigsaw","7":"product_cat-puzzle-jigsaw-bambini","8":"product_cat-puzzle-jigsaw-in-legno","10":"first","11":"instock","12":"shipping-taxable","13":"purchasable","14":"product-type-simple"},"_links":{"self":[{"href":"https:\/\/puzzle3d.co\/sl\/wp-json\/wp\/v2\/product\/879","targetHints":{"allow":["GET"]}}],"collection":[{"href":"https:\/\/puzzle3d.co\/sl\/wp-json\/wp\/v2\/product"}],"about":[{"href":"https:\/\/puzzle3d.co\/sl\/wp-json\/wp\/v2\/types\/product"}],"replies":[{"embeddable":true,"href":"https:\/\/puzzle3d.co\/sl\/wp-json\/wp\/v2\/comments?post=879"}],"wp:featuredmedia":[{"embeddable":true,"href":"https:\/\/puzzle3d.co\/sl\/wp-json\/wp\/v2\/media\/850"}],"wp:attachment":[{"href":"https:\/\/puzzle3d.co\/sl\/wp-json\/wp\/v2\/media?parent=879"}],"wp:term":[{"taxonomy":"product_brand","embeddable":true,"href":"https:\/\/puzzle3d.co\/sl\/wp-json\/wp\/v2\/product_brand?post=879"},{"taxonomy":"product_cat","embeddable":true,"href":"https:\/\/puzzle3d.co\/sl\/wp-json\/wp\/v2\/product_cat?post=879"},{"taxonomy":"product_tag","embeddable":true,"href":"https:\/\/puzzle3d.co\/sl\/wp-json\/wp\/v2\/product_tag?post=879"},{"taxonomy":"woo-feed-brand","embeddable":true,"href":"https:\/\/puzzle3d.co\/sl\/wp-json\/wp\/v2\/woo-feed-brand?post=879"}],"curies":[{"name":"wp","href":"https:\/\/api.w.org\/{rel}","templated":true}]}}