{"id":877,"date":"2023-01-26T12:26:03","date_gmt":"2023-01-26T12:26:03","guid":{"rendered":"https:\/\/puzzle3d.co\/product\/lynx-puzzle-classic-lemn-copy\/"},"modified":"2025-06-11T19:05:15","modified_gmt":"2025-06-11T19:05:15","slug":"t-rex-dinozaver-sestavljanka-les","status":"publish","type":"product","link":"https:\/\/puzzle3d.co\/sl\/prodotto\/t-rex-dinosauro-puzzle-jigsaw-legno\/","title":{"rendered":"Dinozaver 2D sestavljanka iz lesa. 129 kosov"},"content":{"rendered":"<div>\n<p><strong>T-Rex Dinozaver 2D sestavljanka iz lesa, 129 kosov<\/strong><\/p>\n<div><\/div>\n<\/div>\n<div>\n<div>\n<div>Pred 67 ali 65 milijoni let je v Severni Ameriki \u017eivel znameniti tiranozaver rex ali T-Rex.<\/div>\n<div><\/div>\n<div>Povezan je s podobo velikega in mo\u010dnega dinozavra z mogo\u010dno \u010deljustjo in dolgimi, ostrimi zobmi.<\/div>\n<div><\/div>\n<div>Tehtal je pribli\u017eno 6-8 ton, njegovo telo pa je bilo dolgo 12-13 metrov.<\/div>\n<div><\/div>\n<div>Neverjetno, kajne?<\/div>\n<div><\/div>\n<div>\u010ce imate radi dinozavre ali \u017eelite izvirno dekoracijo za svoj dom ali morda i\u0161\u010dete darilo za prazgodovinskega navdu\u0161enca, vam bo T-rez zagotovo v\u0161e\u010d.<\/div>\n<div><\/div>\n<div>Zaradi njegovih zavidljivih zob bodo otroci odgovorni za zobno higieno.<\/div>\n<div><\/div>\n<div>Med drugimi deli lesene sestavljanke boste prepoznali dinozavra, lete\u010dega netopirja, kenguruja.<\/div>\n<div>.<\/div>\n<div><\/div>\n<div><strong>PODROBNOSTI O IZDELKU:<\/strong><\/div>\n<div>Dimenzije modela: 400*244*5 mm<\/div>\n<div>Dimenzije embala\u017ee: 255 x 192 x 42 mm<\/div>\n<div>\u0160tevilo kosov: 129<\/div>\n<\/div>\n<div><\/div>\n<\/div>","protected":false},"excerpt":{"rendered":"<p>T-REX-Tyrannosaurus Rex klasi\u010dna lesena sestavljanka\/puzzle. Med drugimi deli lesene sestavljanke boste prepoznali dinozavra, lete\u010dega netopirja, kenguruja<\/p>","protected":false},"featured_media":858,"comment_status":"open","ping_status":"closed","template":"","meta":[],"product_brand":[],"product_cat":[80,84,83],"product_tag":[],"woo-feed-brand":[],"class_list":{"0":"post-877","1":"product","2":"type-product","3":"status-publish","4":"has-post-thumbnail","6":"product_cat-puzzle-jigsaw","7":"product_cat-puzzle-jigsaw-in-legno","8":"product_cat-puzzle-jigsaw-bambini","10":"first","11":"instock","12":"shipping-taxable","13":"purchasable","14":"product-type-simple"},"_links":{"self":[{"href":"https:\/\/puzzle3d.co\/sl\/wp-json\/wp\/v2\/product\/877","targetHints":{"allow":["GET"]}}],"collection":[{"href":"https:\/\/puzzle3d.co\/sl\/wp-json\/wp\/v2\/product"}],"about":[{"href":"https:\/\/puzzle3d.co\/sl\/wp-json\/wp\/v2\/types\/product"}],"replies":[{"embeddable":true,"href":"https:\/\/puzzle3d.co\/sl\/wp-json\/wp\/v2\/comments?post=877"}],"wp:featuredmedia":[{"embeddable":true,"href":"https:\/\/puzzle3d.co\/sl\/wp-json\/wp\/v2\/media\/858"}],"wp:attachment":[{"href":"https:\/\/puzzle3d.co\/sl\/wp-json\/wp\/v2\/media?parent=877"}],"wp:term":[{"taxonomy":"product_brand","embeddable":true,"href":"https:\/\/puzzle3d.co\/sl\/wp-json\/wp\/v2\/product_brand?post=877"},{"taxonomy":"product_cat","embeddable":true,"href":"https:\/\/puzzle3d.co\/sl\/wp-json\/wp\/v2\/product_cat?post=877"},{"taxonomy":"product_tag","embeddable":true,"href":"https:\/\/puzzle3d.co\/sl\/wp-json\/wp\/v2\/product_tag?post=877"},{"taxonomy":"woo-feed-brand","embeddable":true,"href":"https:\/\/puzzle3d.co\/sl\/wp-json\/wp\/v2\/woo-feed-brand?post=877"}],"curies":[{"name":"wp","href":"https:\/\/api.w.org\/{rel}","templated":true}]}}