{"id":875,"date":"2023-01-26T12:17:36","date_gmt":"2023-01-26T12:17:36","guid":{"rendered":"https:\/\/puzzle3d.co\/product\/panther-puzzle-classic-lemn-copy\/"},"modified":"2025-09-10T09:44:49","modified_gmt":"2025-09-10T09:44:49","slug":"lesenka-sestavljanka-lesena","status":"publish","type":"product","link":"https:\/\/puzzle3d.co\/sl\/prodotto\/linx-puzzle-jigsaw-legno\/","title":{"rendered":"Linx Eurasiatico &#8211; Puzzle 2D iz lesa, 139 kosov"},"content":{"rendered":"<div><strong>Linx Eurasiatico &#8211; Puzzle 2D iz lesa, 139 kosov<\/strong><\/div>\n<div><\/div>\n<div>Mislili ste, da gre za leva, vendar gre za risa, vrsto divje ma\u010dke, imenovano tudi \"sne\u017eni panter\" ali \"sne\u017ena ma\u010dka\".<\/div>\n<div><\/div>\n<div>Izraz \"ris\" se lahko uporablja tudi za osebo, ki je zelo budna in pozorna ali ima zelo dober vid.<\/div>\n<div><\/div>\n<div>\u010ce ste pozorni in pazljivi, vas izzivam, da preizkusite klasi\u010dno leseno sestavljanko, ki ne bo preizkusila le va\u0161e pozornosti do podrobnosti, temve\u010d tudi va\u0161o koncentracijo.<\/div>\n<div><\/div>\n<div><strong>PODROBNOSTI O IZDELKU:<\/strong><\/div>\n<div>Dimenzije modela: 353*280*5mm<\/div>\n<div>Dimenzije embala\u017ee: 255 x 192 x 42 mm<\/div>\n<div>\u0160tevilo kosov: 139<\/div>","protected":false},"excerpt":{"rendered":"<p>LYNX - klasi\u010dna lesena sestavljanka z divjo ma\u010dko<\/p>","protected":false},"featured_media":854,"comment_status":"open","ping_status":"closed","template":"","meta":[],"product_brand":[],"product_cat":[80,84,83],"product_tag":[],"woo-feed-brand":[],"class_list":{"0":"post-875","1":"product","2":"type-product","3":"status-publish","4":"has-post-thumbnail","6":"product_cat-puzzle-jigsaw","7":"product_cat-puzzle-jigsaw-in-legno","8":"product_cat-puzzle-jigsaw-bambini","10":"first","11":"instock","12":"shipping-taxable","13":"purchasable","14":"product-type-simple"},"_links":{"self":[{"href":"https:\/\/puzzle3d.co\/sl\/wp-json\/wp\/v2\/product\/875","targetHints":{"allow":["GET"]}}],"collection":[{"href":"https:\/\/puzzle3d.co\/sl\/wp-json\/wp\/v2\/product"}],"about":[{"href":"https:\/\/puzzle3d.co\/sl\/wp-json\/wp\/v2\/types\/product"}],"replies":[{"embeddable":true,"href":"https:\/\/puzzle3d.co\/sl\/wp-json\/wp\/v2\/comments?post=875"}],"wp:featuredmedia":[{"embeddable":true,"href":"https:\/\/puzzle3d.co\/sl\/wp-json\/wp\/v2\/media\/854"}],"wp:attachment":[{"href":"https:\/\/puzzle3d.co\/sl\/wp-json\/wp\/v2\/media?parent=875"}],"wp:term":[{"taxonomy":"product_brand","embeddable":true,"href":"https:\/\/puzzle3d.co\/sl\/wp-json\/wp\/v2\/product_brand?post=875"},{"taxonomy":"product_cat","embeddable":true,"href":"https:\/\/puzzle3d.co\/sl\/wp-json\/wp\/v2\/product_cat?post=875"},{"taxonomy":"product_tag","embeddable":true,"href":"https:\/\/puzzle3d.co\/sl\/wp-json\/wp\/v2\/product_tag?post=875"},{"taxonomy":"woo-feed-brand","embeddable":true,"href":"https:\/\/puzzle3d.co\/sl\/wp-json\/wp\/v2\/woo-feed-brand?post=875"}],"curies":[{"name":"wp","href":"https:\/\/api.w.org\/{rel}","templated":true}]}}