{"id":873,"date":"2023-01-26T12:01:44","date_gmt":"2023-01-26T12:01:44","guid":{"rendered":"https:\/\/puzzle3d.co\/product\/lion-puzzle-classic-lemn-copy\/"},"modified":"2025-06-11T19:05:45","modified_gmt":"2025-06-11T19:05:45","slug":"pantera-puzzle-classic-lesen-sestavljanka","status":"publish","type":"product","link":"https:\/\/puzzle3d.co\/sl\/prodotto\/pantera-puzzle-classic-legno-jigsaw\/","title":{"rendered":"PANTERA Nera Puzzle 2D Sestavljanka iz lesa, 102 kosov"},"content":{"rendered":"<div><strong>PANTERA Nera Puzzle 2D Sestavljanka iz lesa, 102 kosov<\/strong><\/div>\n<div><\/div>\n<div>Ali ste vedeli, da je znanstveno ime za \u010drnega panterja pardus?<\/div>\n<div><\/div>\n<div>V \u0161tevilnih tradicionalnih kulturah Afrike, Azije in Indije velja \u010drni panter za simbol mo\u010di in poguma, blaginje in sre\u010de.<\/div>\n<div><\/div>\n<div>\u0160e vedno i\u0161\u010dete razloge, zakaj bi morali izbrati to simpati\u010dno leseno sestavljanko?<\/div>\n<div><\/div>\n<div>\u010ce ste tudi vi pogumna oseba, bo ujemanje kosov zanimiv proces. Med kosi boste na\u0161li divje ma\u010dke, jaguarje, tigre in druge ma\u010dje zveri, kar bo poskrbelo za akcijsko izku\u0161njo.<\/div>\n<div><\/div>\n<div><\/div>\n<div><strong>PODROBNOSTI O IZDELKU:<\/strong><\/div>\n<div>Dimenzije modela: 311*280*5 mm<\/div>\n<div>Dimenzije embala\u017ee: 255 x 192 x 42 mm<\/div>\n<div>\u0160tevilo kosov: 102<\/div>","protected":false},"excerpt":{"rendered":"<p>\u010crni panter velja za simbol mo\u010di in poguma, blaginje in sre\u010de. Med ko\u0161\u010dki te sestavljanke boste na\u0161li divje ma\u010dke, jaguarje, tigre in druge ma\u010dje zveri, s katerimi boste do\u017eiveli akcijsko izku\u0161njo.<\/p>","protected":false},"featured_media":857,"comment_status":"open","ping_status":"closed","template":"","meta":[],"product_brand":[],"product_cat":[80,84,83],"product_tag":[],"woo-feed-brand":[],"class_list":{"0":"post-873","1":"product","2":"type-product","3":"status-publish","4":"has-post-thumbnail","6":"product_cat-puzzle-jigsaw","7":"product_cat-puzzle-jigsaw-in-legno","8":"product_cat-puzzle-jigsaw-bambini","10":"first","11":"instock","12":"shipping-taxable","13":"purchasable","14":"product-type-simple"},"_links":{"self":[{"href":"https:\/\/puzzle3d.co\/sl\/wp-json\/wp\/v2\/product\/873","targetHints":{"allow":["GET"]}}],"collection":[{"href":"https:\/\/puzzle3d.co\/sl\/wp-json\/wp\/v2\/product"}],"about":[{"href":"https:\/\/puzzle3d.co\/sl\/wp-json\/wp\/v2\/types\/product"}],"replies":[{"embeddable":true,"href":"https:\/\/puzzle3d.co\/sl\/wp-json\/wp\/v2\/comments?post=873"}],"wp:featuredmedia":[{"embeddable":true,"href":"https:\/\/puzzle3d.co\/sl\/wp-json\/wp\/v2\/media\/857"}],"wp:attachment":[{"href":"https:\/\/puzzle3d.co\/sl\/wp-json\/wp\/v2\/media?parent=873"}],"wp:term":[{"taxonomy":"product_brand","embeddable":true,"href":"https:\/\/puzzle3d.co\/sl\/wp-json\/wp\/v2\/product_brand?post=873"},{"taxonomy":"product_cat","embeddable":true,"href":"https:\/\/puzzle3d.co\/sl\/wp-json\/wp\/v2\/product_cat?post=873"},{"taxonomy":"product_tag","embeddable":true,"href":"https:\/\/puzzle3d.co\/sl\/wp-json\/wp\/v2\/product_tag?post=873"},{"taxonomy":"woo-feed-brand","embeddable":true,"href":"https:\/\/puzzle3d.co\/sl\/wp-json\/wp\/v2\/woo-feed-brand?post=873"}],"curies":[{"name":"wp","href":"https:\/\/api.w.org\/{rel}","templated":true}]}}