{"id":870,"date":"2023-01-26T11:45:24","date_gmt":"2023-01-26T11:45:24","guid":{"rendered":"https:\/\/puzzle3d.co\/product\/fox-puzzle-classic-lemn-copy\/"},"modified":"2025-06-11T19:06:20","modified_gmt":"2025-06-11T19:06:20","slug":"leva-sestavljanka-klasicna-sestavljanka-les","status":"publish","type":"product","link":"https:\/\/puzzle3d.co\/sl\/prodotto\/leone-puzzle-classic-jigsaw-legno\/","title":{"rendered":"2D lesena sestavljanka z levom , 100 kosov"},"content":{"rendered":"<div><span style=\"font-size: 100%;\"><strong>LION - klasi\u010dna lesena sestavljanka<\/strong><\/span><\/div>\n<div><\/div>\n<div><span style=\"font-size: 100%;\">Kralj divjih \u017eivali je zdaj doma.<\/span><\/div>\n<div><\/div>\n<div><span style=\"font-size: 100%;\">V tega leva se boste zaljubili na prvi pogled. Prefinjene podrobnosti in bogate barve bodo pritegnile poglede in ob\u010dudovanje.<\/span><\/div>\n<div><\/div>\n<div><span style=\"font-size: 100%;\">Ne pride sam, ampak s svojo raz\u0161irjeno dru\u017eino: slonom, tigrom, \u017eirafo (katere druge \u017eivali prepoznate?), ki jih boste prepoznali med lesenimi ko\u0161\u010dki sestavljanke.<\/span><\/div>\n<div><\/div>\n<div><span style=\"font-size: 100%;\">Spra\u0161ujete, zakaj? Ker biti mo\u010dan in biti imenovan kralj \u017eivali najprej pomeni biti z ramo ob rami z drugimi.<\/span><\/div>\n<div><\/div>\n<div><span style=\"font-size: 100%;\">\u010ce \u017eelite z ljubljeno osebo pre\u017eiveti zanimiv ve\u010der, sestavite tega leva in se pogovarjajte o filozofski temi.<\/span><\/div>\n<div><\/div>\n<div><span style=\"font-size: 100%;\">V filozofiji na primer lev velja za simbol \u010dlove\u0161ke narave, ki jo lahko razdelimo na dva dela: razumski in \u017eivalski del.<\/span><\/div>\n<div><\/div>\n<div><span style=\"font-size: 100%;\">Ponujamo tri velikosti (S, M, L), med katerimi lahko izberete pravo za steno svojega doma ali pisarne. Morda pa \u017eelite to ljubko sestavljanko postaviti v okvir - izbira je va\u0161a.<\/span><\/div>\n<div><\/div>\n<div><span style=\"font-size: 100%;\"><strong>PODROBNOSTI O IZDELKU:<\/strong><\/span><\/div>\n<div><span style=\"font-size: 100%;\">Dimenzije modela: 310*280*5mm<\/span><\/div>\n<div><span style=\"font-size: 100%;\">Dimenzije embala\u017ee: 255 x 192 x 42 mm<\/span><\/div>\n<div><span style=\"font-size: 100%;\">\u0160tevilo kosov: 100<\/span><\/div>","protected":false},"excerpt":{"rendered":"<p>V tega leva se boste zaljubili na prvi pogled. Prefinjene podrobnosti in bogate barve bodo pritegnile poglede in ob\u010dudovanje.<br \/>\nNe prihaja sam, temve\u010d s svojo raz\u0161irjeno dru\u017eino: slonom, tigrom in \u017eirafo, ki jih boste prepoznali med lesenimi ko\u0161\u010dki sestavljanke.<\/p>","protected":false},"featured_media":853,"comment_status":"open","ping_status":"closed","template":"","meta":{"slim_seo":{"title":"\ud83e\udd81 LEONE 2D Lesena sestavljanka , 100 kosov","description":"V tega leva se boste zaljubili na prvi pogled. Prefinjene podrobnosti in bogate barve bodo pritegnile poglede in ob\u010dudovanje. Ne prihaja sam, temve\u010d s svojo raz\u0161irjeno dru\u017eino: slonom, tigrom in \u017eirafo, ki jih boste prepoznali med lesenimi ko\u0161\u010dki sestavljanke."}},"product_brand":[],"product_cat":[80,83,84],"product_tag":[],"woo-feed-brand":[],"class_list":{"0":"post-870","1":"product","2":"type-product","3":"status-publish","4":"has-post-thumbnail","6":"product_cat-puzzle-jigsaw","7":"product_cat-puzzle-jigsaw-bambini","8":"product_cat-puzzle-jigsaw-in-legno","10":"first","11":"instock","12":"sale","13":"shipping-taxable","14":"purchasable","15":"product-type-simple"},"_links":{"self":[{"href":"https:\/\/puzzle3d.co\/sl\/wp-json\/wp\/v2\/product\/870","targetHints":{"allow":["GET"]}}],"collection":[{"href":"https:\/\/puzzle3d.co\/sl\/wp-json\/wp\/v2\/product"}],"about":[{"href":"https:\/\/puzzle3d.co\/sl\/wp-json\/wp\/v2\/types\/product"}],"replies":[{"embeddable":true,"href":"https:\/\/puzzle3d.co\/sl\/wp-json\/wp\/v2\/comments?post=870"}],"wp:featuredmedia":[{"embeddable":true,"href":"https:\/\/puzzle3d.co\/sl\/wp-json\/wp\/v2\/media\/853"}],"wp:attachment":[{"href":"https:\/\/puzzle3d.co\/sl\/wp-json\/wp\/v2\/media?parent=870"}],"wp:term":[{"taxonomy":"product_brand","embeddable":true,"href":"https:\/\/puzzle3d.co\/sl\/wp-json\/wp\/v2\/product_brand?post=870"},{"taxonomy":"product_cat","embeddable":true,"href":"https:\/\/puzzle3d.co\/sl\/wp-json\/wp\/v2\/product_cat?post=870"},{"taxonomy":"product_tag","embeddable":true,"href":"https:\/\/puzzle3d.co\/sl\/wp-json\/wp\/v2\/product_tag?post=870"},{"taxonomy":"woo-feed-brand","embeddable":true,"href":"https:\/\/puzzle3d.co\/sl\/wp-json\/wp\/v2\/woo-feed-brand?post=870"}],"curies":[{"name":"wp","href":"https:\/\/api.w.org\/{rel}","templated":true}]}}