{"id":868,"date":"2023-01-26T10:56:46","date_gmt":"2023-01-26T10:56:46","guid":{"rendered":"https:\/\/puzzle3d.co\/product\/turtle-puzzle-classic-lemn-copy\/"},"modified":"2025-06-11T19:06:33","modified_gmt":"2025-06-11T19:06:33","slug":"vulpa-puzzle-classic-wood","status":"publish","type":"product","link":"https:\/\/puzzle3d.co\/sl\/prodotto\/vulpa-puzzle-classic-legno\/","title":{"rendered":"VULPA 2D lesena sestavljanka , 141 kosov"},"content":{"rendered":"<div><strong>Klasi\u010dna lesena sestavljanka VULPA<\/strong><\/div>\n<div><\/div>\n<div>Uganka, polna \u010dara in izzivov, vas o\u010dara z drobnimi podrobnostmi in bogatimi barvami.<\/div>\n<div>Kaj vidite v njegovih o\u010deh: premetenost in zapeljevanje ali inteligenco, pogum in neodvisnost?<\/div>\n<div><\/div>\n<div>Na\u010din, kako ga dojemate, lahko veliko pove tudi o vas kot osebi.<\/div>\n<div><\/div>\n<div>Med ko\u0161\u010dki sestavljanke, ki sestavljajo to \u010dudovito dekoracijo, boste na\u0161li ve\u010d lisic, volkov, zajcev, podgan in pi\u0161\u010dancev.<\/div>\n<div>Razvijte svojo domi\u0161ljijo z vsemi temi \u017eivalmi in nato okrasite prostor, kjer radi pre\u017eivljate \u010das, da jih boste lahko \u010dim pogosteje ob\u010dudovali.<\/div>\n<div><\/div>\n<div>Tudi lisica vas bo spominjala na gozd, zato se ob vsaki prilo\u017enosti odpravite v park ali gozd in se potopite v naravo.<\/div>\n<div><\/div>\n<div><strong>PODROBNOSTI O IZDELKU:<\/strong><\/div>\n<div>Dimenzije modela: 400*280*5 mm<\/div>\n<div>Dimenzije embala\u017ee: 255 x 192 x 42 mm<\/div>\n<div>\u0160tevilo kosov: 141<\/div>","protected":false},"excerpt":{"rendered":"<p>Med ko\u0161\u010dki sestavljanke, ki sestavljajo to \u010dudovito dekoracijo, boste na\u0161li ve\u010d lisic, volkov, zajcev, podgan in pi\u0161\u010dancev.<\/p>","protected":false},"featured_media":851,"comment_status":"open","ping_status":"closed","template":"","meta":[],"product_brand":[],"product_cat":[80,84,83],"product_tag":[],"woo-feed-brand":[],"class_list":{"0":"post-868","1":"product","2":"type-product","3":"status-publish","4":"has-post-thumbnail","6":"product_cat-puzzle-jigsaw","7":"product_cat-puzzle-jigsaw-in-legno","8":"product_cat-puzzle-jigsaw-bambini","10":"first","11":"instock","12":"shipping-taxable","13":"purchasable","14":"product-type-simple"},"_links":{"self":[{"href":"https:\/\/puzzle3d.co\/sl\/wp-json\/wp\/v2\/product\/868","targetHints":{"allow":["GET"]}}],"collection":[{"href":"https:\/\/puzzle3d.co\/sl\/wp-json\/wp\/v2\/product"}],"about":[{"href":"https:\/\/puzzle3d.co\/sl\/wp-json\/wp\/v2\/types\/product"}],"replies":[{"embeddable":true,"href":"https:\/\/puzzle3d.co\/sl\/wp-json\/wp\/v2\/comments?post=868"}],"wp:featuredmedia":[{"embeddable":true,"href":"https:\/\/puzzle3d.co\/sl\/wp-json\/wp\/v2\/media\/851"}],"wp:attachment":[{"href":"https:\/\/puzzle3d.co\/sl\/wp-json\/wp\/v2\/media?parent=868"}],"wp:term":[{"taxonomy":"product_brand","embeddable":true,"href":"https:\/\/puzzle3d.co\/sl\/wp-json\/wp\/v2\/product_brand?post=868"},{"taxonomy":"product_cat","embeddable":true,"href":"https:\/\/puzzle3d.co\/sl\/wp-json\/wp\/v2\/product_cat?post=868"},{"taxonomy":"product_tag","embeddable":true,"href":"https:\/\/puzzle3d.co\/sl\/wp-json\/wp\/v2\/product_tag?post=868"},{"taxonomy":"woo-feed-brand","embeddable":true,"href":"https:\/\/puzzle3d.co\/sl\/wp-json\/wp\/v2\/woo-feed-brand?post=868"}],"curies":[{"name":"wp","href":"https:\/\/api.w.org\/{rel}","templated":true}]}}