{"id":866,"date":"2023-01-25T22:19:56","date_gmt":"2023-01-25T22:19:56","guid":{"rendered":"https:\/\/puzzle3d.co\/product\/owl-puzzle-classic-lemn-copy\/"},"modified":"2026-01-21T16:50:41","modified_gmt":"2026-01-21T16:50:41","slug":"sestavljanka-zelva","status":"publish","type":"product","link":"https:\/\/puzzle3d.co\/sl\/prodotto\/tartaruga-puzzle\/","title":{"rendered":"TARTARUGA 2D Puzzle \/ Lesena sestavljanka, 150 kosov"},"content":{"rendered":"<div><strong>TARTARUGA 2D Calssic Puzzle \/ Lesena sestavljanka, 150 kosov<\/strong><\/div>\n<div><\/div>\n<div>Ali se tudi vi spra\u0161ujete, kje se je za\u010dela \u017eaba? Skupaj poi\u0161\u010dimo odgovor.<\/div>\n<div><\/div>\n<div>Zanimivo je, da so \u017eelve simbol dolgo\u017eivosti, saj do\u010dakajo ve\u010d kot 100 let. Njihov oklep pomeni za\u0161\u010dito in varnost ter predstavlja du\u0161evno in telesno oviro.<\/div>\n<div><\/div>\n<div>Ko se po\u010dutite iz\u010drpani, je priporo\u010dljivo sestaviti sestavljanko, kot je na sliki. Sprostili se boste, se osredoto\u010dili in celo prelisi\u010dili naporno rutino.<\/div>\n<div><\/div>\n<div>Razveseli se \u017eelve v sestavljanki na sliki in na koncu bo\u0161 izvedel, kje se je za\u010dela.<\/div>\n<div><\/div>\n<div><strong>PODROBNOSTI O IZDELKU:<\/strong><\/div>\n<div>Dimenzije modela: 281*395*5 mm<\/div>\n<div>Dimenzije embala\u017ee: 255 x 192 x 42 mm<\/div>\n<div>\u0160tevilo kosov: 150<\/div>","protected":false},"excerpt":{"rendered":"<p>TARTARUGA Puzzle 2D Calssico \/ Jigsaw in legno, 150 pezzi Ti chiedi anche tu dove \u00e8 iniziata la rana? Cerchiamo insieme la risposta. \u00c8 interessante sapere che le tartarughe sono il simbolo della longevit\u00e0, perch\u00e9 vivono oltre 100 anni. Il loro guscio significa protezione e sicurezza, offrendo una barriera mentale e fisica. Quando ti senti [&#8230;]\n","protected":false},"featured_media":859,"comment_status":"open","ping_status":"closed","template":"","meta":{"slim_seo":{"title":"\ud83d\udc22 TARTARUGA 2D Calssic Puzzle \/ Lesena sestavljanka, 150 kosov","description":"TARTARUGA Uganka. Zanimivo je, da so \u017eelve simbol dolgo\u017eivosti, saj do\u010dakajo ve\u010d kot 100 let."}},"product_brand":[],"product_cat":[80,83,84],"product_tag":[],"woo-feed-brand":[],"class_list":{"0":"post-866","1":"product","2":"type-product","3":"status-publish","4":"has-post-thumbnail","6":"product_cat-puzzle-jigsaw","7":"product_cat-puzzle-jigsaw-bambini","8":"product_cat-puzzle-jigsaw-in-legno","10":"first","11":"instock","12":"shipping-taxable","13":"purchasable","14":"product-type-simple"},"_links":{"self":[{"href":"https:\/\/puzzle3d.co\/sl\/wp-json\/wp\/v2\/product\/866","targetHints":{"allow":["GET"]}}],"collection":[{"href":"https:\/\/puzzle3d.co\/sl\/wp-json\/wp\/v2\/product"}],"about":[{"href":"https:\/\/puzzle3d.co\/sl\/wp-json\/wp\/v2\/types\/product"}],"replies":[{"embeddable":true,"href":"https:\/\/puzzle3d.co\/sl\/wp-json\/wp\/v2\/comments?post=866"}],"wp:featuredmedia":[{"embeddable":true,"href":"https:\/\/puzzle3d.co\/sl\/wp-json\/wp\/v2\/media\/859"}],"wp:attachment":[{"href":"https:\/\/puzzle3d.co\/sl\/wp-json\/wp\/v2\/media?parent=866"}],"wp:term":[{"taxonomy":"product_brand","embeddable":true,"href":"https:\/\/puzzle3d.co\/sl\/wp-json\/wp\/v2\/product_brand?post=866"},{"taxonomy":"product_cat","embeddable":true,"href":"https:\/\/puzzle3d.co\/sl\/wp-json\/wp\/v2\/product_cat?post=866"},{"taxonomy":"product_tag","embeddable":true,"href":"https:\/\/puzzle3d.co\/sl\/wp-json\/wp\/v2\/product_tag?post=866"},{"taxonomy":"woo-feed-brand","embeddable":true,"href":"https:\/\/puzzle3d.co\/sl\/wp-json\/wp\/v2\/woo-feed-brand?post=866"}],"curies":[{"name":"wp","href":"https:\/\/api.w.org\/{rel}","templated":true}]}}