{"id":864,"date":"2023-01-25T22:15:13","date_gmt":"2023-01-25T22:15:13","guid":{"rendered":"https:\/\/puzzle3d.co\/product\/mastodon-puzzle-classic-lemn-copy\/"},"modified":"2025-06-11T19:07:05","modified_gmt":"2025-06-11T19:07:05","slug":"sova-puzzle-klasicni-les","status":"publish","type":"product","link":"https:\/\/puzzle3d.co\/sl\/prodotto\/gufo-puzzle-classic-legno\/","title":{"rendered":"2D lesena sestavljanka OWL, 120 kosov"},"content":{"rendered":"<div>\n<h2><strong>2D lesena sestavljanka OWL, 120 kosov<\/strong><\/h2>\n<div>\"Videti v temi\" ne pomeni le znajti se pono\u010di v prostoru brez svetlobe ... Gre za sposobnost razumevanja in videnja skrite resnice.<\/div>\n<\/div>\n<div>\n<div>Zato je sova v gr\u0161ki mitologiji simbol modrosti in inteligence.<\/div>\n<div>Sova, izdelana iz kosov lesene sestavljanke, je pozorna na podrobnosti, osredoto\u010denost in odlo\u010dnost.<\/div>\n<div>Med kosi boste na\u0161li tudi druge gozdne partnerje, kot so volk, lisica, zajec, orel in medved.<\/div>\n<div>Kaj \u010de bi s temi liki otroku dali lekcijo modrosti?<\/div>\n<div><\/div>\n<div>Povedali mu boste, da je lisica ljubka, zajec pa strah vzbujajo\u010d, ali pa mu boste pokazali, da so vsi razli\u010dni, nekateri ve\u010dji, drugi manj\u0161i, a da so skupaj v ravnovesju in spo\u0161tovanju narave.<\/div>\n<div><\/div>\n<div>Sestavite ga, zabavajte se in poglejte v globoke o\u010di sove, \u010desar ne morete videti.<\/div>\n<div><\/div>\n<div><strong>PODROBNOSTI O IZDELKU:<\/strong><\/div>\n<div>Dimenzije modela: 283*297*5 mm<\/div>\n<div>Dimenzije embala\u017ee: 255 x 192 x 42 mm<\/div>\n<div>\u0160tevilo kosov: 120<\/div>\n<\/div>","protected":false},"excerpt":{"rendered":"<p>V gr\u0161ki mitologiji je sova simbol modrosti in inteligence, sova, izdelana iz delov lesene sestavljanke, pa izra\u017ea pozornost do podrobnosti, koncentracijo in odlo\u010dnost.<\/p>","protected":false},"featured_media":856,"comment_status":"open","ping_status":"closed","template":"","meta":[],"product_brand":[],"product_cat":[80,84,83],"product_tag":[],"woo-feed-brand":[],"class_list":{"0":"post-864","1":"product","2":"type-product","3":"status-publish","4":"has-post-thumbnail","6":"product_cat-puzzle-jigsaw","7":"product_cat-puzzle-jigsaw-in-legno","8":"product_cat-puzzle-jigsaw-bambini","10":"first","11":"instock","12":"shipping-taxable","13":"purchasable","14":"product-type-simple"},"_links":{"self":[{"href":"https:\/\/puzzle3d.co\/sl\/wp-json\/wp\/v2\/product\/864","targetHints":{"allow":["GET"]}}],"collection":[{"href":"https:\/\/puzzle3d.co\/sl\/wp-json\/wp\/v2\/product"}],"about":[{"href":"https:\/\/puzzle3d.co\/sl\/wp-json\/wp\/v2\/types\/product"}],"replies":[{"embeddable":true,"href":"https:\/\/puzzle3d.co\/sl\/wp-json\/wp\/v2\/comments?post=864"}],"wp:featuredmedia":[{"embeddable":true,"href":"https:\/\/puzzle3d.co\/sl\/wp-json\/wp\/v2\/media\/856"}],"wp:attachment":[{"href":"https:\/\/puzzle3d.co\/sl\/wp-json\/wp\/v2\/media?parent=864"}],"wp:term":[{"taxonomy":"product_brand","embeddable":true,"href":"https:\/\/puzzle3d.co\/sl\/wp-json\/wp\/v2\/product_brand?post=864"},{"taxonomy":"product_cat","embeddable":true,"href":"https:\/\/puzzle3d.co\/sl\/wp-json\/wp\/v2\/product_cat?post=864"},{"taxonomy":"product_tag","embeddable":true,"href":"https:\/\/puzzle3d.co\/sl\/wp-json\/wp\/v2\/product_tag?post=864"},{"taxonomy":"woo-feed-brand","embeddable":true,"href":"https:\/\/puzzle3d.co\/sl\/wp-json\/wp\/v2\/woo-feed-brand?post=864"}],"curies":[{"name":"wp","href":"https:\/\/api.w.org\/{rel}","templated":true}]}}