{"id":862,"date":"2023-01-25T22:08:41","date_gmt":"2023-01-25T22:08:41","guid":{"rendered":"https:\/\/puzzle3d.co\/product\/bat-m-puzzle-classic-lemn-copy\/"},"modified":"2025-06-11T19:07:19","modified_gmt":"2025-06-11T19:07:19","slug":"mastodontova-sestavljanka-klasicna-sestavljanka","status":"publish","type":"product","link":"https:\/\/puzzle3d.co\/sl\/prodotto\/mastodon-puzzle-classic-jigsaw\/","title":{"rendered":"MASTODON 2D lesena sestavljanka, 180 kosov"},"content":{"rendered":"<div>\n<p><strong>MASTODON Classic 2D Puzzle\/ Lesena sestavljanka, 180 kosov<\/strong><\/p>\n<div>Kam je \u0161el mastodont? Tega ne vedo niti raziskovalci.<\/div>\n<\/div>\n<div>\n<div>\n<div><\/div>\n<div>\u0160ele pred pribli\u017eno 10.000 leti so odkrili, da je na severnoameri\u0161ki celini \u017eivel sesalec, te\u017eak od 4 do 10 ton in dolg do 10 metrov.<\/div>\n<div><\/div>\n<div>Skeletna struktura je bila nekoliko podobna slonu, vendar so bila razmerja zelo razli\u010dna.<\/div>\n<div><\/div>\n<div>Izginili naj bi zaradi podnebnih....<\/div>\n<div>Izberite izvirnost in okrasite svoj dom ali pisarno s prazgodovinskim sesalcem, ki ga \u0161e nih\u010de ni videl.<\/div>\n<div><\/div>\n<div>Zabavno je sestavljati sestavljanko, v kateri med lesenimi sestavnimi deli najdete slone, medvede, tigre, nosoroge in druge pogumne prijatelje.<\/div>\n<div><\/div>\n<div>Hkrati se sprostite, osredoto\u010dite in za\u010dutite, kako va\u0161i mo\u017egani cenijo izziv.<\/div>\n<div><\/div>\n<div>Ponujamo tri velikosti (S, M, L), med katerimi lahko izberete pravo za steno svojega doma ali pisarne. Morda pa \u017eelite to ljubko sestavljanko postaviti v okvir - izbira je va\u0161a.<\/div>\n<div><\/div>\n<div><strong>PODROBNOSTI O IZDELKU:<\/strong><\/div>\n<div>Dimenzije modela: 286*387*5 mm<\/div>\n<div>Dimenzije embala\u017ee: 255 x 192 x 42 mm<\/div>\n<div>\u0160tevilo kosov: 180<\/div>\n<\/div>\n<div><\/div>\n<\/div>","protected":false},"excerpt":{"rendered":"<p>Zabavno je sestavljati sestavljanko, v kateri med lesenimi sestavnimi deli najdete slone, medvede, tigre, nosoroge in druge pogumne prijatelje.<\/p>","protected":false},"featured_media":855,"comment_status":"open","ping_status":"closed","template":"","meta":[],"product_brand":[],"product_cat":[80,84,83],"product_tag":[],"woo-feed-brand":[],"class_list":{"0":"post-862","1":"product","2":"type-product","3":"status-publish","4":"has-post-thumbnail","6":"product_cat-puzzle-jigsaw","7":"product_cat-puzzle-jigsaw-in-legno","8":"product_cat-puzzle-jigsaw-bambini","10":"first","11":"instock","12":"shipping-taxable","13":"purchasable","14":"product-type-simple"},"_links":{"self":[{"href":"https:\/\/puzzle3d.co\/sl\/wp-json\/wp\/v2\/product\/862","targetHints":{"allow":["GET"]}}],"collection":[{"href":"https:\/\/puzzle3d.co\/sl\/wp-json\/wp\/v2\/product"}],"about":[{"href":"https:\/\/puzzle3d.co\/sl\/wp-json\/wp\/v2\/types\/product"}],"replies":[{"embeddable":true,"href":"https:\/\/puzzle3d.co\/sl\/wp-json\/wp\/v2\/comments?post=862"}],"wp:featuredmedia":[{"embeddable":true,"href":"https:\/\/puzzle3d.co\/sl\/wp-json\/wp\/v2\/media\/855"}],"wp:attachment":[{"href":"https:\/\/puzzle3d.co\/sl\/wp-json\/wp\/v2\/media?parent=862"}],"wp:term":[{"taxonomy":"product_brand","embeddable":true,"href":"https:\/\/puzzle3d.co\/sl\/wp-json\/wp\/v2\/product_brand?post=862"},{"taxonomy":"product_cat","embeddable":true,"href":"https:\/\/puzzle3d.co\/sl\/wp-json\/wp\/v2\/product_cat?post=862"},{"taxonomy":"product_tag","embeddable":true,"href":"https:\/\/puzzle3d.co\/sl\/wp-json\/wp\/v2\/product_tag?post=862"},{"taxonomy":"woo-feed-brand","embeddable":true,"href":"https:\/\/puzzle3d.co\/sl\/wp-json\/wp\/v2\/woo-feed-brand?post=862"}],"curies":[{"name":"wp","href":"https:\/\/api.w.org\/{rel}","templated":true}]}}