{"id":860,"date":"2023-01-25T22:03:04","date_gmt":"2023-01-25T22:03:04","guid":{"rendered":"https:\/\/puzzle3d.co\/product\/koi-puzzle-classic-lemn-copy\/"},"modified":"2025-06-11T19:07:35","modified_gmt":"2025-06-11T19:07:35","slug":"sestavljanka-netopirja-2d-sestavljanka","status":"publish","type":"product","link":"https:\/\/puzzle3d.co\/sl\/prodotto\/pipistrello-jigsaw-2d-puzzle\/","title":{"rendered":"2D lesena sestavljanka z netopirjem, 130 kosov"},"content":{"rendered":"<div>\n<p><strong>Netopir 2D lesena sestavljanka, 130 kosov<\/strong><\/p>\n<\/div>\n<div>\n<div>\n<div>Ali veste, od kod izvira ime Flying Bat?<\/div>\n<div><\/div>\n<div>Ta elegantni metulj se v fazi li\u010dinke, ko samica odlo\u017ei jaj\u010deca, hrani z lilijevimi listi.<\/div>\n<div><\/div>\n<div>V zrelih letih netopirji u\u017eivajo nektar cvetov. Od maja do julija ga je mogo\u010de videti, kako leti okoli cvetja na vrtovih in v parkih.<\/div>\n<div><\/div>\n<div>Izberite sestavljanko netopirja in okrasite svoj dom s simbolom pomladi in ponovnega rojstva.<\/div>\n<div><\/div>\n<div>Sprostite se in se osredoto\u010dite, medtem ko ujemate kose, nato pa jim namenite \u010dastno mesto na steni ali v okvirju.<\/div>\n<div><\/div>\n<div><strong>PODROBNOSTI O IZDELKU:<\/strong><\/div>\n<div>Dimenzije modela: 280*390*5 mm<\/div>\n<div>Dimenzije embala\u017ee: 255 x 192 x 42 mm<\/div>\n<div>\u0160tevilo kosov: 130<\/div>\n<\/div>\n<div><\/div>\n<\/div>","protected":false},"excerpt":{"rendered":"<p>Izberite sestavljanko netopirja in okrasite svoj dom s simbolom pomladi in ponovnega rojstva.<\/p>","protected":false},"featured_media":849,"comment_status":"open","ping_status":"closed","template":"","meta":[],"product_brand":[],"product_cat":[80,84,83],"product_tag":[],"woo-feed-brand":[],"class_list":{"0":"post-860","1":"product","2":"type-product","3":"status-publish","4":"has-post-thumbnail","6":"product_cat-puzzle-jigsaw","7":"product_cat-puzzle-jigsaw-in-legno","8":"product_cat-puzzle-jigsaw-bambini","10":"first","11":"instock","12":"shipping-taxable","13":"purchasable","14":"product-type-simple"},"_links":{"self":[{"href":"https:\/\/puzzle3d.co\/sl\/wp-json\/wp\/v2\/product\/860","targetHints":{"allow":["GET"]}}],"collection":[{"href":"https:\/\/puzzle3d.co\/sl\/wp-json\/wp\/v2\/product"}],"about":[{"href":"https:\/\/puzzle3d.co\/sl\/wp-json\/wp\/v2\/types\/product"}],"replies":[{"embeddable":true,"href":"https:\/\/puzzle3d.co\/sl\/wp-json\/wp\/v2\/comments?post=860"}],"wp:featuredmedia":[{"embeddable":true,"href":"https:\/\/puzzle3d.co\/sl\/wp-json\/wp\/v2\/media\/849"}],"wp:attachment":[{"href":"https:\/\/puzzle3d.co\/sl\/wp-json\/wp\/v2\/media?parent=860"}],"wp:term":[{"taxonomy":"product_brand","embeddable":true,"href":"https:\/\/puzzle3d.co\/sl\/wp-json\/wp\/v2\/product_brand?post=860"},{"taxonomy":"product_cat","embeddable":true,"href":"https:\/\/puzzle3d.co\/sl\/wp-json\/wp\/v2\/product_cat?post=860"},{"taxonomy":"product_tag","embeddable":true,"href":"https:\/\/puzzle3d.co\/sl\/wp-json\/wp\/v2\/product_tag?post=860"},{"taxonomy":"woo-feed-brand","embeddable":true,"href":"https:\/\/puzzle3d.co\/sl\/wp-json\/wp\/v2\/woo-feed-brand?post=860"}],"curies":[{"name":"wp","href":"https:\/\/api.w.org\/{rel}","templated":true}]}}