{"id":847,"date":"2023-01-25T21:56:10","date_gmt":"2023-01-25T21:56:10","guid":{"rendered":"https:\/\/puzzle3d.co\/product\/ram-puzzle-classic-copy\/"},"modified":"2025-06-11T19:07:50","modified_gmt":"2025-06-11T19:07:50","slug":"lesene-puzzle-2d-iz-lesa","status":"publish","type":"product","link":"https:\/\/puzzle3d.co\/sl\/prodotto\/pesci-puzzle-2d-in-legno\/","title":{"rendered":"Puzzle 2D iz lesa \u2013 Ribe \u2013 150 kosov"},"content":{"rendered":"<div>\n<p><strong>Ribe 2D lesena sestavljanka , 150 kosov<\/strong><\/p>\n<\/div>\n<div>\n<div>\n<div>Pred vami je prikupna in inteligentna riba: koi. To je vrsta, ki izvira iz Azije, natan\u010dneje, \u017eivi v sladkih vodah Kitajske in Japonske.<\/div>\n<div><\/div>\n<div>Na vzhodu so simbol poguma in vztrajnosti.<\/div>\n<div><\/div>\n<div>Uspevajo le v \u010disti, s kisikom prepojeni vodi s temperaturo med 10 in 30 stopinjami Celzija, hranijo pa se z uravnote\u017eeno prehrano iz rastlinja in alg.<\/div>\n<div><\/div>\n<div>Sestavljanje te sestavljanke bo prijeten trenutek miru in spro\u0161\u010denosti, njen poznej\u0161i ogled pa vas bo spominjal na ravnovesje in harmonijo.<\/div>\n<div><\/div>\n<div>\u010cudovito je iskati ravnovesje in harmonijo s seboj in s tistimi, ki nas obkro\u017eajo!<\/div>\n<div><\/div>\n<div><strong>PODROBNOSTI O IZDELKU:<\/strong><\/div>\n<div>Dimenzije modela: 282*387*5 mm<\/div>\n<div>Dimenzije embala\u017ee: 255 x 192 x 42 mm<\/div>\n<div>\u0160tevilo kosov: 150<\/div>\n<\/div>\n<div><\/div>\n<\/div>","protected":false},"excerpt":{"rendered":"<div>KOI - klasi\u010dna lesena sestavljanka\/puzzle<br \/>\nSestavljanje te sestavljanke bo prijeten trenutek miru in spro\u0161\u010denosti, njen poznej\u0161i ogled pa vas bo spominjal na ravnovesje in harmonijo.<\/div>\n<p>&nbsp;<\/p>","protected":false},"featured_media":852,"comment_status":"open","ping_status":"closed","template":"","meta":[],"product_brand":[],"product_cat":[80,84,83],"product_tag":[],"woo-feed-brand":[],"class_list":{"0":"post-847","1":"product","2":"type-product","3":"status-publish","4":"has-post-thumbnail","6":"product_cat-puzzle-jigsaw","7":"product_cat-puzzle-jigsaw-in-legno","8":"product_cat-puzzle-jigsaw-bambini","10":"first","11":"instock","12":"shipping-taxable","13":"purchasable","14":"product-type-simple"},"_links":{"self":[{"href":"https:\/\/puzzle3d.co\/sl\/wp-json\/wp\/v2\/product\/847","targetHints":{"allow":["GET"]}}],"collection":[{"href":"https:\/\/puzzle3d.co\/sl\/wp-json\/wp\/v2\/product"}],"about":[{"href":"https:\/\/puzzle3d.co\/sl\/wp-json\/wp\/v2\/types\/product"}],"replies":[{"embeddable":true,"href":"https:\/\/puzzle3d.co\/sl\/wp-json\/wp\/v2\/comments?post=847"}],"wp:featuredmedia":[{"embeddable":true,"href":"https:\/\/puzzle3d.co\/sl\/wp-json\/wp\/v2\/media\/852"}],"wp:attachment":[{"href":"https:\/\/puzzle3d.co\/sl\/wp-json\/wp\/v2\/media?parent=847"}],"wp:term":[{"taxonomy":"product_brand","embeddable":true,"href":"https:\/\/puzzle3d.co\/sl\/wp-json\/wp\/v2\/product_brand?post=847"},{"taxonomy":"product_cat","embeddable":true,"href":"https:\/\/puzzle3d.co\/sl\/wp-json\/wp\/v2\/product_cat?post=847"},{"taxonomy":"product_tag","embeddable":true,"href":"https:\/\/puzzle3d.co\/sl\/wp-json\/wp\/v2\/product_tag?post=847"},{"taxonomy":"woo-feed-brand","embeddable":true,"href":"https:\/\/puzzle3d.co\/sl\/wp-json\/wp\/v2\/woo-feed-brand?post=847"}],"curies":[{"name":"wp","href":"https:\/\/api.w.org\/{rel}","templated":true}]}}