{"id":843,"date":"2023-01-25T21:31:29","date_gmt":"2023-01-25T21:31:29","guid":{"rendered":"https:\/\/puzzle3d.co\/product\/gramophone-puzzle-3d-copy\/"},"modified":"2025-06-11T19:08:06","modified_gmt":"2025-06-11T19:08:06","slug":"ariete-sestavljanka-2d-sestavljanka-iz-lesa-130-kosov","status":"publish","type":"product","link":"https:\/\/puzzle3d.co\/sl\/prodotto\/ariete-puzzle-2d-jigsaw-in-legno-130-pezzi\/","title":{"rendered":"ARIETE Puzzle 2D Sestavljanka iz lesa, 130 kosov"},"content":{"rendered":"<div>\n<p><strong>ARIETE Puzzle 2D Sestavljanka iz lesa, 130 kosov<\/strong><\/p>\n<\/div>\n<div>\n<div>\n<div>Za sestavljanje te \u010dudovite sestavljanke vam ni treba biti rojen v znamenju Ovna.<\/div>\n<div><\/div>\n<div>Vendar pa si oglejte nekaj zanimivega o njih:<\/div>\n<div>so ambiciozni in energi\u010dni, prilagodljivi spremembam in se imajo za neustra\u0161ne voditelje.<\/div>\n<div><\/div>\n<div>Elon Musk - ustanovitelj in direktor podjetij SpaceX in Tesla;<\/div>\n<div><\/div>\n<div>Albert Einstein - fizik, ki je povzro\u010dil revolucijo v svetu;<\/div>\n<div><\/div>\n<div>Mark Zuckerberg - ustanovitelj in direktor dru\u017ebe Facebook;<\/div>\n<div><\/div>\n<div>Princ Charles - sin kraljice Elizabete II;<\/div>\n<div><\/div>\n<div>Nicolae Ceausescu in \u0161tevilni drugi slavni ljudje se nahajajo v zodiaku Ovna.<\/div>\n<div><\/div>\n<div>Ali ste zdaj prepri\u010dani, da Ovenova sestavljanka \u017ee na prvi pogled razkriva izjemne lastnosti?<\/div>\n<div><\/div>\n<div><strong>PODROBNOSTI O IZDELKU:<\/strong><\/div>\n<div>Dimenzije modela: 282*387*5 mm<\/div>\n<div>Dimenzije embala\u017ee: 255 x 192 x 42 mm<\/div>\n<div>\u0160tevilo kosov: 130<\/div>\n<\/div>\n<div><\/div>\n<\/div>","protected":false},"excerpt":{"rendered":"<p>Za sestavljanje te \u010dudovite sestavljanke ni treba biti rojen v znamenju Ovna. Toda upo\u0161tevajte nekaj zanimivega o njih: so ambiciozni in energi\u010dni, prilagodljivi spremembam in se imajo za neustra\u0161ne voditelje.<\/p>","protected":false},"featured_media":845,"comment_status":"open","ping_status":"closed","template":"","meta":[],"product_brand":[],"product_cat":[80,84,83],"product_tag":[],"woo-feed-brand":[],"class_list":{"0":"post-843","1":"product","2":"type-product","3":"status-publish","4":"has-post-thumbnail","6":"product_cat-puzzle-jigsaw","7":"product_cat-puzzle-jigsaw-in-legno","8":"product_cat-puzzle-jigsaw-bambini","10":"first","11":"instock","12":"shipping-taxable","13":"purchasable","14":"product-type-simple"},"_links":{"self":[{"href":"https:\/\/puzzle3d.co\/sl\/wp-json\/wp\/v2\/product\/843","targetHints":{"allow":["GET"]}}],"collection":[{"href":"https:\/\/puzzle3d.co\/sl\/wp-json\/wp\/v2\/product"}],"about":[{"href":"https:\/\/puzzle3d.co\/sl\/wp-json\/wp\/v2\/types\/product"}],"replies":[{"embeddable":true,"href":"https:\/\/puzzle3d.co\/sl\/wp-json\/wp\/v2\/comments?post=843"}],"wp:featuredmedia":[{"embeddable":true,"href":"https:\/\/puzzle3d.co\/sl\/wp-json\/wp\/v2\/media\/845"}],"wp:attachment":[{"href":"https:\/\/puzzle3d.co\/sl\/wp-json\/wp\/v2\/media?parent=843"}],"wp:term":[{"taxonomy":"product_brand","embeddable":true,"href":"https:\/\/puzzle3d.co\/sl\/wp-json\/wp\/v2\/product_brand?post=843"},{"taxonomy":"product_cat","embeddable":true,"href":"https:\/\/puzzle3d.co\/sl\/wp-json\/wp\/v2\/product_cat?post=843"},{"taxonomy":"product_tag","embeddable":true,"href":"https:\/\/puzzle3d.co\/sl\/wp-json\/wp\/v2\/product_tag?post=843"},{"taxonomy":"woo-feed-brand","embeddable":true,"href":"https:\/\/puzzle3d.co\/sl\/wp-json\/wp\/v2\/woo-feed-brand?post=843"}],"curies":[{"name":"wp","href":"https:\/\/api.w.org\/{rel}","templated":true}]}}