{"id":834,"date":"2023-01-25T15:04:00","date_gmt":"2023-01-25T15:04:00","guid":{"rendered":"https:\/\/puzzle3d.co\/product\/kinetic-globe-puzzle-3d-copy\/"},"modified":"2025-06-11T19:09:09","modified_gmt":"2025-06-11T19:09:09","slug":"gramofon-puzzle-mehanski-3d-lesen","status":"publish","type":"product","link":"https:\/\/puzzle3d.co\/sl\/prodotto\/grammofono-puzzle-meccanico-3d-in-legno\/","title":{"rendered":"Il Grammofono Model za Sestavljanje mehanski 3D iz lesa, 321 kosov"},"content":{"rendered":"<div><strong>Gramofon - 3D mehanska lesena sestavljanka - 321 kosov<\/strong><\/div>\n<div><\/div>\n<div>Thomas Edison, ena najpomembnej\u0161ih osebnosti v zgodovini tehnologije, je leta 1877 izumil gramofon na vo\u0161\u010deni palici. Bil je komercialno uspe\u0161en in je hitro postal priljubljen v Zdru\u017eenih dr\u017eavah Amerike.<\/div>\n<div><\/div>\n<div>Deset let pozneje je ameri\u0161ki in\u017eenir nem\u0161kega rodu Emil Berliner izumil gramofon s plo\u0161\u010dami.<\/div>\n<div><\/div>\n<div>Oba gramofona sta ogromno prispevala k glasbeni in komunikacijski industriji.<\/div>\n<div><\/div>\n<div>Gramofon pred vami vas vsak dan razveseli na poseben na\u010din.<\/div>\n<div><\/div>\n<div>Lepo bo za\u010deti dan s tem gramofonom, ob katerem lahko v spro\u0161\u010denem vzdu\u0161ju u\u017eivate v kavi. Nato boste iz skrivne skrinjice vzeli uro ali dragulj dneva. Zve\u010der boste \u0161katlico spet odprli in vanjo shranili dragulj. Tako bodo va\u0161i vsakodnevni rituali spremenili gramofon v predmet, s katerim boste tesno povezani.<\/div>\n<div><\/div>\n<div>Sestavljanje gramofona bo prijetna in spro\u0161\u010dujo\u010da dejavnost, na koncu pa ne boste prehitro odvrnili pogleda.<\/div>\n<div><\/div>\n<h2><strong>Idealno darilo za \u017eenske in ljubitelje glasbe<\/strong><\/h2>\n<div><\/div>\n<div>To je izvirno darilo za \u017eenske in mo\u0161ke s strastjo do glasbe, kulture in umetnosti. \u0160katla ima dodatno vrednost in jo lahko dopolnite z urami, nakitom ali ljubezenskimi sporo\u010dili.<\/div>\n<div><\/div>\n<div>\u010cudovit okrasni element za katero koli sobo v va\u0161em domu.<\/div>\n<div><\/div>\n<div>Ko ne veste, kak\u0161no darilo izbrati za ljubljeno osebo ali osebo, ki jo spo\u0161tujete, izberite gramofon.<\/div>\n<div><\/div>\n<div><strong>PODROBNOSTI O IZDELKU:<\/strong><\/div>\n<div>Dimenzije modela: 407*274*312 mm<\/div>\n<div>Dimenzije embala\u017ee: 377 x 243 x 45 mm<\/div>\n<div>\u0160tevilo kosov: 321<\/div>","protected":false},"excerpt":{"rendered":"<div>Sestavljanje gramofona bo prijetna in spro\u0161\u010dujo\u010da dejavnost, na koncu pa ne boste prehitro odvrnili pogleda.<\/div>\n<p>&nbsp;<\/p>","protected":false},"featured_media":839,"comment_status":"open","ping_status":"closed","template":"","meta":[],"product_brand":[],"product_cat":[73,74,76,89,90],"product_tag":[],"woo-feed-brand":[],"class_list":{"0":"post-834","1":"product","2":"type-product","3":"status-publish","4":"has-post-thumbnail","6":"product_cat-puzzle-3d","7":"product_cat-puzzle-3d-in-legno","8":"product_cat-puzzle-3d-per-bambini","9":"product_cat-puzzle-meccanici-3d-in-legno","10":"product_cat-puzzle-meccanici-per-bambini","12":"first","13":"instock","14":"shipping-taxable","15":"purchasable","16":"product-type-simple"},"_links":{"self":[{"href":"https:\/\/puzzle3d.co\/sl\/wp-json\/wp\/v2\/product\/834","targetHints":{"allow":["GET"]}}],"collection":[{"href":"https:\/\/puzzle3d.co\/sl\/wp-json\/wp\/v2\/product"}],"about":[{"href":"https:\/\/puzzle3d.co\/sl\/wp-json\/wp\/v2\/types\/product"}],"replies":[{"embeddable":true,"href":"https:\/\/puzzle3d.co\/sl\/wp-json\/wp\/v2\/comments?post=834"}],"wp:featuredmedia":[{"embeddable":true,"href":"https:\/\/puzzle3d.co\/sl\/wp-json\/wp\/v2\/media\/839"}],"wp:attachment":[{"href":"https:\/\/puzzle3d.co\/sl\/wp-json\/wp\/v2\/media?parent=834"}],"wp:term":[{"taxonomy":"product_brand","embeddable":true,"href":"https:\/\/puzzle3d.co\/sl\/wp-json\/wp\/v2\/product_brand?post=834"},{"taxonomy":"product_cat","embeddable":true,"href":"https:\/\/puzzle3d.co\/sl\/wp-json\/wp\/v2\/product_cat?post=834"},{"taxonomy":"product_tag","embeddable":true,"href":"https:\/\/puzzle3d.co\/sl\/wp-json\/wp\/v2\/product_tag?post=834"},{"taxonomy":"woo-feed-brand","embeddable":true,"href":"https:\/\/puzzle3d.co\/sl\/wp-json\/wp\/v2\/woo-feed-brand?post=834"}],"curies":[{"name":"wp","href":"https:\/\/api.w.org\/{rel}","templated":true}]}}