{"id":826,"date":"2023-01-25T14:32:39","date_gmt":"2023-01-25T14:32:39","guid":{"rendered":"https:\/\/puzzle3d.co\/product\/doll-house-puzzle-3d-copy\/"},"modified":"2025-05-11T08:14:48","modified_gmt":"2025-05-11T08:14:48","slug":"kineticni-globus-3d-mehanska-sestavljanka-les","status":"publish","type":"product","link":"https:\/\/puzzle3d.co\/sl\/prodotto\/globo-cinetico-puzzle-meccanico-3d-legno\/","title":{"rendered":"Kineti\u010dni globus - Mehanska lesena sestavljanka, 205 kosov"},"content":{"rendered":"<div>\n<p><strong>Kineti\u010dni globus - Mehanska lesena sestavljanka, 205 kosov<\/strong><\/p>\n<p><span style=\"color: #333333;\">Odkrijte lepoto mehanike s kineti\u010dnim globusom! <\/span><span style=\"color: #333333;\">V 17. stoletju so se kineti\u010dni globusi za\u010deli uporabljati kot izobra\u017eevalno orodje za ponazoritev fizikalnih na\u010del, kot sta vrtenje in obra\u010danje.<\/span><\/p>\n<\/div>\n<div>\n<div>\n<div>Dve stoletji pozneje so jih za\u010deli uporabljati kot okrasne predmete.<\/div>\n<div>Od 20. stoletja dalje so kineti\u010dni globusi postali vse bolj priljubljeni kot predmeti sodobne umetnosti.<\/div>\n<div><\/div>\n<div>Danes se globusi \u0161e naprej razvijajo, saj z uporabo sodobne tehnologije in naprednih materialov ustvarjajo impresivne gibe in vizualne u\u010dinke.<\/div>\n<div><\/div>\n<div>Pametno darilo za vsakogar<\/div>\n<div><\/div>\n<div>Izberite pametno darilo zase ali za prijatelja, ga sestavite in pustite, da se vrti. Spro\u0161\u010dujo\u010de je opazovati gibanje vrtenja in obra\u010danja.<\/div>\n<div><\/div>\n<div>To lahko po\u010dnete, medtem ko razmi\u0161ljate o projektu ali v miru u\u017eivate v kavi. Opazili boste, kako se va\u0161e baterije napolnijo in misli kot da se umirijo na polici.<\/div>\n<div><\/div>\n<div><strong>PODROBNOSTI O IZDELKU:<\/strong><\/div>\n<div>Dimenzije modela: 161*132*251 mm<\/div>\n<div>Dimenzije paketa: 245*188*30 mm<\/div>\n<div>\u0160tevilo kosov: 205<\/div>\n<\/div>\n<div><\/div>\n<\/div>","protected":false},"excerpt":{"rendered":"<p>Odkrijte lepoto mehanike s kineti\u010dnim globusom! Izberite pametno darilo zase ali za prijatelja, ga sestavite in pustite, da se vrti. Spro\u0161\u010dujo\u010de je opazovati gibanje vrtenja in obra\u010danja.<\/p>","protected":false},"featured_media":830,"comment_status":"open","ping_status":"closed","template":"","meta":[],"product_brand":[],"product_cat":[73,74,76,89,90],"product_tag":[],"woo-feed-brand":[],"class_list":{"0":"post-826","1":"product","2":"type-product","3":"status-publish","4":"has-post-thumbnail","6":"product_cat-puzzle-3d","7":"product_cat-puzzle-3d-in-legno","8":"product_cat-puzzle-3d-per-bambini","9":"product_cat-puzzle-meccanici-3d-in-legno","10":"product_cat-puzzle-meccanici-per-bambini","12":"first","13":"instock","14":"shipping-taxable","15":"purchasable","16":"product-type-simple"},"_links":{"self":[{"href":"https:\/\/puzzle3d.co\/sl\/wp-json\/wp\/v2\/product\/826","targetHints":{"allow":["GET"]}}],"collection":[{"href":"https:\/\/puzzle3d.co\/sl\/wp-json\/wp\/v2\/product"}],"about":[{"href":"https:\/\/puzzle3d.co\/sl\/wp-json\/wp\/v2\/types\/product"}],"replies":[{"embeddable":true,"href":"https:\/\/puzzle3d.co\/sl\/wp-json\/wp\/v2\/comments?post=826"}],"wp:featuredmedia":[{"embeddable":true,"href":"https:\/\/puzzle3d.co\/sl\/wp-json\/wp\/v2\/media\/830"}],"wp:attachment":[{"href":"https:\/\/puzzle3d.co\/sl\/wp-json\/wp\/v2\/media?parent=826"}],"wp:term":[{"taxonomy":"product_brand","embeddable":true,"href":"https:\/\/puzzle3d.co\/sl\/wp-json\/wp\/v2\/product_brand?post=826"},{"taxonomy":"product_cat","embeddable":true,"href":"https:\/\/puzzle3d.co\/sl\/wp-json\/wp\/v2\/product_cat?post=826"},{"taxonomy":"product_tag","embeddable":true,"href":"https:\/\/puzzle3d.co\/sl\/wp-json\/wp\/v2\/product_tag?post=826"},{"taxonomy":"woo-feed-brand","embeddable":true,"href":"https:\/\/puzzle3d.co\/sl\/wp-json\/wp\/v2\/woo-feed-brand?post=826"}],"curies":[{"name":"wp","href":"https:\/\/api.w.org\/{rel}","templated":true}]}}