{"id":818,"date":"2023-01-24T16:19:11","date_gmt":"2023-01-24T16:19:11","guid":{"rendered":"https:\/\/puzzle3d.co\/product\/tank-t-34-85-puzzle-3d-mecanic-copy\/"},"modified":"2025-05-12T06:12:44","modified_gmt":"2025-05-12T06:12:44","slug":"3d-lesena-sestavljanka-hisa-za-lutke","status":"publish","type":"product","link":"https:\/\/puzzle3d.co\/sl\/prodotto\/casa-delle-bambole-puzzle-3d-in-legno\/","title":{"rendered":"Lesena hi\u0161ica za lutke, 131 kosov"},"content":{"rendered":"<div>\n<p><strong>Otro\u0161ka hi\u0161ka 3D lesena sestavljanka -131 kosov<\/strong><\/p>\n<p>Gradnja te hi\u0161ice za lutke bo zaradi visokokakovostnih lesenih sestavnih delov u\u017eitek. Vsak del je izrezan z lasersko natan\u010dnostjo in se popolnoma ujema z drugimi. Podrobna navodila vas bodo korak za korakom vodila pri sestavljanju.<\/p>\n<p>Ko je hi\u0161a kon\u010dana, meri 48 x 37 x 54 cm, kar je velik model. V njej boste na\u0161li vse mo\u017enosti za domi\u0161ljijo in ustvarjalnost, da notranjost opremite in zunanjost okrasite po svojem okusu, tako kot v pravi hi\u0161i za lutke!<\/p>\n<\/div>\n<p>Pozornost do podrobnosti je osupljiva: okra\u0161eni balkoni, popolno sobno in kuhinjsko pohi\u0161tvo, majhne pisane zavese, tobogan in drugi dragoceni elementi prispevajo k poustvarjanju izjemno realisti\u010dnega miniaturnega sveta.<\/p>\n<p class=\"whitespace-pre-wrap\">Ta \u010dudovita lesena hi\u0161ica za lutke vas bo o\u010darala - odli\u010dno darilo za mlade in stare!<\/p>\n<p class=\"whitespace-pre-wrap\">Eden od vodilnih svetovnih proizvajalcev lesenih sestavljank z ve\u010d deset zanimivimi kompleti na izbiro. Pozornost do podrobnosti pri njihovih modelih je naravnost neverjetna! Razli\u010dne te\u017eavnosti, od kompletov, primernih za otroke, do izzivov za izku\u0161enej\u0161e modelarje. Podjetje z dolgo zgodovino in strastjo do te umetnosti.<\/p>\n<div>\n<div>\n<div>Pred nekaj stoletji je bila lesena hi\u0161ica za lutke luksuzno blago, rezervirano le za premo\u017ene dru\u017eine.<\/div>\n<div><\/div>\n<div>Danes to ni ve\u010d luksuz, temve\u010d predmet, ki je otrokom v\u0161e\u010d in ki obljublja ure igre stran od zaslonov.<\/div>\n<div><\/div>\n<div>\u010ce \u017eelite, da se va\u0161 otrok zaposli, je ta igralna hi\u0161ica dobrodo\u0161la.<\/div>\n<div><\/div>\n<div>Ima \u0161tevilne prednosti: z njegovim sestavljanjem razvijate pozornost do podrobnosti, motori\u010dne sposobnosti, koordinacijo rok in o\u010di ter orientacijo v prostoru.<\/div>\n<div><\/div>\n<h2>Primerno darilo za dekleta<\/h2>\n<div>Ima \u0161tevilne sobe in pohi\u0161tvo, ki spodbujajo domi\u0161ljijo in igranje vlog: dnevna soba, kuhinja, spalnica, podstre\u0161je, balkon, gara\u017ea, miza, stoli, zofe, spalnica, mehansko dvigalo.<\/div>\n<div><\/div>\n<div>Okrasite jo lahko z barvo na vodni osnovi, dodajte \u010dlane dru\u017eine, ki bodo \u017eiveli v tej hi\u0161i, avto, drevesa in vse drugo, kar vam bo prinesla domi\u0161ljija.<\/div>\n<div><\/div>\n<div>Igralno hi\u0161ico je mogo\u010de zlo\u017eiti za priro\u010den prevoz za igro na prostem ali na obisku pri starih star\u0161ih.<\/div>\n<div>Je privla\u010den okras za dnevno sobo in \u0161e posebej za otro\u0161ko sobo.<\/div>\n<div><\/div>\n<div><strong>PODROBNOSTI O IZDELKU:<\/strong><\/div>\n<div>Dimenzije modela: 486*376*540 mm<\/div>\n<div>Dimenzije embala\u017ee: 375 x 243 x 64 mm<\/div>\n<div>\u0160tevilo kosov: 131<\/div>\n<\/div>\n<\/div>","protected":false},"excerpt":{"rendered":"<div>Lesena hi\u0161ica za lutke razvija pozornost do podrobnosti, motori\u010dne sposobnosti, koordinacijo rok in o\u010di ter orientacijo v prostoru.<\/div>\n<p>&nbsp;<\/p>","protected":false},"featured_media":820,"comment_status":"open","ping_status":"closed","template":"","meta":[],"product_brand":[],"product_cat":[73,74,76,89,90],"product_tag":[],"woo-feed-brand":[],"class_list":{"0":"post-818","1":"product","2":"type-product","3":"status-publish","4":"has-post-thumbnail","6":"product_cat-puzzle-3d","7":"product_cat-puzzle-3d-in-legno","8":"product_cat-puzzle-3d-per-bambini","9":"product_cat-puzzle-meccanici-3d-in-legno","10":"product_cat-puzzle-meccanici-per-bambini","12":"first","13":"instock","14":"shipping-taxable","15":"purchasable","16":"product-type-simple"},"_links":{"self":[{"href":"https:\/\/puzzle3d.co\/sl\/wp-json\/wp\/v2\/product\/818","targetHints":{"allow":["GET"]}}],"collection":[{"href":"https:\/\/puzzle3d.co\/sl\/wp-json\/wp\/v2\/product"}],"about":[{"href":"https:\/\/puzzle3d.co\/sl\/wp-json\/wp\/v2\/types\/product"}],"replies":[{"embeddable":true,"href":"https:\/\/puzzle3d.co\/sl\/wp-json\/wp\/v2\/comments?post=818"}],"wp:featuredmedia":[{"embeddable":true,"href":"https:\/\/puzzle3d.co\/sl\/wp-json\/wp\/v2\/media\/820"}],"wp:attachment":[{"href":"https:\/\/puzzle3d.co\/sl\/wp-json\/wp\/v2\/media?parent=818"}],"wp:term":[{"taxonomy":"product_brand","embeddable":true,"href":"https:\/\/puzzle3d.co\/sl\/wp-json\/wp\/v2\/product_brand?post=818"},{"taxonomy":"product_cat","embeddable":true,"href":"https:\/\/puzzle3d.co\/sl\/wp-json\/wp\/v2\/product_cat?post=818"},{"taxonomy":"product_tag","embeddable":true,"href":"https:\/\/puzzle3d.co\/sl\/wp-json\/wp\/v2\/product_tag?post=818"},{"taxonomy":"woo-feed-brand","embeddable":true,"href":"https:\/\/puzzle3d.co\/sl\/wp-json\/wp\/v2\/woo-feed-brand?post=818"}],"curies":[{"name":"wp","href":"https:\/\/api.w.org\/{rel}","templated":true}]}}