{"id":806,"date":"2023-01-24T13:52:59","date_gmt":"2023-01-24T13:52:59","guid":{"rendered":"https:\/\/puzzle3d.co\/product\/mower-lemn-puzzle-3d-mecanic-copy\/"},"modified":"2025-06-11T19:09:39","modified_gmt":"2025-06-11T19:09:39","slug":"mehanski-model-rezervoarja-za-les","status":"publish","type":"product","link":"https:\/\/puzzle3d.co\/sl\/prodotto\/carro-armato-modello-meccanico-legno\/","title":{"rendered":"Tank T-34-85 mehanski leseni model , 965 kosov"},"content":{"rendered":"<div>\n<h2><strong>Tank, mehanski leseni model tanka T-34-85 - 965 kosov<\/strong><\/h2>\n<\/div>\n<div>\n<div>\n<div>Ali ste vedeli, da so imeli prvi tanki, ki so se pojavili med prvo svetovno vojno, tehni\u010dne te\u017eave, kot so pregrevanje motorjev in te\u017eave z manevriranjem.<\/div>\n<div>S skoraj 965 deli, ki so vsi iz lesa in brez kapljice lepila, lahko sami sestavite mobilni tank. Ima vrtljivo ve\u017eico, premi\u010dne lopute in vrtljiva kolesa.<\/div>\n<div>Rezervoar T 34-85 prihaja na preizkus va\u0161e potrpe\u017eljivosti in pozornosti. To je intelektualni izziv, ki je dober le za mo\u017egane.<\/div>\n<div>\u010ce ste navdu\u0161eni nad mehaniko in in\u017eenirstvom ali voja\u0161ko zgodovino, je ta model za vas.<\/div>\n<h3>Darilo za ljubitelje zgodovine<\/h3>\n<div><strong>PODROBNOSTI O IZDELKU:<\/strong><\/div>\n<div>Dimenzije modela: 330*128*95 mm<\/div>\n<div>Dimenzije paketa: 245*188*50 mm<\/div>\n<div>\u0160tevilo kosov: 965<\/div>\n<\/div>\n<div><\/div>\n<\/div>\n<p><script type=\"application\/ld+json\" data-app=\"seomaster\">{\n    \"@context\": \"https:\\\/\\\/schema.org\\\/\",\n    \"@type\": \"Product\",\n    \"@id\": \"https:\\\/\\\/puzzle3d.co\\\/prodotto\\\/carro-armato-modello-meccanico-legno\\\/\",\n    \"url\": \"https:\\\/\\\/puzzle3d.co\\\/prodotto\\\/carro-armato-modello-meccanico-legno\\\/\",\n    \"name\": \"Carro Armato T-34-85 modello meccanico in legno del , 965 pezzi\",\n    \"image\": \"https:\\\/\\\/puzzle3d.co\\\/wp-content\\\/uploads\\\/2023\\\/01\\\/tank3.webp\",\n    \"description\": \"Modello Carro Armato Meccanico T-34-85 in legno - 965 pezzi\",\n    \"brand\": {\n        \"@type\": \"Brand\",\n        \"name\": \"Puzzle 3D\"\n    },\n    \"aggregateRating\": {\n        \"@type\": \"aggregateRating\",\n        \"bestRating\": \"5\",\n        \"worstRating\": \"1\",\n        \"ratingCount\": \"140\",\n        \"ratingValue\": \"4.8\"\n    }\n}<\/script><\/p>","protected":false},"excerpt":{"rendered":"<p>\u010ce ste navdu\u0161eni nad mehaniko, in\u017eenirstvom ali voja\u0161ko zgodovino, je mehanski tank T-34-85 3D sestavljanka za vas. S skoraj 300 kosi, ki so vsi iz lesa in brez kapljice lepila, lahko sami sestavite premi\u010dni tank.<\/p>","protected":false},"featured_media":810,"comment_status":"open","ping_status":"closed","template":"","meta":[],"product_brand":[],"product_cat":[73,88,74,89,90,91],"product_tag":[],"woo-feed-brand":[],"class_list":{"0":"post-806","1":"product","2":"type-product","3":"status-publish","4":"has-post-thumbnail","6":"product_cat-puzzle-3d","7":"product_cat-puzzle-3d-adulti","8":"product_cat-puzzle-3d-in-legno","9":"product_cat-puzzle-meccanici-3d-in-legno","10":"product_cat-puzzle-meccanici-per-bambini","11":"product_cat-puzzle-meccanici-per-adulti","13":"first","14":"instock","15":"shipping-taxable","16":"purchasable","17":"product-type-simple"},"_links":{"self":[{"href":"https:\/\/puzzle3d.co\/sl\/wp-json\/wp\/v2\/product\/806","targetHints":{"allow":["GET"]}}],"collection":[{"href":"https:\/\/puzzle3d.co\/sl\/wp-json\/wp\/v2\/product"}],"about":[{"href":"https:\/\/puzzle3d.co\/sl\/wp-json\/wp\/v2\/types\/product"}],"replies":[{"embeddable":true,"href":"https:\/\/puzzle3d.co\/sl\/wp-json\/wp\/v2\/comments?post=806"}],"wp:featuredmedia":[{"embeddable":true,"href":"https:\/\/puzzle3d.co\/sl\/wp-json\/wp\/v2\/media\/810"}],"wp:attachment":[{"href":"https:\/\/puzzle3d.co\/sl\/wp-json\/wp\/v2\/media?parent=806"}],"wp:term":[{"taxonomy":"product_brand","embeddable":true,"href":"https:\/\/puzzle3d.co\/sl\/wp-json\/wp\/v2\/product_brand?post=806"},{"taxonomy":"product_cat","embeddable":true,"href":"https:\/\/puzzle3d.co\/sl\/wp-json\/wp\/v2\/product_cat?post=806"},{"taxonomy":"product_tag","embeddable":true,"href":"https:\/\/puzzle3d.co\/sl\/wp-json\/wp\/v2\/product_tag?post=806"},{"taxonomy":"woo-feed-brand","embeddable":true,"href":"https:\/\/puzzle3d.co\/sl\/wp-json\/wp\/v2\/woo-feed-brand?post=806"}],"curies":[{"name":"wp","href":"https:\/\/api.w.org\/{rel}","templated":true}]}}