{"id":796,"date":"2023-01-24T12:45:30","date_gmt":"2023-01-24T12:45:30","guid":{"rendered":"https:\/\/puzzle3d.co\/product\/glob-lemn-puzzle-3d-mecanic-copy\/"},"modified":"2025-06-19T03:30:45","modified_gmt":"2025-06-19T03:30:45","slug":"kombajn-kmetijski-3d-mehanski-leseni-puzzle","status":"publish","type":"product","link":"https:\/\/puzzle3d.co\/sl\/prodotto\/combina-agricola-puzzle-3d-meccanico-in-legno\/","title":{"rendered":"Combina Agricola - mehanska lesena sestavljanka, 963 kosov"},"content":{"rendered":"<div>\n<p><strong>Kmetijski kombajn - Mehanski leseni model - 963 kosov<\/strong><\/p>\n<\/div>\n<div>\n<div>\n<div>Lesena sestavljanka kombajna je podobna pravemu kombajnu. Njegov namen je, da deluje kot njegov resni\u010dni primerek.<\/div>\n<div>Model ima motor z gumijastim trakom in odstranljivo rezalno napravo, ki se dviguje in spu\u0161\u010da. Ob\u010dudovanja vreden je tako v mirovanju kot v gibanju.<\/div>\n<h2>Darilo, ki ga cenijo mo\u0161ki<\/h2>\n<div>Sestavljanje je u\u017eitek, a tudi izziv. Sledite navodilom, saj ni tako zapleteno, kot se vam zdi.<\/div>\n<div>Med gradnjo boste imeli zagotovljen odmerek adrenalina, osredoto\u010denost na podrobnosti, a tudi prijetno stanje sprostitve.<\/div>\n<div><\/div>\n<div>Te\u017eavnostna stopnja je 5 od 5.<\/div>\n<div><\/div>\n<div><strong>Primerna starost &gt; 14 let<\/strong><\/div>\n<div><\/div>\n<div><strong>PODROBNOSTI O IZDELKU:<\/strong><\/div>\n<div>Dimenzije modela: 315*261*145 mm<\/div>\n<div>Dimenzije paketa: 375 x 183 x 32 mm<\/div>\n<div>\u0160tevilo kosov: 963<\/div>\n<\/div>\n<div><\/div>\n<\/div>","protected":false},"excerpt":{"rendered":"<p>Lesena sestavljanka kombajna je podobna pravemu kombajnu. Njegov namen je, da deluje kot njegov resni\u010dni primerek. Model ima motor z gumijastim trakom in odstranljivo rezalno napravo, ki se premika navzgor in navzdol.<\/p>","protected":false},"featured_media":798,"comment_status":"open","ping_status":"closed","template":"","meta":{"slim_seo":{"title":"Combina Agricola - mehanska lesena sestavljanka, 963 kosov","description":"Lesena sestavljanka Kombajn\/Kmetijski kombajn je podobna pravemu kombajnu. Njegov namen je, da deluje tako kot v resni\u010dnem \u017eivljenju."}},"product_brand":[],"product_cat":[108,89,91,90,73,88,74],"product_tag":[],"woo-feed-brand":[],"class_list":{"0":"post-796","1":"product","2":"type-product","3":"status-publish","4":"has-post-thumbnail","6":"product_cat-modellismo-da-costruire-per-adulti","7":"product_cat-puzzle-meccanici-3d-in-legno","8":"product_cat-puzzle-meccanici-per-adulti","9":"product_cat-puzzle-meccanici-per-bambini","10":"product_cat-puzzle-3d","11":"product_cat-puzzle-3d-adulti","12":"product_cat-puzzle-3d-in-legno","14":"first","15":"instock","16":"shipping-taxable","17":"purchasable","18":"product-type-simple"},"_links":{"self":[{"href":"https:\/\/puzzle3d.co\/sl\/wp-json\/wp\/v2\/product\/796","targetHints":{"allow":["GET"]}}],"collection":[{"href":"https:\/\/puzzle3d.co\/sl\/wp-json\/wp\/v2\/product"}],"about":[{"href":"https:\/\/puzzle3d.co\/sl\/wp-json\/wp\/v2\/types\/product"}],"replies":[{"embeddable":true,"href":"https:\/\/puzzle3d.co\/sl\/wp-json\/wp\/v2\/comments?post=796"}],"wp:featuredmedia":[{"embeddable":true,"href":"https:\/\/puzzle3d.co\/sl\/wp-json\/wp\/v2\/media\/798"}],"wp:attachment":[{"href":"https:\/\/puzzle3d.co\/sl\/wp-json\/wp\/v2\/media?parent=796"}],"wp:term":[{"taxonomy":"product_brand","embeddable":true,"href":"https:\/\/puzzle3d.co\/sl\/wp-json\/wp\/v2\/product_brand?post=796"},{"taxonomy":"product_cat","embeddable":true,"href":"https:\/\/puzzle3d.co\/sl\/wp-json\/wp\/v2\/product_cat?post=796"},{"taxonomy":"product_tag","embeddable":true,"href":"https:\/\/puzzle3d.co\/sl\/wp-json\/wp\/v2\/product_tag?post=796"},{"taxonomy":"woo-feed-brand","embeddable":true,"href":"https:\/\/puzzle3d.co\/sl\/wp-json\/wp\/v2\/woo-feed-brand?post=796"}],"curies":[{"name":"wp","href":"https:\/\/api.w.org\/{rel}","templated":true}]}}