{"id":787,"date":"2023-01-24T12:02:30","date_gmt":"2023-01-24T12:02:30","guid":{"rendered":"https:\/\/puzzle3d.co\/product\/belaz75600-puzzle-3d-mecanic-copy\/"},"modified":"2025-05-11T08:14:31","modified_gmt":"2025-05-11T08:14:31","slug":"3d-mehanska-lesena-sestavljanka-globus-393-kosov","status":"publish","type":"product","link":"https:\/\/puzzle3d.co\/sl\/prodotto\/globo-puzzle-3d-meccanico-legno-393-pezzi\/","title":{"rendered":"GLOBO 3D mehanska lesena sestavljanka, 393 kosov"},"content":{"rendered":"<div>\n<p><strong>GLOBO 3D mehanska lesena sestavljanka - 393 kosov<\/strong><\/p>\n<\/div>\n<div>\n<div>\n<div>Leseni globus je dekorativni in izobra\u017eevalni element, ki bo vzbudil zanimanje za spoznavanje sveta.<\/div>\n<div>Ne glede na to, ali ste odrasli ali otrok, je nemogo\u010de, da vas globus ne bi o\u010daral, \u0161e posebej, \u010de ga sestavite z lastnimi rokami.<\/div>\n<div>To je popoln izziv za mo\u017egane, hkrati pa tudi prilo\u017enost za meditacijo in razmislek.<\/div>\n<div>Skrivnostna \u0161katla je tako uporabna kot intrigantna. Ura, prstan, klju\u010d, bonbon: kdo lahko ugiba, kaj se skriva v njej?<\/div>\n<h2>Pametno darilo za vsakogar<\/h2>\n<div>Sestavite ga z bli\u017enjim prijateljem, medtem ko se pogovarjate o ne\u010dem duhovnem, ali z otrokom, ki mu pove, da je \u017eivljenje v njegovih rokah. Spodbujajte ga, da bo s pravilnimi odlo\u010ditvami lahko objel vso zemljo.<\/div>\n<div><\/div>\n<div><strong>PODROBNOSTI O IZDELKU:<\/strong><\/div>\n<div>Dimenzije modela: 505*320*320 mm<\/div>\n<div>Dimenzije paketa: 374 x 242 x 64 mm<\/div>\n<div>\u0160tevilo kosov: 393<\/div>\n<\/div>\n<\/div>","protected":false},"excerpt":{"rendered":"<p>Leseni globus je dekorativni in izobra\u017eevalni element, ki bo vzbudil zanimanje za spoznavanje sveta.<\/p>","protected":false},"featured_media":789,"comment_status":"open","ping_status":"closed","template":"","meta":[],"product_brand":[],"product_cat":[73,88,74,76,89,90,91],"product_tag":[],"woo-feed-brand":[],"class_list":{"0":"post-787","1":"product","2":"type-product","3":"status-publish","4":"has-post-thumbnail","6":"product_cat-puzzle-3d","7":"product_cat-puzzle-3d-adulti","8":"product_cat-puzzle-3d-in-legno","9":"product_cat-puzzle-3d-per-bambini","10":"product_cat-puzzle-meccanici-3d-in-legno","11":"product_cat-puzzle-meccanici-per-bambini","12":"product_cat-puzzle-meccanici-per-adulti","14":"first","15":"instock","16":"shipping-taxable","17":"purchasable","18":"product-type-simple"},"_links":{"self":[{"href":"https:\/\/puzzle3d.co\/sl\/wp-json\/wp\/v2\/product\/787","targetHints":{"allow":["GET"]}}],"collection":[{"href":"https:\/\/puzzle3d.co\/sl\/wp-json\/wp\/v2\/product"}],"about":[{"href":"https:\/\/puzzle3d.co\/sl\/wp-json\/wp\/v2\/types\/product"}],"replies":[{"embeddable":true,"href":"https:\/\/puzzle3d.co\/sl\/wp-json\/wp\/v2\/comments?post=787"}],"wp:featuredmedia":[{"embeddable":true,"href":"https:\/\/puzzle3d.co\/sl\/wp-json\/wp\/v2\/media\/789"}],"wp:attachment":[{"href":"https:\/\/puzzle3d.co\/sl\/wp-json\/wp\/v2\/media?parent=787"}],"wp:term":[{"taxonomy":"product_brand","embeddable":true,"href":"https:\/\/puzzle3d.co\/sl\/wp-json\/wp\/v2\/product_brand?post=787"},{"taxonomy":"product_cat","embeddable":true,"href":"https:\/\/puzzle3d.co\/sl\/wp-json\/wp\/v2\/product_cat?post=787"},{"taxonomy":"product_tag","embeddable":true,"href":"https:\/\/puzzle3d.co\/sl\/wp-json\/wp\/v2\/product_tag?post=787"},{"taxonomy":"woo-feed-brand","embeddable":true,"href":"https:\/\/puzzle3d.co\/sl\/wp-json\/wp\/v2\/woo-feed-brand?post=787"}],"curies":[{"name":"wp","href":"https:\/\/api.w.org\/{rel}","templated":true}]}}