{"id":775,"date":"2023-01-23T22:33:39","date_gmt":"2023-01-23T22:33:39","guid":{"rendered":"https:\/\/puzzle3d.co\/product\/belaz-puzzle-3d-mecanic-copy\/"},"modified":"2025-06-11T19:11:18","modified_gmt":"2025-06-11T19:11:18","slug":"velikanski-tovornjak-belaz-3d-mehanska-sestavljanka","status":"publish","type":"product","link":"https:\/\/puzzle3d.co\/sl\/prodotto\/camion-gigantesco-belaz-puzzle-meccanico-3d\/","title":{"rendered":"Velikanski tovornjak BELAZ 75600. Mehanski leseni model, 307 kosov"},"content":{"rendered":"<div>\n<div>\n<div><strong>BELAZ Giant Truck 75600 - 3D mehanska lesena sestavljanka - 307 kosov<\/strong><\/div>\n<div><\/div>\n<div>Eden od izjemnih modelov iz serije Belaz vas bo navdu\u0161il s svojo konstrukcijo.<\/div>\n<div>Tovornjak za prevoz te\u017ekih tovorov ima motor, ki ga poganja gumijasti trak. Z enim<\/div>\n<div>se lahko premakne za ve\u010d metrov (odvisno od vozne povr\u0161ine).<\/div>\n<div><\/div>\n<div>Podrobna zasnova vklju\u010duje vse elemente resni\u010dnega modela. Vrata in pokrov motorja se odprejo, prikolica pa se dvigne.<\/div>\n<h2>Darilo za navdu\u0161ence nad tovornjaki in gradbeni\u0161tvom<\/h2>\n<div>To je model, primeren za ambiciozno osebo ali ljubitelja sestavljank, ki \u017ee ima nekaj izku\u0161enj z mehanskimi sestavljankami.<\/div>\n<div>Z malo potrpe\u017eljivosti in vztrajnosti sestavite tovornjak, ki bo pritegnil pozornost in ob\u010dudovanje obiskovalcev.<\/div>\n<div><\/div>\n<\/div>\n<div style=\"width: 1020px;\" class=\"wp-video\"><video class=\"wp-video-shortcode\" id=\"video-775-1\" width=\"1020\" height=\"574\" preload=\"metadata\" controls=\"controls\"><source type=\"video\/mp4\" src=\"https:\/\/puzzle3d.co\/wp-content\/uploads\/2023\/01\/BELAZ-75600-IG.mp4?_=1\" \/><a href=\"https:\/\/puzzle3d.co\/wp-content\/uploads\/2023\/01\/BELAZ-75600-IG.mp4\">https:\/\/puzzle3d.co\/wp-content\/uploads\/2023\/01\/BELAZ-75600-IG.mp4<\/a><\/video><\/div>\n<div>\n<p><strong><span style=\"color: #333333;\">PODROBNOSTI O IZDELKU:<br \/>\n<\/span><\/strong><span style=\"color: #333333;\">Dimenzije modela: 310*200*155 mm<br \/>\n<\/span><span style=\"color: #333333;\">Dimenzije paketa: 374*243*40 mm<br \/>\n<\/span><span style=\"color: #333333;\">\u0160tevilo kosov: 307<\/span><\/p>\n<\/div>\n<\/div>\n<div>\n<div><\/div>\n<\/div>","protected":false},"excerpt":{"rendered":"<div>Te\u017eki tovornjak ima motor, ki ga poganja gumijasti trak. Podrobna zasnova vklju\u010duje vse elemente resni\u010dnega tovornjaka. Vrata in pokrov motorja se odprejo, prikolica pa se dvigne<\/div>\n<p>&nbsp;<\/p>","protected":false},"featured_media":785,"comment_status":"open","ping_status":"closed","template":"","meta":[],"product_brand":[],"product_cat":[73,88,76,89,90,91],"product_tag":[],"woo-feed-brand":[],"class_list":{"0":"post-775","1":"product","2":"type-product","3":"status-publish","4":"has-post-thumbnail","6":"product_cat-puzzle-3d","7":"product_cat-puzzle-3d-adulti","8":"product_cat-puzzle-3d-per-bambini","9":"product_cat-puzzle-meccanici-3d-in-legno","10":"product_cat-puzzle-meccanici-per-bambini","11":"product_cat-puzzle-meccanici-per-adulti","13":"first","14":"instock","15":"shipping-taxable","16":"purchasable","17":"product-type-simple"},"_links":{"self":[{"href":"https:\/\/puzzle3d.co\/sl\/wp-json\/wp\/v2\/product\/775","targetHints":{"allow":["GET"]}}],"collection":[{"href":"https:\/\/puzzle3d.co\/sl\/wp-json\/wp\/v2\/product"}],"about":[{"href":"https:\/\/puzzle3d.co\/sl\/wp-json\/wp\/v2\/types\/product"}],"replies":[{"embeddable":true,"href":"https:\/\/puzzle3d.co\/sl\/wp-json\/wp\/v2\/comments?post=775"}],"wp:featuredmedia":[{"embeddable":true,"href":"https:\/\/puzzle3d.co\/sl\/wp-json\/wp\/v2\/media\/785"}],"wp:attachment":[{"href":"https:\/\/puzzle3d.co\/sl\/wp-json\/wp\/v2\/media?parent=775"}],"wp:term":[{"taxonomy":"product_brand","embeddable":true,"href":"https:\/\/puzzle3d.co\/sl\/wp-json\/wp\/v2\/product_brand?post=775"},{"taxonomy":"product_cat","embeddable":true,"href":"https:\/\/puzzle3d.co\/sl\/wp-json\/wp\/v2\/product_cat?post=775"},{"taxonomy":"product_tag","embeddable":true,"href":"https:\/\/puzzle3d.co\/sl\/wp-json\/wp\/v2\/product_tag?post=775"},{"taxonomy":"woo-feed-brand","embeddable":true,"href":"https:\/\/puzzle3d.co\/sl\/wp-json\/wp\/v2\/woo-feed-brand?post=775"}],"curies":[{"name":"wp","href":"https:\/\/api.w.org\/{rel}","templated":true}]}}