{"id":766,"date":"2023-01-23T21:53:35","date_gmt":"2023-01-23T21:53:35","guid":{"rendered":"https:\/\/puzzle3d.co\/product\/belaz-puzzle-3d-mecanic-copy\/"},"modified":"2025-06-11T19:11:26","modified_gmt":"2025-06-11T19:11:26","slug":"3d-leseni-mehanski-snezni-tovornjak-sestavljanka","status":"publish","type":"product","link":"https:\/\/puzzle3d.co\/sl\/prodotto\/camion-della-neve-puzzle-meccanico-3d-in-legno\/","title":{"rendered":"Camion della neve &#8211; lesena mehanska sestavljanka iz lesa, 460 kosov"},"content":{"rendered":"<div>\n<p><strong>Sne\u017eni tovornjak - mehanska lesena sestavljanka - 460 kosov<\/strong><\/p>\n<div>Te\u017eko je re\u010di, kaj vam bo pri tovornjaku s sne\u017enim plugom najbolj v\u0161e\u010d: \u010de ga boste sestavili, \u010de ga boste za\u010deli uporabljati ali \u010de boste preprosto ob\u010dudovali, kako fantasti\u010den je.<\/div>\n<\/div>\n<div>\n<div>\n<div>Ta tovornjak ima 417 lesenih delov sestavljanke in vabi vso dru\u017eino, da ga sestavi skupaj.<\/div>\n<div><\/div>\n<div>Zagonski mehanizem je posledica motorja na gumici, vrata se odpirajo in zapirajo, notranjost je videti dobro, zadnja stopnica pa se dvigne. Sprednje in stranske stopnice je mogo\u010de dvigniti ali celo odstraniti.<\/div>\n<div><\/div>\n<div>To je predmet, ki izbolj\u0161a notranjo dekoracijo v bo\u017ei\u010dnem \u010dasu in skozi vse leto.<\/div>\n<div>Pustite domi\u0161ljiji, da vam narekuje, kaj boste z njim po\u010deli ali kako se bo prilegal otro\u0161ki igri.<\/div>\n<div><\/div>\n<div><strong>PODROBNOSTI O IZDELKU:<\/strong><\/div>\n<div>Dimenzije modela: 400*148*141 mm<\/div>\n<div>Dimenzije paketa: 374*242*20 mm<\/div>\n<div>\u0160tevilo kosov: 460<\/div>\n<\/div>\n<div><\/div>\n<\/div>","protected":false},"excerpt":{"rendered":"<div>Ta tovornjak ima 417 lesenih delov sestavljanke in vabi vso dru\u017eino, da ga sestavi skupaj.<\/div>\n<div><\/div>\n<div>Zagonski mehanizem je posledica motorja na gumici, vrata se odpirajo in zapirajo, notranjost je videti dobro, zadnja stopnica pa se dvigne. Sprednje in stranske stopnice je mogo\u010de dvigniti ali celo odstraniti.<\/div>","protected":false},"featured_media":771,"comment_status":"open","ping_status":"closed","template":"","meta":[],"product_brand":[],"product_cat":[108,73,88,74,76,89,90,91],"product_tag":[],"woo-feed-brand":[],"class_list":{"0":"post-766","1":"product","2":"type-product","3":"status-publish","4":"has-post-thumbnail","6":"product_cat-modellismo-da-costruire-per-adulti","7":"product_cat-puzzle-3d","8":"product_cat-puzzle-3d-adulti","9":"product_cat-puzzle-3d-in-legno","10":"product_cat-puzzle-3d-per-bambini","11":"product_cat-puzzle-meccanici-3d-in-legno","12":"product_cat-puzzle-meccanici-per-bambini","13":"product_cat-puzzle-meccanici-per-adulti","15":"first","16":"instock","17":"shipping-taxable","18":"purchasable","19":"product-type-simple"},"_links":{"self":[{"href":"https:\/\/puzzle3d.co\/sl\/wp-json\/wp\/v2\/product\/766","targetHints":{"allow":["GET"]}}],"collection":[{"href":"https:\/\/puzzle3d.co\/sl\/wp-json\/wp\/v2\/product"}],"about":[{"href":"https:\/\/puzzle3d.co\/sl\/wp-json\/wp\/v2\/types\/product"}],"replies":[{"embeddable":true,"href":"https:\/\/puzzle3d.co\/sl\/wp-json\/wp\/v2\/comments?post=766"}],"wp:featuredmedia":[{"embeddable":true,"href":"https:\/\/puzzle3d.co\/sl\/wp-json\/wp\/v2\/media\/771"}],"wp:attachment":[{"href":"https:\/\/puzzle3d.co\/sl\/wp-json\/wp\/v2\/media?parent=766"}],"wp:term":[{"taxonomy":"product_brand","embeddable":true,"href":"https:\/\/puzzle3d.co\/sl\/wp-json\/wp\/v2\/product_brand?post=766"},{"taxonomy":"product_cat","embeddable":true,"href":"https:\/\/puzzle3d.co\/sl\/wp-json\/wp\/v2\/product_cat?post=766"},{"taxonomy":"product_tag","embeddable":true,"href":"https:\/\/puzzle3d.co\/sl\/wp-json\/wp\/v2\/product_tag?post=766"},{"taxonomy":"woo-feed-brand","embeddable":true,"href":"https:\/\/puzzle3d.co\/sl\/wp-json\/wp\/v2\/woo-feed-brand?post=766"}],"curies":[{"name":"wp","href":"https:\/\/api.w.org\/{rel}","templated":true}]}}