{"id":755,"date":"2023-01-23T21:00:33","date_gmt":"2023-01-23T21:00:33","guid":{"rendered":"https:\/\/puzzle3d.co\/product\/spider-puzzle-3d-mecanic-copy\/"},"modified":"2025-06-19T18:24:56","modified_gmt":"2025-06-19T18:24:56","slug":"3d-mehanska-lesena-sestavljanka-tovornjak","status":"publish","type":"product","link":"https:\/\/puzzle3d.co\/sl\/prodotto\/camion-puzzle-3d-meccanico-legno\/","title":{"rendered":"BELAZ tovornjak 75710 3D mehanska lesena sestavljanka, 453 kosov"},"content":{"rendered":"<div>\n<p><strong>Najve\u010dji tovornjak na svetu Belaz 75710 - 3D mehanski model<\/strong><\/p>\n<div>Pred vami je najve\u010dji tovornjak na svetu! Zdaj lahko iz sestavljanke sestavite svoj lastni Belaz. Va\u0161 odmerek adrenalina in dopamina je zagotovljen.<\/div>\n<\/div>\n<div>\n<div>\n<div><\/div>\n<div><em>Kaj pravzaprav pomeni Belazova mehani\u010dna uganka?<\/em><\/div>\n<div><\/div>\n<div>To pomeni, da lahko sprejmete izziv sestavljanja najve\u010djega smetarskega tovornjaka, ki je bil kdaj koli narejen.<\/div>\n<div>Va\u0161a potrpe\u017eljivost in zbranost bosta nagrajeni z zadovoljstvom, ki ga boste ob\u010dutili, ko boste zagnali mehanizem. Tovornjak se premika s pomo\u010djo teko\u010dega traku, vrata in pokrov motorja se odprejo, prikolica pa se dvigne.<\/div>\n<div><\/div>\n<div>To je model, ki bo navdu\u0161il tako otroke kot odrasle. Z malo domi\u0161ljije ga lahko celo prilagodite, tako da ga pobarvate.<\/div>\n<div>Belaz bo otrokom najljub\u0161i tovornjak, ki ga lahko vklju\u010dijo v razli\u010dne igre, odvisno le od domi\u0161ljije.<\/div>\n<h2>Darilo za navdu\u0161ence nad tovornjaki in gradbeni\u0161tvom<\/h2>\n<div>Odrasli ga lahko uporabite kot okrasni predmet doma ali v pisarni.<\/div>\n<div>Ta velikan je dejansko velik pribli\u017eno toliko kot trinadstropna stanovanjska hi\u0161a. Opremljen je z osmimi kolesi, premer vsake pnevmatike pa je pribli\u017eno 4 metre.<\/div>\n<div>V mestu ga ne boste sre\u010dali. Ko ga je treba odpeljati na kraj, kjer bo delal, ga razstavijo in prepeljejo v 25 vagonih.<\/div>\n<div>V njegovo prikolico lahko spravite natanko 400 avtomobilov Dacia Logan ali najve\u010dje potni\u0161ko letalo na svetu: Airbus A380.<\/div>\n<div><\/div>\n<div><strong>PODROBNOSTI O IZDELKU:<\/strong><\/div>\n<div>Dimenzije modela: 435*210*175 mm<\/div>\n<div>Dimenzije embala\u017ee: 375 x 243 x 62 mm<\/div>\n<div>\u0160tevilo kosov: 453<\/div>\n<\/div>\n<div><\/div>\n<\/div>","protected":false},"excerpt":{"rendered":"<p>Pred vami je najve\u010dji tovornjak na svetu! Zdaj lahko iz sestavljanke sestavite svoj lastni Belaz. Tovornjak se premika s pomo\u010djo teko\u010dega traku, vrata in pokrov motorja se odpirajo, prikolica pa se dviguje.<\/p>","protected":false},"featured_media":759,"comment_status":"open","ping_status":"closed","template":"","meta":{"slim_seo":{"title":"\ud83d\ude9a BELAZ tovornjak 3D mehanska lesena sestavljanka, 453 kosov","description":"Najve\u010dji tovornjak na svetu - Pred vami je najve\u010dji tovornjak na svetu! Zdaj lahko iz sestavljanke sestavite svoj lastni Belaz."}},"product_brand":[],"product_cat":[89,91,90,73,88,74,76],"product_tag":[],"woo-feed-brand":[],"class_list":{"0":"post-755","1":"product","2":"type-product","3":"status-publish","4":"has-post-thumbnail","6":"product_cat-puzzle-meccanici-3d-in-legno","7":"product_cat-puzzle-meccanici-per-adulti","8":"product_cat-puzzle-meccanici-per-bambini","9":"product_cat-puzzle-3d","10":"product_cat-puzzle-3d-adulti","11":"product_cat-puzzle-3d-in-legno","12":"product_cat-puzzle-3d-per-bambini","14":"first","15":"instock","16":"shipping-taxable","17":"purchasable","18":"product-type-simple"},"_links":{"self":[{"href":"https:\/\/puzzle3d.co\/sl\/wp-json\/wp\/v2\/product\/755","targetHints":{"allow":["GET"]}}],"collection":[{"href":"https:\/\/puzzle3d.co\/sl\/wp-json\/wp\/v2\/product"}],"about":[{"href":"https:\/\/puzzle3d.co\/sl\/wp-json\/wp\/v2\/types\/product"}],"replies":[{"embeddable":true,"href":"https:\/\/puzzle3d.co\/sl\/wp-json\/wp\/v2\/comments?post=755"}],"wp:featuredmedia":[{"embeddable":true,"href":"https:\/\/puzzle3d.co\/sl\/wp-json\/wp\/v2\/media\/759"}],"wp:attachment":[{"href":"https:\/\/puzzle3d.co\/sl\/wp-json\/wp\/v2\/media?parent=755"}],"wp:term":[{"taxonomy":"product_brand","embeddable":true,"href":"https:\/\/puzzle3d.co\/sl\/wp-json\/wp\/v2\/product_brand?post=755"},{"taxonomy":"product_cat","embeddable":true,"href":"https:\/\/puzzle3d.co\/sl\/wp-json\/wp\/v2\/product_cat?post=755"},{"taxonomy":"product_tag","embeddable":true,"href":"https:\/\/puzzle3d.co\/sl\/wp-json\/wp\/v2\/product_tag?post=755"},{"taxonomy":"woo-feed-brand","embeddable":true,"href":"https:\/\/puzzle3d.co\/sl\/wp-json\/wp\/v2\/woo-feed-brand?post=755"}],"curies":[{"name":"wp","href":"https:\/\/api.w.org\/{rel}","templated":true}]}}