{"id":743,"date":"2023-01-23T19:29:00","date_gmt":"2023-01-23T19:29:00","guid":{"rendered":"https:\/\/puzzle3d.co\/product\/puppy-puzzle-3d-mecanic-copy\/"},"modified":"2025-06-11T18:59:50","modified_gmt":"2025-06-11T18:59:50","slug":"pajek-pajek-3d-mehanska-lesena-sestavljanka","status":"publish","type":"product","link":"https:\/\/puzzle3d.co\/sl\/prodotto\/ragno-spider-puzzle-3d-meccanico-legno\/","title":{"rendered":"Pajek 'SPIDER' - Mehanska lesena sestavljanka, 293 kosov"},"content":{"rendered":"<div>\n<div>\n<div><strong>Pajek 'SPIDER' - 3D mehanska lesena sestavljanka - 293 kosov<\/strong><\/div>\n<div><\/div>\n<div>Sestavljanje tega ljubkega pajka pomeni, da ste pogumni in vztrajni.<\/div>\n<div><\/div>\n<div>Zaradi gumijastega motorja se pajek premika tako graciozno kot pravi.<\/div>\n<div><\/div>\n<div>Z njimi lahko popestrite zabavo, praznovanje no\u010di \u010darovnic ali navdu\u0161ite nekoga, ki ima rad pajke.<\/div>\n<div>Vznemirljivo je sestavljati ga, opazovati njegovo gibanje ali ga preprosto zbirati.<\/div>\n<div>Naj bo na o\u010deh, saj ga bodo vsi \u017eeleli podrobno ob\u010dudovati in vklopiti.<\/div>\n<\/div>\n<div style=\"width: 1020px;\" class=\"wp-video\"><video class=\"wp-video-shortcode\" id=\"video-743-1\" width=\"1020\" height=\"574\" preload=\"metadata\" controls=\"controls\"><source type=\"video\/mp4\" src=\"https:\/\/puzzle3d.co\/wp-content\/uploads\/2023\/01\/Spider.mp4?_=1\" \/><a href=\"https:\/\/puzzle3d.co\/wp-content\/uploads\/2023\/01\/Spider.mp4\">https:\/\/puzzle3d.co\/wp-content\/uploads\/2023\/01\/Spider.mp4<\/a><\/video><\/div>\n<div>\n<p><span style=\"color: #333333;\"><strong>PODROBNOSTI O IZDELKU:<\/strong><br \/>\n<\/span><span style=\"color: #333333;\">Dimenzije modela: 240*350*100 mm<br \/>\n<\/span><span style=\"color: #333333;\">Dimenzije embala\u017ee: 245*188*24 mm<br \/>\n<\/span><span style=\"color: #333333;\">\u0160tevilo kosov: 293<\/span><\/p>\n<\/div>\n<\/div>\n<div>\n<div><\/div>\n<\/div>","protected":false},"excerpt":{"rendered":"<p>To je pajek: sestavljanje tega ljubkega pajka pomeni, da ste pogumni in vztrajni.<br \/>\nZaradi gumijastega motorja se pajek premika tako graciozno kot pravi.<\/p>","protected":false},"featured_media":750,"comment_status":"open","ping_status":"closed","template":"","meta":{"slim_seo":{"title":"\ud83d\udd77 Pajek 'SPIDER' - Mehanska lesena sestavljanka, 293 kosov","description":"\ud83d\udd78 Sestavljanje tega ljubkega pajka ka\u017ee, da ste pogumni in vzdr\u017eljivi. Zahvaljujo\u010d gumijastemu motorju se pajek premika tako graciozno kot pravi."}},"product_brand":[],"product_cat":[89,91,90,73,88,74,76],"product_tag":[],"woo-feed-brand":[],"class_list":{"0":"post-743","1":"product","2":"type-product","3":"status-publish","4":"has-post-thumbnail","6":"product_cat-puzzle-meccanici-3d-in-legno","7":"product_cat-puzzle-meccanici-per-adulti","8":"product_cat-puzzle-meccanici-per-bambini","9":"product_cat-puzzle-3d","10":"product_cat-puzzle-3d-adulti","11":"product_cat-puzzle-3d-in-legno","12":"product_cat-puzzle-3d-per-bambini","14":"first","15":"instock","16":"shipping-taxable","17":"purchasable","18":"product-type-simple"},"_links":{"self":[{"href":"https:\/\/puzzle3d.co\/sl\/wp-json\/wp\/v2\/product\/743","targetHints":{"allow":["GET"]}}],"collection":[{"href":"https:\/\/puzzle3d.co\/sl\/wp-json\/wp\/v2\/product"}],"about":[{"href":"https:\/\/puzzle3d.co\/sl\/wp-json\/wp\/v2\/types\/product"}],"replies":[{"embeddable":true,"href":"https:\/\/puzzle3d.co\/sl\/wp-json\/wp\/v2\/comments?post=743"}],"wp:featuredmedia":[{"embeddable":true,"href":"https:\/\/puzzle3d.co\/sl\/wp-json\/wp\/v2\/media\/750"}],"wp:attachment":[{"href":"https:\/\/puzzle3d.co\/sl\/wp-json\/wp\/v2\/media?parent=743"}],"wp:term":[{"taxonomy":"product_brand","embeddable":true,"href":"https:\/\/puzzle3d.co\/sl\/wp-json\/wp\/v2\/product_brand?post=743"},{"taxonomy":"product_cat","embeddable":true,"href":"https:\/\/puzzle3d.co\/sl\/wp-json\/wp\/v2\/product_cat?post=743"},{"taxonomy":"product_tag","embeddable":true,"href":"https:\/\/puzzle3d.co\/sl\/wp-json\/wp\/v2\/product_tag?post=743"},{"taxonomy":"woo-feed-brand","embeddable":true,"href":"https:\/\/puzzle3d.co\/sl\/wp-json\/wp\/v2\/woo-feed-brand?post=743"}],"curies":[{"name":"wp","href":"https:\/\/api.w.org\/{rel}","templated":true}]}}