{"id":731,"date":"2023-01-23T17:25:32","date_gmt":"2023-01-23T17:25:32","guid":{"rendered":"https:\/\/puzzle3d.co\/product\/autospeciala-de-pompieri-copy\/"},"modified":"2025-06-19T18:25:58","modified_gmt":"2025-06-19T18:25:58","slug":"3d-mehanska-sestavljanka-za-kuzka-246-kosov","status":"publish","type":"product","link":"https:\/\/puzzle3d.co\/sl\/prodotto\/cucciolo-puzzle-3d-meccanico-246-pezzi\/","title":{"rendered":"PUPPY puppy - mehanska lesena sestavljanka, 246 kosov"},"content":{"rendered":"<div><strong>PUPPY\" ku\u017ea - 3D mehanska lesena sestavljanka\/model za sestavljanje - 246 kosov<\/strong><\/div>\n<div><\/div>\n<div>To je 3D mehanska lesena lutka Puppyja, va\u0161ega zvestega prijatelja. Pustolov\u0161\u010dina, med katero ga boste sestavili iz 246 delov, bo nepozabna.<\/div>\n<div>Sledite navodilom in po vrsti sestavite u\u0161esa, ta\u010dke in rep. Oblikovalci so skrbno premislili, kako ga sestaviti, da bodo vsi sklepi in gibi podobni gibom pravega psa.<\/div>\n<div><\/div>\n<div>Lahko ga pobarvate ali pustite v barvi lesa, lahko ga poimenujete Puppy ali mu daste drugo ime. Lahko zanj skrbite in ga imate radi kot pravega hi\u0161nega ljubljen\u010dka.<\/div>\n<div><\/div>\n<h2>Darilo za ljubitelje \u017eivali<\/h2>\n<div>Z veseljem sestavite sestavljanko, ki bo postala tako ljubek ku\u017ea. Ko torej \u017eelite obdarovati otroka ali odraslega, ki ima rad pse, \u017ee veste, kaj bi bilo primerno.<\/div>\n<div><\/div>\n<div><strong>PODROBNOSTI O IZDELKU:<\/strong><\/div>\n<div>Dimenzije modela: 285*175*95 mm<\/div>\n<div>Dimenzije paketa: 245*188*30 mm<\/div>\n<div>\u0160tevilo kosov: 246<\/div>","protected":false},"excerpt":{"rendered":"<p>To je Puppy, va\u0161 zanesljivi prijatelj. Oblikovalci so skrbno premislili, kako ga izdelati, da bodo vsi sklepi in gibi podobni gibom pravega psa.<\/p>","protected":false},"featured_media":737,"comment_status":"open","ping_status":"closed","template":"","meta":[],"product_brand":[],"product_cat":[73,88,74,76,89,90,91],"product_tag":[],"woo-feed-brand":[],"class_list":{"0":"post-731","1":"product","2":"type-product","3":"status-publish","4":"has-post-thumbnail","6":"product_cat-puzzle-3d","7":"product_cat-puzzle-3d-adulti","8":"product_cat-puzzle-3d-in-legno","9":"product_cat-puzzle-3d-per-bambini","10":"product_cat-puzzle-meccanici-3d-in-legno","11":"product_cat-puzzle-meccanici-per-bambini","12":"product_cat-puzzle-meccanici-per-adulti","14":"first","15":"instock","16":"shipping-taxable","17":"purchasable","18":"product-type-simple"},"_links":{"self":[{"href":"https:\/\/puzzle3d.co\/sl\/wp-json\/wp\/v2\/product\/731","targetHints":{"allow":["GET"]}}],"collection":[{"href":"https:\/\/puzzle3d.co\/sl\/wp-json\/wp\/v2\/product"}],"about":[{"href":"https:\/\/puzzle3d.co\/sl\/wp-json\/wp\/v2\/types\/product"}],"replies":[{"embeddable":true,"href":"https:\/\/puzzle3d.co\/sl\/wp-json\/wp\/v2\/comments?post=731"}],"wp:featuredmedia":[{"embeddable":true,"href":"https:\/\/puzzle3d.co\/sl\/wp-json\/wp\/v2\/media\/737"}],"wp:attachment":[{"href":"https:\/\/puzzle3d.co\/sl\/wp-json\/wp\/v2\/media?parent=731"}],"wp:term":[{"taxonomy":"product_brand","embeddable":true,"href":"https:\/\/puzzle3d.co\/sl\/wp-json\/wp\/v2\/product_brand?post=731"},{"taxonomy":"product_cat","embeddable":true,"href":"https:\/\/puzzle3d.co\/sl\/wp-json\/wp\/v2\/product_cat?post=731"},{"taxonomy":"product_tag","embeddable":true,"href":"https:\/\/puzzle3d.co\/sl\/wp-json\/wp\/v2\/product_tag?post=731"},{"taxonomy":"woo-feed-brand","embeddable":true,"href":"https:\/\/puzzle3d.co\/sl\/wp-json\/wp\/v2\/woo-feed-brand?post=731"}],"curies":[{"name":"wp","href":"https:\/\/api.w.org\/{rel}","templated":true}]}}