{"id":694,"date":"2023-01-23T14:19:26","date_gmt":"2023-01-23T14:19:26","guid":{"rendered":"https:\/\/puzzle3d.co\/product\/black-cat-copy\/"},"modified":"2025-06-11T19:12:00","modified_gmt":"2025-06-11T19:12:00","slug":"lesenka-puzzle-mehanski-3d-lesen","status":"publish","type":"product","link":"https:\/\/puzzle3d.co\/sl\/prodotto\/tartaruga-puzzle-meccanico-3d-in-legno\/","title":{"rendered":"Tartaruga \u2013 mehanski 3D sestavljanka iz lesa, 269 kosov"},"content":{"rendered":"<div>\n<p><em><strong>Tartaruga \u2013 mehanski 3D sestavljanka iz lesa, 269 kosov<\/strong><\/em><\/p>\n<\/div>\n<div>\n<div>\n<div>Kaj ve\u0161 o \u017eelvi?<\/div>\n<div><\/div>\n<div>Je eden najstarej\u0161ih in najbolj primitivnih plazilcev, ki je odporen na vse podnebne razmere. Ne najdemo ga le na Antarktiki. V zadnjem \u010dasu ga je veliko ljudi tako vzljubilo, da so ga posvojili kot hi\u0161nega ljubljen\u010dka.<\/div>\n<div><\/div>\n<div>Med sestavljanjem boste do\u017eiveli stanje miru in ti\u0161ine, ki je primerno za polnjenje baterij.<\/div>\n<div><\/div>\n<div>Na koncu za\u017eenite mehanizem in \u017eaba se bo premaknila, obrnila glavo levo in desno ter vas prijazno pogledala.<\/div>\n<div>Je tako \u010dudovita, da se boste te\u017eko odlo\u010dili, ali jo pustiti v odtenku lesa ali jo pobarvati.<\/div>\n<h2>Darilo za ljubitelje \u017eivali<\/h2>\n<div><strong>PODROBNOSTI O IZDELKU:<\/strong><\/div>\n<div>Dimenzije modela: 223*165*116 mm<\/div>\n<div>Velikost paketa: 245*188*30<\/div>\n<div>\u0160tevilo kosov: 269<\/div>\n<\/div>\n<\/div>","protected":false},"excerpt":{"rendered":"<div>\n<div>\u017delva - 3D mehanska sestavljanka<\/div>\n<div><\/div>\n<div>Enostavno ga je sestaviti in se z njim zabavno igrati! Na koncu za\u017eenite mehanizem in \u017eabica se bo premikala, obra\u010dala glavo levo in desno ter vas prijazno gledala.<\/div>\n<\/div>\n<p>&nbsp;<\/p>","protected":false},"featured_media":687,"comment_status":"open","ping_status":"closed","template":"","meta":[],"product_brand":[],"product_cat":[73,76,89,90,91],"product_tag":[],"woo-feed-brand":[],"class_list":{"0":"post-694","1":"product","2":"type-product","3":"status-publish","4":"has-post-thumbnail","6":"product_cat-puzzle-3d","7":"product_cat-puzzle-3d-per-bambini","8":"product_cat-puzzle-meccanici-3d-in-legno","9":"product_cat-puzzle-meccanici-per-bambini","10":"product_cat-puzzle-meccanici-per-adulti","12":"first","13":"instock","14":"shipping-taxable","15":"purchasable","16":"product-type-simple"},"_links":{"self":[{"href":"https:\/\/puzzle3d.co\/sl\/wp-json\/wp\/v2\/product\/694","targetHints":{"allow":["GET"]}}],"collection":[{"href":"https:\/\/puzzle3d.co\/sl\/wp-json\/wp\/v2\/product"}],"about":[{"href":"https:\/\/puzzle3d.co\/sl\/wp-json\/wp\/v2\/types\/product"}],"replies":[{"embeddable":true,"href":"https:\/\/puzzle3d.co\/sl\/wp-json\/wp\/v2\/comments?post=694"}],"wp:featuredmedia":[{"embeddable":true,"href":"https:\/\/puzzle3d.co\/sl\/wp-json\/wp\/v2\/media\/687"}],"wp:attachment":[{"href":"https:\/\/puzzle3d.co\/sl\/wp-json\/wp\/v2\/media?parent=694"}],"wp:term":[{"taxonomy":"product_brand","embeddable":true,"href":"https:\/\/puzzle3d.co\/sl\/wp-json\/wp\/v2\/product_brand?post=694"},{"taxonomy":"product_cat","embeddable":true,"href":"https:\/\/puzzle3d.co\/sl\/wp-json\/wp\/v2\/product_cat?post=694"},{"taxonomy":"product_tag","embeddable":true,"href":"https:\/\/puzzle3d.co\/sl\/wp-json\/wp\/v2\/product_tag?post=694"},{"taxonomy":"woo-feed-brand","embeddable":true,"href":"https:\/\/puzzle3d.co\/sl\/wp-json\/wp\/v2\/woo-feed-brand?post=694"}],"curies":[{"name":"wp","href":"https:\/\/api.w.org\/{rel}","templated":true}]}}