{"id":588,"date":"2023-01-18T23:04:09","date_gmt":"2023-01-18T23:04:09","guid":{"rendered":"https:\/\/puzzle3d.co\/?post_type=product&#038;p=588"},"modified":"2025-05-11T08:12:38","modified_gmt":"2025-05-11T08:12:38","slug":"letalo-3d-mehanska-lesena-sestavljanka","status":"publish","type":"product","link":"https:\/\/puzzle3d.co\/sl\/prodotto\/aereo-puzzle-meccanico-3d-in-legno\/","title":{"rendered":"AIRCRAFT - 3D mehanska lesena sestavljanka - 346 kosov"},"content":{"rendered":"<div><strong>AIRCRAFT - 3D mehanska lesena sestavljanka, 346 kosov<\/strong><\/div>\n<div><\/div>\n<div>Vsi ljubitelji aeronavtike, tehnologije, hitrosti, robotike se bodo strinjali z izjavo: \"To letalo je res \u010dudovito!\"<\/div>\n<div><\/div>\n<div>Ste \u017ee spakirali kov\u010dke? Spakirajte dobro zalogo kavnih zrn, saj je pot dolga. Na krovu za\u010dnemo s 346 ko\u0161\u010dki sestavljanke, ki so vsi izdelani iz lesa. \u010ce boste s seboj vzeli tubo lepila, boste kaznovani. Vendar je tudi ne boste potrebovali. Vsi deli so namre\u010d tako popolni, da se odli\u010dno prilegajo drug drugemu in so stabilni. V vo\u017enji boste u\u017eivali zahvaljujo\u010d motorju z gumijastim trakom.<\/div>\n<div><\/div>\n<div>Koga povabite s seboj? Ni starostne skupine ali spola, ki bi lahko prezrla sestavljanje mehanske sestavljanke. Ustvarja toliko adrenalina, da se usede\u0161 in razmi\u0161lja\u0161, kaj je bolje: dejstvo, da te \u010daka na stotine delov in ure dela, ali pa letalo v gibanju in edinstvena izku\u0161nja, ki se skriva za njim.<\/div>\n<div><\/div>\n<div>Verjetno se spra\u0161ujete, koliko ur dela je potrebnega za sestavo 346 delov. Najbolj zanimivo je, da tega nih\u010de ne ve. Odvisno je od \u0161tevilnih dejavnikov: koliko partnerjev imate s seboj, va\u0161ih in njihovih izku\u0161enj z ugankami, zlasti z mehaniko, kako pogosto si vzamete odmor in kako dolgo traja. Vemo pa nekaj: ne hitite s tem, da bi se \u010dim prej lotili re\u0161evanja. 'Raztegnite' veselje, saj boste vseeno pri\u0161li do trenutka, ko boste zagnali motor.<\/div>\n<div><\/div>\n<div>Med urejanjem boste opazili, kako dobro se po\u010dutite, ko se osredoto\u010dite, ko i\u0161\u010dete del, za katerega se vam zdi, da ga ne morete ve\u010d najti, tako zelo, da ga imate tik pod roko. Nekaj dobrih ur koncentracije bo va\u0161e mo\u017egane prisililo, da bodo delovali z obema hemisferama hkrati. U\u017eivali boste v ob\u010dutku spro\u0161\u010denosti in to bo dobra prilo\u017enost za meditacijo.<\/div>\n<div><\/div>\n<div>Mehansko letalo je veselje za vse ljubitelje sestavljank, pa tudi za tiste, ki so ta hobi s \u0161tevilnimi prednostmi zanemarili. Navdu\u0161ite lahko otroka, odraslega in celo starca, ki bo pred razpletanjem ko\u0161\u010dkov nestrpno klical svoje vnuke. Ni primeren le za mlaj\u0161e otroke, temve\u010d lahko od \u010detrtega leta starosti naprej tudi oni postanejo zanesljivi partnerji pri sestavljanju letala.<\/div>\n<div><\/div>\n<div>Od tu naprej izku\u0161eni pilot ne more storiti veliko...<\/div>\n<div><\/div>\n<div><strong>PODROBNOSTI O IZDELKU:<\/strong><\/div>\n<div>Dimenzije modela: 420*287*154 mm<\/div>\n<div>Dimenzije paketa: 245*188*38 mm<\/div>\n<div>\u0160tevilo kosov: 346<\/div>\n<div>Monta\u017ea brez lepila.<\/div>","protected":false},"excerpt":{"rendered":"<p>Ste pripravljeni na letenje?<br \/>\nMehansko letalo je veselje za vse ljubitelje letenja, letal in predvsem ugank. \u017delite svoje letalo? Vedite, da je to la\u017eje, kot ste si predstavljali.<br \/>\nS 346 ko\u0161\u010dki sestavljanke na krovu vam poka\u017ee, da lahko z vztrajnostjo in potrpe\u017eljivostjo dose\u017eete vi\u0161ave. Sestavljanje je pravi mo\u017eganski izziv, ki bo poskrbel za sintezo dopamina in v katerem boste u\u017eivali tako v procesu kot v kon\u010dnem izdelku.<\/p>","protected":false},"featured_media":592,"comment_status":"open","ping_status":"closed","template":"","meta":[],"product_brand":[],"product_cat":[73,88,74,76,89,91],"product_tag":[],"woo-feed-brand":[],"class_list":{"0":"post-588","1":"product","2":"type-product","3":"status-publish","4":"has-post-thumbnail","6":"product_cat-puzzle-3d","7":"product_cat-puzzle-3d-adulti","8":"product_cat-puzzle-3d-in-legno","9":"product_cat-puzzle-3d-per-bambini","10":"product_cat-puzzle-meccanici-3d-in-legno","11":"product_cat-puzzle-meccanici-per-adulti","13":"first","14":"instock","15":"shipping-taxable","16":"purchasable","17":"product-type-simple"},"_links":{"self":[{"href":"https:\/\/puzzle3d.co\/sl\/wp-json\/wp\/v2\/product\/588","targetHints":{"allow":["GET"]}}],"collection":[{"href":"https:\/\/puzzle3d.co\/sl\/wp-json\/wp\/v2\/product"}],"about":[{"href":"https:\/\/puzzle3d.co\/sl\/wp-json\/wp\/v2\/types\/product"}],"replies":[{"embeddable":true,"href":"https:\/\/puzzle3d.co\/sl\/wp-json\/wp\/v2\/comments?post=588"}],"wp:featuredmedia":[{"embeddable":true,"href":"https:\/\/puzzle3d.co\/sl\/wp-json\/wp\/v2\/media\/592"}],"wp:attachment":[{"href":"https:\/\/puzzle3d.co\/sl\/wp-json\/wp\/v2\/media?parent=588"}],"wp:term":[{"taxonomy":"product_brand","embeddable":true,"href":"https:\/\/puzzle3d.co\/sl\/wp-json\/wp\/v2\/product_brand?post=588"},{"taxonomy":"product_cat","embeddable":true,"href":"https:\/\/puzzle3d.co\/sl\/wp-json\/wp\/v2\/product_cat?post=588"},{"taxonomy":"product_tag","embeddable":true,"href":"https:\/\/puzzle3d.co\/sl\/wp-json\/wp\/v2\/product_tag?post=588"},{"taxonomy":"woo-feed-brand","embeddable":true,"href":"https:\/\/puzzle3d.co\/sl\/wp-json\/wp\/v2\/woo-feed-brand?post=588"}],"curies":[{"name":"wp","href":"https:\/\/api.w.org\/{rel}","templated":true}]}}