{"id":553,"date":"2023-01-18T11:36:30","date_gmt":"2023-01-18T11:36:30","guid":{"rendered":"https:\/\/puzzle3d.co\/?post_type=product&#038;p=553"},"modified":"2025-05-11T08:10:21","modified_gmt":"2025-05-11T08:10:21","slug":"lesena-lesena-svetovni-zemljevid-127-kosov","status":"publish","type":"product","link":"https:\/\/puzzle3d.co\/sl\/prodotto\/puzzle-in-legno-mappa-del-mondo-127-pezzi\/","title":{"rendered":"Planisfero v Lesu za Steno &#8220;Smoky Dreams&#8221; 127 kosov, L\/M\/S"},"content":{"rendered":"<div><strong>Lesena stenska plan\u0161arija 'Smoky Dreams' 127 kosov<\/strong><\/div>\n<div><\/div>\n<div>Trislojni vise\u010di zemljevid sveta EWA Eco-Wood-Art za sestavljanje. Sestavljanje poteka z lepilom. Stensko monta\u017eo lahko opravite z dvostranskim lepilnim trakom. Sestavljanka in navodila za sestavljanje so prilo\u017eena z dvostranskim lepilnim trakom in lepilom. Na voljo v treh velikostih (S, M, L) in petih barvah (Blue Fantasy, Untouched World, Emerald Planet, Smoky Dreams, Choco World) na zahtevo.<\/div>\n<div><\/div>\n<div><strong>PODROBNOSTI O IZDELKU:<\/strong><\/div>\n<div>Velikost modela L: 1920*1050*12 mm<\/div>\n<div>Dimenzije modela M: 1440*790*12 mm<\/div>\n<div>Dimenzije modela S: 1000*550*12 mm<\/div>\n<div>Dimenzije paketa: 500*385*56 mm<\/div>\n<div><strong>\u0160tevilo kosov: 127<\/strong><\/div>\n<div><\/div>\n<div><\/div>\n<div>Sestavljanje z lepilom in dvostranskim trakom (prilo\u017eena v \u0161katli).<\/div>","protected":false},"excerpt":{"rendered":"<p>EWA Eco-Wood-Art trislojna vise\u010da lesena stenska planisfera, ki jo je treba sestaviti.<\/p>","protected":false},"featured_media":567,"comment_status":"open","ping_status":"closed","template":"","meta":[],"product_brand":[],"product_cat":[68],"product_tag":[],"woo-feed-brand":[],"class_list":{"0":"post-553","1":"product","2":"type-product","3":"status-publish","4":"has-post-thumbnail","6":"product_cat-mappamondo-da-parete-in-legno","8":"first","9":"instock","10":"shipping-taxable","11":"purchasable","12":"product-type-variable"},"_links":{"self":[{"href":"https:\/\/puzzle3d.co\/sl\/wp-json\/wp\/v2\/product\/553","targetHints":{"allow":["GET"]}}],"collection":[{"href":"https:\/\/puzzle3d.co\/sl\/wp-json\/wp\/v2\/product"}],"about":[{"href":"https:\/\/puzzle3d.co\/sl\/wp-json\/wp\/v2\/types\/product"}],"replies":[{"embeddable":true,"href":"https:\/\/puzzle3d.co\/sl\/wp-json\/wp\/v2\/comments?post=553"}],"wp:featuredmedia":[{"embeddable":true,"href":"https:\/\/puzzle3d.co\/sl\/wp-json\/wp\/v2\/media\/567"}],"wp:attachment":[{"href":"https:\/\/puzzle3d.co\/sl\/wp-json\/wp\/v2\/media?parent=553"}],"wp:term":[{"taxonomy":"product_brand","embeddable":true,"href":"https:\/\/puzzle3d.co\/sl\/wp-json\/wp\/v2\/product_brand?post=553"},{"taxonomy":"product_cat","embeddable":true,"href":"https:\/\/puzzle3d.co\/sl\/wp-json\/wp\/v2\/product_cat?post=553"},{"taxonomy":"product_tag","embeddable":true,"href":"https:\/\/puzzle3d.co\/sl\/wp-json\/wp\/v2\/product_tag?post=553"},{"taxonomy":"woo-feed-brand","embeddable":true,"href":"https:\/\/puzzle3d.co\/sl\/wp-json\/wp\/v2\/woo-feed-brand?post=553"}],"curies":[{"name":"wp","href":"https:\/\/api.w.org\/{rel}","templated":true}]}}