{"id":541,"date":"2023-01-18T09:13:26","date_gmt":"2023-01-18T09:13:26","guid":{"rendered":"https:\/\/puzzle3d.co\/product\/mapa-lumii-choco-world-copy\/"},"modified":"2025-05-11T08:10:37","modified_gmt":"2025-05-11T08:10:37","slug":"stenska-planisfera","status":"publish","type":"product","link":"https:\/\/puzzle3d.co\/sl\/prodotto\/planisfero-da-parete\/","title":{"rendered":"Smaragdni planet' Stenska planisfera 127 kosov"},"content":{"rendered":"<div><strong>Stenska lesena planisfera<\/strong><\/div>\n<div><\/div>\n<div>Trislojni vise\u010di zemljevid sveta EWA Eco-Wood-Art za sestavljanje. Sestavljanje poteka z lepilom. Stensko monta\u017eo lahko opravite z dvostranskim lepilnim trakom. Sestavljanka in navodila za sestavljanje so prilo\u017eena z dvostranskim lepilnim trakom in lepilom. Na voljo v treh velikostih (S, M, L) in petih barvah (Blue Fantasy, Untouched World, Emerald Planet, Smoky Dreams, Choco World) na zahtevo.<\/div>\n<div><\/div>\n<div><strong>PODROBNOSTI O IZDELKU:<\/strong><\/div>\n<div>Velikost modela L: 1920*1050*12 mm<\/div>\n<div>Dimenzije modela M: 1440*790*12 mm<\/div>\n<div>Dimenzije modela S: 1000*550*12 mm<\/div>\n<div>Dimenzije paketa: 500*385*56 mm<\/div>\n<div>\u0160tevilo kosov: 127<\/div>\n<div><\/div>\n<div>Sestavljanje z lepilom in dvostranskim trakom (prilo\u017eena v \u0161katli).<\/div>\n<p>{<br \/>\n\"@context\": \"https:\/\/schema.org\/\",<br \/>\n\"@type\": \"Product\",<br \/>\n\"@id\": \"https:\/\/puzzle3d.co\/prodotto\/planisfero-da-parete\/\",<br \/>\n\"url\": \"https:\/\/puzzle3d.co\/prodotto\/planisfero-da-parete\/\",<br \/>\n\"ime\": \"Trislojna vise\u010da lesena stenska planisfera\",<br \/>\n\"slika\": \"https:\/\/puzzle3d.co\/wp-content\/uploads\/2023\/01\/Emerald-Planet1w.webp\",<br \/>\n\"opis\": \"Naredi sam triplastno vise\u010do leseno stensko planisfero. Lesena sestavljanka \"Smaragdni planet\", 127 kosov, na voljo v veliki \/ srednji \/ majhni velikosti.\",<br \/>\n\"brand\": {<br \/>\n\"@type\": \"Brand\",<br \/>\n\"ime\": \"Puzzle3D.co\".<br \/>\n},<br \/>\n\"aggregateRating\": {<br \/>\n\"@type\": \"AggregateRating\",<br \/>\n\"bestRating\": \"5\",<br \/>\n\"worstRating\": \"1\",<br \/>\n\"ratingCount\": \"278\",<br \/>\n\"ratingValue\": \"4.8\".<br \/>\n}<br \/>\n}<\/p>","protected":false},"excerpt":{"rendered":"<p>Trislojni vise\u010di zemljevid sveta podjetja EWA Eco-Wood-Art, ki ga je treba sestaviti.<\/p>","protected":false},"featured_media":575,"comment_status":"open","ping_status":"closed","template":"","meta":{"slim_seo":{"title":"\ud83d\uddfa\ufe0f Stenska lesena planisfera 127 kosov","description":"Leseni planisfero za steno, ki visi na steni, sestavljen iz treh plasti, za samostojno monta\u017eo. Leseni sestavljanki \"Pianeta Smeraldo\" 127 kosov. TOP 2026"}},"product_brand":[],"product_cat":[68],"product_tag":[],"woo-feed-brand":[],"class_list":{"0":"post-541","1":"product","2":"type-product","3":"status-publish","4":"has-post-thumbnail","6":"product_cat-mappamondo-da-parete-in-legno","8":"first","9":"instock","10":"shipping-taxable","11":"purchasable","12":"product-type-variable"},"_links":{"self":[{"href":"https:\/\/puzzle3d.co\/sl\/wp-json\/wp\/v2\/product\/541","targetHints":{"allow":["GET"]}}],"collection":[{"href":"https:\/\/puzzle3d.co\/sl\/wp-json\/wp\/v2\/product"}],"about":[{"href":"https:\/\/puzzle3d.co\/sl\/wp-json\/wp\/v2\/types\/product"}],"replies":[{"embeddable":true,"href":"https:\/\/puzzle3d.co\/sl\/wp-json\/wp\/v2\/comments?post=541"}],"wp:featuredmedia":[{"embeddable":true,"href":"https:\/\/puzzle3d.co\/sl\/wp-json\/wp\/v2\/media\/575"}],"wp:attachment":[{"href":"https:\/\/puzzle3d.co\/sl\/wp-json\/wp\/v2\/media?parent=541"}],"wp:term":[{"taxonomy":"product_brand","embeddable":true,"href":"https:\/\/puzzle3d.co\/sl\/wp-json\/wp\/v2\/product_brand?post=541"},{"taxonomy":"product_cat","embeddable":true,"href":"https:\/\/puzzle3d.co\/sl\/wp-json\/wp\/v2\/product_cat?post=541"},{"taxonomy":"product_tag","embeddable":true,"href":"https:\/\/puzzle3d.co\/sl\/wp-json\/wp\/v2\/product_tag?post=541"},{"taxonomy":"woo-feed-brand","embeddable":true,"href":"https:\/\/puzzle3d.co\/sl\/wp-json\/wp\/v2\/woo-feed-brand?post=541"}],"curies":[{"name":"wp","href":"https:\/\/api.w.org\/{rel}","templated":true}]}}