{"id":171,"date":"2014-07-06T10:43:57","date_gmt":"2014-07-06T10:43:57","guid":{"rendered":"http:\/\/flatsome.dev\/?post_type=product&#038;p=8263"},"modified":"2025-06-11T18:51:53","modified_gmt":"2025-06-11T18:51:53","slug":"leseni-stenski-globus","status":"publish","type":"product","link":"https:\/\/puzzle3d.co\/sl\/prodotto\/mappamondo-legno-parete-in-legno\/","title":{"rendered":"3D zemljevid sveta iz rjavega lesa"},"content":{"rendered":"<div><strong>Zemljevid sveta - rjava lesena 3D sestavljanka 'Choco World' 127 kosov<\/strong><\/div>\n<div><\/div>\n<div>EWA Eco-Wood-Art leseni vise\u010di globus iz treh plasti za monta\u017eo. Sestavljanje poteka z lepilom. Stensko monta\u017eo lahko opravite z dvostranskim lepilnim trakom. Sestavljanka in navodila za sestavljanje so prilo\u017eena dvostranskemu lepilnemu traku in lepilu. Na voljo v treh velikostih (S, M, L) in petih barvah (Blue Fantasy, Untouched World, Emerald Planet, Smoky Dreams, Choco World) na zahtevo.<\/div>\n<div><\/div>\n<div>Sestavljanje z lepilom in dvostranskim trakom (prilo\u017eena v \u0161katli).<\/div>","protected":false},"excerpt":{"rendered":"<div>Trislojni suspendirani zemljevid sveta za sestavljanje.<\/div>\n<p>&nbsp;<\/p>","protected":false},"featured_media":579,"comment_status":"open","ping_status":"closed","template":"","meta":{"slim_seo":{"title":"\ud83d\uddfa Zemljevid sveta. Lesena sestavljanka \"Choco World\" 127 kosov","description":"Zemljevid sveta iz lesa za obe\u0161anje na steno, ki ga je treba sestaviti v treh plasteh. Stensko monta\u017eo lahko opravite z dvojnim lepilnim trakom."}},"product_brand":[],"product_cat":[68],"product_tag":[],"woo-feed-brand":[],"class_list":{"0":"post-171","1":"product","2":"type-product","3":"status-publish","4":"has-post-thumbnail","6":"product_cat-mappamondo-da-parete-in-legno","8":"first","9":"outofstock","10":"shipping-taxable","11":"purchasable","12":"product-type-variable"},"_links":{"self":[{"href":"https:\/\/puzzle3d.co\/sl\/wp-json\/wp\/v2\/product\/171","targetHints":{"allow":["GET"]}}],"collection":[{"href":"https:\/\/puzzle3d.co\/sl\/wp-json\/wp\/v2\/product"}],"about":[{"href":"https:\/\/puzzle3d.co\/sl\/wp-json\/wp\/v2\/types\/product"}],"replies":[{"embeddable":true,"href":"https:\/\/puzzle3d.co\/sl\/wp-json\/wp\/v2\/comments?post=171"}],"wp:featuredmedia":[{"embeddable":true,"href":"https:\/\/puzzle3d.co\/sl\/wp-json\/wp\/v2\/media\/579"}],"wp:attachment":[{"href":"https:\/\/puzzle3d.co\/sl\/wp-json\/wp\/v2\/media?parent=171"}],"wp:term":[{"taxonomy":"product_brand","embeddable":true,"href":"https:\/\/puzzle3d.co\/sl\/wp-json\/wp\/v2\/product_brand?post=171"},{"taxonomy":"product_cat","embeddable":true,"href":"https:\/\/puzzle3d.co\/sl\/wp-json\/wp\/v2\/product_cat?post=171"},{"taxonomy":"product_tag","embeddable":true,"href":"https:\/\/puzzle3d.co\/sl\/wp-json\/wp\/v2\/product_tag?post=171"},{"taxonomy":"woo-feed-brand","embeddable":true,"href":"https:\/\/puzzle3d.co\/sl\/wp-json\/wp\/v2\/woo-feed-brand?post=171"}],"curies":[{"name":"wp","href":"https:\/\/api.w.org\/{rel}","templated":true}]}}