{"id":1466,"date":"2023-03-08T12:47:30","date_gmt":"2023-03-08T12:47:30","guid":{"rendered":"https:\/\/puzzle3d.co\/product\/tractor-puzzle-mecanic-din-lemn-358-piese-copy\/"},"modified":"2026-01-19T10:27:03","modified_gmt":"2026-01-19T10:27:03","slug":"mehanska-lesena-sestavljanka-s-traktorjem-342-kosov","status":"publish","type":"product","link":"https:\/\/puzzle3d.co\/sl\/prodotto\/trattore-puzzle-meccanico-legno-342-pezzi\/","title":{"rendered":"Leseni mekanski model traktorja za sestavljanje - 342 kosov"},"content":{"rendered":"<div>\n<p><strong>Traktor \u2013  Model mehanskega traktorja iz lesa za sestavljanje \u2013 342 kosov<\/strong><\/p>\n<div>\n<div>Napa\u010dno je misliti, da so traktorji namenjeni le fantom in mo\u0161kim.<\/div>\n<div><\/div>\n<div>Ko boste sestavili ta model, ga boste dojeli kot pravo umetni\u0161ko delo. Material, iz katerega so sestavljanke izdelane, les, pa vam bo pokazal svojo pravo vrednost.<\/div>\n<div><\/div>\n<div>Motor z gumico omogo\u010da premikanje, odpiranje vrat in pokrova motorja. Traktor je \u0161e bolje videti ob prikolici, ki je na voljo kot lo\u010den model.<\/div>\n<div><\/div>\n<div>S kavljem ga preprosto pritrdite na traktor, z vzvodom pa se odpre tako kot pravi priklopnik.<\/div>\n<div><\/div>\n<div>To je vsestransko darilo, ki ga bosta cenila tako otrok kot odrasli. Ta model bo navdu\u0161il vse ljubitelje sestavljank in obrti.<\/div>\n<div><\/div>\n<div>Komplet je estetsko prijeten in je lahko izviren dekorativni predmet. Prikolico napolnite s travo, vejicami, kavnimi zrni ali \u010dim drugim, kar vam pade na pamet.<\/div>\n<div><\/div>\n<div>Otroci bodo navdu\u0161eni nad traktorjem in prikolico iz priljubljene igre Kmetija, vendar bodo izumili tudi nove igre.<\/div>\n<div>Nato traktor in prikolico sestavite, se igrajte, ob\u010dudujte in ustvarjajte spomine.<\/div>\n<div><\/div>\n<div><\/div>\n<div><strong>PODROBNOSTI O IZDELKU:<\/strong><\/div>\n<div>Dimenzije modela: 282*136*175 mm<\/div>\n<div>Dimenzije embala\u017ee: 375 x 243 x 30 mm<\/div>\n<div>\u0160tevilo kosov: 342<\/div>\n<\/div>\n<\/div>","protected":false},"excerpt":{"rendered":"<p>Motor z gumijastim trakom omogo\u010da premikanje, odpiranje vrat in pokrova motorja.<\/p>","protected":false},"featured_media":1469,"comment_status":"open","ping_status":"closed","template":"","meta":{"slim_seo":{"title":"\ud83d\ude9c Leseni mekanski model traktorja za gradnjo","description":"Mekani\u010dni model traktorja - Motor z gumico omogo\u010da premikanje, odpiranje vrat in pokrova motorja. Traktor je \u0161e bolje videti ob prikolici, ki je na voljo kot lo\u010den model."}},"product_brand":[],"product_cat":[108,89,91,90,73,88,74,76],"product_tag":[],"woo-feed-brand":[],"class_list":{"0":"post-1466","1":"product","2":"type-product","3":"status-publish","4":"has-post-thumbnail","6":"product_cat-modellismo-da-costruire-per-adulti","7":"product_cat-puzzle-meccanici-3d-in-legno","8":"product_cat-puzzle-meccanici-per-adulti","9":"product_cat-puzzle-meccanici-per-bambini","10":"product_cat-puzzle-3d","11":"product_cat-puzzle-3d-adulti","12":"product_cat-puzzle-3d-in-legno","13":"product_cat-puzzle-3d-per-bambini","15":"first","16":"instock","17":"shipping-taxable","18":"purchasable","19":"product-type-simple"},"_links":{"self":[{"href":"https:\/\/puzzle3d.co\/sl\/wp-json\/wp\/v2\/product\/1466","targetHints":{"allow":["GET"]}}],"collection":[{"href":"https:\/\/puzzle3d.co\/sl\/wp-json\/wp\/v2\/product"}],"about":[{"href":"https:\/\/puzzle3d.co\/sl\/wp-json\/wp\/v2\/types\/product"}],"replies":[{"embeddable":true,"href":"https:\/\/puzzle3d.co\/sl\/wp-json\/wp\/v2\/comments?post=1466"}],"wp:featuredmedia":[{"embeddable":true,"href":"https:\/\/puzzle3d.co\/sl\/wp-json\/wp\/v2\/media\/1469"}],"wp:attachment":[{"href":"https:\/\/puzzle3d.co\/sl\/wp-json\/wp\/v2\/media?parent=1466"}],"wp:term":[{"taxonomy":"product_brand","embeddable":true,"href":"https:\/\/puzzle3d.co\/sl\/wp-json\/wp\/v2\/product_brand?post=1466"},{"taxonomy":"product_cat","embeddable":true,"href":"https:\/\/puzzle3d.co\/sl\/wp-json\/wp\/v2\/product_cat?post=1466"},{"taxonomy":"product_tag","embeddable":true,"href":"https:\/\/puzzle3d.co\/sl\/wp-json\/wp\/v2\/product_tag?post=1466"},{"taxonomy":"woo-feed-brand","embeddable":true,"href":"https:\/\/puzzle3d.co\/sl\/wp-json\/wp\/v2\/woo-feed-brand?post=1466"}],"curies":[{"name":"wp","href":"https:\/\/api.w.org\/{rel}","templated":true}]}}