{"id":1454,"date":"2023-03-08T11:51:26","date_gmt":"2023-03-08T11:51:26","guid":{"rendered":"https:\/\/puzzle3d.co\/product\/angrenajul-planetar-puzzle-mecanic-din-lemn-153-piese-copy\/"},"modified":"2026-01-02T05:29:01","modified_gmt":"2026-01-02T05:29:01","slug":"mehanska-lesena-traktorska-sestavljanka-358-kosov","status":"publish","type":"product","link":"https:\/\/puzzle3d.co\/sl\/prodotto\/trattore-puzzle-meccanico-in-legno-358-pezzi\/","title":{"rendered":"Traktor - Mehanska lesena sestavljanka, 358 kosov"},"content":{"rendered":"<div>\n<p><strong>Model traktorja - Mehanska lesena sestavljanka, 358 kosov<\/strong><\/p>\n<div><\/div>\n<\/div>\n<div>\n<div>\n<div>Zgodaj zjutraj, \u0161e pred zoro, kmet za\u017eene traktor.<\/div>\n<div><\/div>\n<div>Zaveda se, da je traktor bistvenega pomena za njegovo delo ter za pre\u017eivljanje kmetije in dru\u017eine. Njegov glasen zvok zbudi otroke, ki \u0161e vedno sanjajo o zaj\u010dkih, vendar kmalu spet zaspijo.<\/div>\n<div><\/div>\n<div>Ko se traktor odpelje proti kmetiji, se iz hi\u0161e \u0161e vedno sli\u0161i glasen hrup motorja in koles ter vonj po dizelskem gorivu.<\/div>\n<div><\/div>\n<div>Na robu novo posejanega p\u0161eni\u010dnega polja kmetija za\u017eivi. Tu se hrup traktorja \u017ee me\u0161a z \u017evrgolenjem ptic in jutranjim sporo\u010dilom ljubljenih \u017eivali ter ustvarja posebno harmonijo.<\/div>\n<div><\/div>\n<div>Po krmljenju \u017eivali se kmet s traktorjem premakne in se vrne na pode\u017eelsko cesto. Zdaj se pelje do drugega polja, ki ga je posejal z veliko ljubeznijo. Na tem polju bo rasla koruza. Kmet je hvale\u017een svojemu traktorju, ker lahko nahrani svojo dru\u017eino in \u017eivali na kmetiji.<\/div>\n<div><\/div>\n<div>Traktor je tako mogo\u010de obravnavati kot element sodobne tehnologije, ki je v prijazni interakciji z naravo in se prilagaja potrebam \u010dloveka in \u017eivali.<\/div>\n<div><\/div>\n<div>Ta \u010dudovit traktor, sestavljen iz 358 lesenih sestavljank, bo navdu\u0161il vse ljubitelje vozil, sestavljank in pode\u017eelskega \u017eivljenja.<\/div>\n<div><\/div>\n<div>Otroci ga bodo z veseljem vklju\u010dili v svoje gradbene ali kme\u010dke igre.<\/div>\n<div><\/div>\n<div>Je kot pravi miniaturni traktor. \u0160e lep\u0161i je, \u010de omenimo les, iz katerega je izdelan. Traktor se premika naprej in nazaj, kolesa pa se lahko obra\u010dajo od desne proti levi. Pokrov motorja se odpre in vidimo lahko \u0161tiri valje, ki toplotno energijo pretvarjajo v mehansko. Odpirajo se tudi vrata, vstop v traktor pa olaj\u0161ajo stopnice. Salon je navdihnjen z resni\u010dnimi modeli, zato je nemogo\u010de, da se ne bi zaljubili v ta model. Vrhunec dogajanja bo zagon traktorja z gumijastim motorjem. V salon polo\u017eite gurmansko \u010dokolado in jo prek vozila po\u0161ljite ljubljeni osebi.<\/div>\n<div><\/div>\n<div>Je \u010dudovit dekorativni predmet za otro\u0161ko sobo, pa tudi za dnevno sobo ali pisarno. Pritegnil bo pozornost in ne bo dolgo zdr\u017eal, \u010de ga ne boste pri\u017egali.<\/div>\n<div><\/div>\n<div>Sestavite ga skupaj z otrokom, dru\u017eino ali prijatelji, da bo do\u017eivetje \u0161e bolj\u0161e!<\/div>\n<div><\/div>\n<div><strong>PODROBNOSTI O IZDELKU:<\/strong><\/div>\n<div>Dimenzije modela: 315*173*207 mm<\/div>\n<div>Dimenzije embala\u017ee: 375 x 243 x 43 mm<\/div>\n<div><strong>\u0160tevilo kosov: 358<\/strong><\/div>\n<\/div>\n<div><\/div>\n<\/div>","protected":false},"excerpt":{"rendered":"<p>Je kot pravi miniaturni traktor. \u0160e lep\u0161i je, \u010de omenimo les, iz katerega je izdelan.<\/p>","protected":false},"featured_media":1457,"comment_status":"open","ping_status":"closed","template":"","meta":[],"product_brand":[],"product_cat":[73,88,74,76,89,90,91],"product_tag":[],"woo-feed-brand":[],"class_list":{"0":"post-1454","1":"product","2":"type-product","3":"status-publish","4":"has-post-thumbnail","6":"product_cat-puzzle-3d","7":"product_cat-puzzle-3d-adulti","8":"product_cat-puzzle-3d-in-legno","9":"product_cat-puzzle-3d-per-bambini","10":"product_cat-puzzle-meccanici-3d-in-legno","11":"product_cat-puzzle-meccanici-per-bambini","12":"product_cat-puzzle-meccanici-per-adulti","14":"first","15":"instock","16":"shipping-taxable","17":"purchasable","18":"product-type-simple"},"_links":{"self":[{"href":"https:\/\/puzzle3d.co\/sl\/wp-json\/wp\/v2\/product\/1454","targetHints":{"allow":["GET"]}}],"collection":[{"href":"https:\/\/puzzle3d.co\/sl\/wp-json\/wp\/v2\/product"}],"about":[{"href":"https:\/\/puzzle3d.co\/sl\/wp-json\/wp\/v2\/types\/product"}],"replies":[{"embeddable":true,"href":"https:\/\/puzzle3d.co\/sl\/wp-json\/wp\/v2\/comments?post=1454"}],"wp:featuredmedia":[{"embeddable":true,"href":"https:\/\/puzzle3d.co\/sl\/wp-json\/wp\/v2\/media\/1457"}],"wp:attachment":[{"href":"https:\/\/puzzle3d.co\/sl\/wp-json\/wp\/v2\/media?parent=1454"}],"wp:term":[{"taxonomy":"product_brand","embeddable":true,"href":"https:\/\/puzzle3d.co\/sl\/wp-json\/wp\/v2\/product_brand?post=1454"},{"taxonomy":"product_cat","embeddable":true,"href":"https:\/\/puzzle3d.co\/sl\/wp-json\/wp\/v2\/product_cat?post=1454"},{"taxonomy":"product_tag","embeddable":true,"href":"https:\/\/puzzle3d.co\/sl\/wp-json\/wp\/v2\/product_tag?post=1454"},{"taxonomy":"woo-feed-brand","embeddable":true,"href":"https:\/\/puzzle3d.co\/sl\/wp-json\/wp\/v2\/woo-feed-brand?post=1454"}],"curies":[{"name":"wp","href":"https:\/\/api.w.org\/{rel}","templated":true}]}}