{"id":1441,"date":"2023-03-08T11:10:44","date_gmt":"2023-03-08T11:10:44","guid":{"rendered":"https:\/\/puzzle3d.co\/product\/triceratops-puzzle-mecanic-din-lemn-283-piese-copy\/"},"modified":"2026-01-19T16:26:02","modified_gmt":"2026-01-19T16:26:02","slug":"mehanska-sestavljanka-s-planetarno-prestavo-les-153-kosov","status":"publish","type":"product","link":"https:\/\/puzzle3d.co\/sl\/prodotto\/ingranaggio-planetario-puzzle-meccanico-legno-153-pezzi\/","title":{"rendered":"Mehanska lesena sestavljanka s planetarno prestavo, 153 kosov"},"content":{"rendered":"<div>\n<p>Mehanska lesena sestavljanka s planetarno prestavo, 153 kosov<\/p>\n<div>\n<div>Kako la\u017eje razumeti te\u017eke vidike geometrije in fizike?<\/div>\n<div><\/div>\n<div>Kaj pa prostorski odnos med predmeti?<\/div>\n<div><\/div>\n<div>Vem, da se sli\u0161i zapleteno, vendar je s planetnim menjalnikom vse skupaj preprosto in zabavno.<\/div>\n<div><\/div>\n<div>Opremi so prilo\u017eena jasna navodila in 153 lesenih kosov razli\u010dnih oblik in velikosti. Sestavljanje bo zanimivo, ko pa bo model \"za\u017eivel\", se boste veselili trenutka, ko boste lahko zagnali gumijasti motor.<\/div>\n<div><\/div>\n<div>Poleg tega lahko z zobniki spoznavate stroje in mehanske naprave, ki delujejo na podlagi vrste zobnikov, ki se vrtijo okoli velikega osrednjega kolesa.<\/div>\n<div><\/div>\n<div>Niti predstavljati si ne morete, kako pogosto ste v vsakdanjem \u017eivljenju v stiku z orodjem:<\/div>\n<div><\/div>\n<ul>\n<li>Menjalnik prestavlja glede na prestavo;<\/li>\n<li>Na podlagi tega se pri kolesarjenju mo\u010d prena\u0161a s pedal na kolesa;<\/li>\n<li>S tem mehanizmom se za\u017eenejo \u0161tevilni industrijski stroji, ki uporabljajo motorje, \u010drpalke in kompresorje;<\/li>\n<li>Kmetijski in gradbeni stroji, kot so buldo\u017eerji, bagerji, kombajni, traktorji in sejalnice, ne bi mogli delovati brez orodja.<\/li>\n<\/ul>\n<div><\/div>\n<div>Zanimivo je, da leseni zobniki, ki se uporabljajo za prenos mo\u010di v vodnih \u010drpalkah in pri obdelavi kovin, izvirajo iz obdobja 3000 let pred na\u0161im \u0161tetjem.<\/div>\n<div><\/div>\n<div>Eden prvih znanstvenikov, ki je za\u010del preu\u010devati in razumeti delovanje zobnikov, je bil Leonardo da Vinci v 15. stoletju. Razvil je razli\u010dne vrste zobnikov in opazil, da delujejo veliko u\u010dinkoviteje, \u010de so sestavljeni iz ve\u010d zob.<\/div>\n<div><\/div>\n<div>Puzzle 3Dpa je opozoril, da se v ekipah z bli\u017enjimi oprema sestavlja u\u010dinkoviteje in zanimivo: kjer je veliko, se mo\u010d pove\u010da!<\/div>\n<div><\/div>\n<div>Je odli\u010dno darilo za \u0161olarje, pa tudi za odrasle, zlasti za u\u010ditelje. \u0160e posebej, \u010de je oseba navdu\u0161ena nad in\u017eenirstvom, fiziko, matematiko ali preprosto nad ugankami.<\/div>\n<div><\/div>\n<div>Po monta\u017ei lahko u\u017eivate v \u010dudovitem okrasu za dom ali pisarno, ki bo pritegnil pozornost.<\/div>\n<div><\/div>\n<div><\/div>\n<div>PODROBNOSTI O IZDELKU:<\/div>\n<div>Dimenzije modela: 247*118*204 mm<\/div>\n<div>Dimenzije paketa: 245*188*30 mm<\/div>\n<div>\u0160tevilo kosov: 153<\/div>\n<\/div>\n<\/div>\n<div>\n<div><\/div>\n<\/div>","protected":false},"excerpt":{"rendered":"<div>Opremi so prilo\u017eena jasna navodila in 153 lesenih kosov razli\u010dnih oblik in velikosti. Sestavljanje bo zanimivo, ko pa bo model \"za\u017eivel\", se boste veselili trenutka, ko boste lahko zagnali gumijasti motor.<\/div>\n<p>&nbsp;<\/p>","protected":false},"featured_media":1447,"comment_status":"open","ping_status":"closed","template":"","meta":[],"product_brand":[],"product_cat":[73,88,74,76,89,90,91],"product_tag":[],"woo-feed-brand":[],"class_list":{"0":"post-1441","1":"product","2":"type-product","3":"status-publish","4":"has-post-thumbnail","6":"product_cat-puzzle-3d","7":"product_cat-puzzle-3d-adulti","8":"product_cat-puzzle-3d-in-legno","9":"product_cat-puzzle-3d-per-bambini","10":"product_cat-puzzle-meccanici-3d-in-legno","11":"product_cat-puzzle-meccanici-per-bambini","12":"product_cat-puzzle-meccanici-per-adulti","14":"first","15":"instock","16":"shipping-taxable","17":"purchasable","18":"product-type-simple"},"_links":{"self":[{"href":"https:\/\/puzzle3d.co\/sl\/wp-json\/wp\/v2\/product\/1441","targetHints":{"allow":["GET"]}}],"collection":[{"href":"https:\/\/puzzle3d.co\/sl\/wp-json\/wp\/v2\/product"}],"about":[{"href":"https:\/\/puzzle3d.co\/sl\/wp-json\/wp\/v2\/types\/product"}],"replies":[{"embeddable":true,"href":"https:\/\/puzzle3d.co\/sl\/wp-json\/wp\/v2\/comments?post=1441"}],"wp:featuredmedia":[{"embeddable":true,"href":"https:\/\/puzzle3d.co\/sl\/wp-json\/wp\/v2\/media\/1447"}],"wp:attachment":[{"href":"https:\/\/puzzle3d.co\/sl\/wp-json\/wp\/v2\/media?parent=1441"}],"wp:term":[{"taxonomy":"product_brand","embeddable":true,"href":"https:\/\/puzzle3d.co\/sl\/wp-json\/wp\/v2\/product_brand?post=1441"},{"taxonomy":"product_cat","embeddable":true,"href":"https:\/\/puzzle3d.co\/sl\/wp-json\/wp\/v2\/product_cat?post=1441"},{"taxonomy":"product_tag","embeddable":true,"href":"https:\/\/puzzle3d.co\/sl\/wp-json\/wp\/v2\/product_tag?post=1441"},{"taxonomy":"woo-feed-brand","embeddable":true,"href":"https:\/\/puzzle3d.co\/sl\/wp-json\/wp\/v2\/woo-feed-brand?post=1441"}],"curies":[{"name":"wp","href":"https:\/\/api.w.org\/{rel}","templated":true}]}}