{"id":1431,"date":"2023-03-08T10:39:32","date_gmt":"2023-03-08T10:39:32","guid":{"rendered":"https:\/\/puzzle3d.co\/product\/pasare-puzzle-3d-mecanic-copy\/"},"modified":"2026-01-02T05:29:01","modified_gmt":"2026-01-02T05:29:01","slug":"lesena-mehanska-sestavljanka-triceratops","status":"publish","type":"product","link":"https:\/\/puzzle3d.co\/sl\/prodotto\/triceratopo-puzzle-meccanico-in-legno\/","title":{"rendered":"Leseni mehanski model dinozavra Triceratops - 283 kosov"},"content":{"rendered":"<div>\n<p><strong>Triceratops Dinozaver Leseni mehanski model<\/strong> \u2013 <strong>283 kosov<\/strong><\/p>\n<div><\/div>\n<\/div>\n<div>\n<div>\n<div>Pred pribli\u017eno 65-68 milijoni let je na severnoameri\u0161ki celini \u0161e vedno \u017eivela vrsta rastlinojedega dinozavra s tremi rogovi na obrazu - triceratops.<\/div>\n<div><\/div>\n<div>Vzrok izumrtja dinozavrov preu\u010dujejo \u017ee ve\u010d kot 100 let. Obstajajo le hipoteze, kot so oku\u017ebe kosti, genetske te\u017eave, asteroid, ki je pred 65 milijoni let padel na Zemljo, ali mo\u010dan vulkanski izbruh.<\/div>\n<div><\/div>\n<div>Dinozavri \u0161e danes zanimajo tako otroke kot odrasle.<\/div>\n<div>Zdaj imate prilo\u017enost, da ga sami sestavite in za\u017eenete.<\/div>\n<div><\/div>\n<div>Va\u0161 prazgodovinski prijatelj lahko premika glavo, rep in noge.<\/div>\n<div><\/div>\n<div>Oblikovalci so skrbno preu\u010dili anatomijo in poskrbeli, da so bili vsi sklepi in gibi podobni gibom pravega triceratopsa.<\/div>\n<div><\/div>\n<div><\/div>\n<div><strong>PODROBNOSTI O IZDELKU:<\/strong><\/div>\n<div>Dimenzije modela: 320*160*105 mm<\/div>\n<div>Dimenzije paketa: 245*188*33 mm<\/div>\n<div>\u0160tevilo kosov: 283<\/div>\n<\/div>\n<div><\/div>\n<\/div>","protected":false},"excerpt":{"rendered":"<div>Dinozavri \u0161e danes zanimajo tako otroke kot odrasle.<br \/>\nZdaj imate prilo\u017enost, da ga sami sestavite in za\u017eenete.<\/div>\n<p>&nbsp;<\/p>","protected":false},"featured_media":1437,"comment_status":"open","ping_status":"closed","template":"","meta":{"slim_seo":{"title":"\ud83e\udd96 Leseni mehanski model dinozavra Triceratops - 283 kosov","description":"Dinozavri triceratopsi \u0161e danes zanimajo tako otroke kot odrasle. Zdaj imate prilo\u017enost, da enega sestavite sami in ga spravite v gibanje."}},"product_brand":[],"product_cat":[89,91,90,73,88,74,76],"product_tag":[],"woo-feed-brand":[],"class_list":{"0":"post-1431","1":"product","2":"type-product","3":"status-publish","4":"has-post-thumbnail","6":"product_cat-puzzle-meccanici-3d-in-legno","7":"product_cat-puzzle-meccanici-per-adulti","8":"product_cat-puzzle-meccanici-per-bambini","9":"product_cat-puzzle-3d","10":"product_cat-puzzle-3d-adulti","11":"product_cat-puzzle-3d-in-legno","12":"product_cat-puzzle-3d-per-bambini","14":"first","15":"outofstock","16":"shipping-taxable","17":"purchasable","18":"product-type-simple"},"_links":{"self":[{"href":"https:\/\/puzzle3d.co\/sl\/wp-json\/wp\/v2\/product\/1431","targetHints":{"allow":["GET"]}}],"collection":[{"href":"https:\/\/puzzle3d.co\/sl\/wp-json\/wp\/v2\/product"}],"about":[{"href":"https:\/\/puzzle3d.co\/sl\/wp-json\/wp\/v2\/types\/product"}],"replies":[{"embeddable":true,"href":"https:\/\/puzzle3d.co\/sl\/wp-json\/wp\/v2\/comments?post=1431"}],"wp:featuredmedia":[{"embeddable":true,"href":"https:\/\/puzzle3d.co\/sl\/wp-json\/wp\/v2\/media\/1437"}],"wp:attachment":[{"href":"https:\/\/puzzle3d.co\/sl\/wp-json\/wp\/v2\/media?parent=1431"}],"wp:term":[{"taxonomy":"product_brand","embeddable":true,"href":"https:\/\/puzzle3d.co\/sl\/wp-json\/wp\/v2\/product_brand?post=1431"},{"taxonomy":"product_cat","embeddable":true,"href":"https:\/\/puzzle3d.co\/sl\/wp-json\/wp\/v2\/product_cat?post=1431"},{"taxonomy":"product_tag","embeddable":true,"href":"https:\/\/puzzle3d.co\/sl\/wp-json\/wp\/v2\/product_tag?post=1431"},{"taxonomy":"woo-feed-brand","embeddable":true,"href":"https:\/\/puzzle3d.co\/sl\/wp-json\/wp\/v2\/woo-feed-brand?post=1431"}],"curies":[{"name":"wp","href":"https:\/\/api.w.org\/{rel}","templated":true}]}}