{"id":1423,"date":"2023-03-08T09:40:19","date_gmt":"2023-03-08T09:40:19","guid":{"rendered":"https:\/\/puzzle3d.co\/product\/retro-car-puzzle-3d-mecanic-copy\/"},"modified":"2026-01-02T05:29:01","modified_gmt":"2026-01-02T05:29:01","slug":"mehanska-lesena-pticja-sestavljanka","status":"publish","type":"product","link":"https:\/\/puzzle3d.co\/sl\/prodotto\/uccello-puzzle-meccanico-in-legno\/","title":{"rendered":"Lesena \u0161katla za zobotrebce - 37 kosov"},"content":{"rendered":"<p><strong>Ptica - Lesena \u0161katlica za zobotrebce - 37 kosov<\/strong><\/p>\n<div>\n<div>Majhne podrobnosti naredijo veliko razliko!<\/div>\n<div><\/div>\n<div>Zakaj radi izbiramo najlep\u0161e posode za \u010daj in kavo?<\/div>\n<div>Ker razveseljuje na\u0161e o\u010di in du\u0161o. Izberite izvirnost v kuhinji in na mizi s posebno \u0161katlico za zobotrebce, okra\u0161eno s ptico. Vanjo lahko shranite tudi druge drobne predmete, kot so prstani, kovanci ali ljubezenska pisma.<\/div>\n<div><\/div>\n<div>Lahko ga pustite v barvi lesa ali ga pobarvate, da se bo ujemal z dekorjem va\u0161ega doma. Spomladi ga lahko postavite na teraso.<\/div>\n<div>Ja, z eno samo ptico ne ustvari\u0161 pomladi, vendar lahko s to \u010dudovito sestavljanko ustvari\u0161 \u010dudovit predmet, ki ti bo dal ob\u010dutek pomladi vsaki\u010d, ko ga bo\u0161 ob\u010dudoval. Verjetno najprimernej\u0161e darilo za vse mame in babice, katerih otroci so odrasli in poleteli iz gnezda...<\/div>\n<div><\/div>\n<div><strong>PODROBNOSTI O IZDELKU:<\/strong><\/div>\n<div>Dimenzije modela: 125*80*140 mm<\/div>\n<div>Dimenzije embala\u017ee: 190 x 123 x 19 mm<\/div>\n<div>\u0160tevilo kosov: 38<\/div>\n<\/div>","protected":false},"excerpt":{"rendered":"<div>Izberite izvirnost v kuhinji in na mizi s posebno \u0161katlico za zobotrebce, okra\u0161eno s ptico.<\/div>\n<p>&nbsp;<\/p>","protected":false},"featured_media":1427,"comment_status":"open","ping_status":"closed","template":"","meta":[],"product_brand":[],"product_cat":[73,88,74,76,89,90,91],"product_tag":[],"woo-feed-brand":[],"class_list":{"0":"post-1423","1":"product","2":"type-product","3":"status-publish","4":"has-post-thumbnail","6":"product_cat-puzzle-3d","7":"product_cat-puzzle-3d-adulti","8":"product_cat-puzzle-3d-in-legno","9":"product_cat-puzzle-3d-per-bambini","10":"product_cat-puzzle-meccanici-3d-in-legno","11":"product_cat-puzzle-meccanici-per-bambini","12":"product_cat-puzzle-meccanici-per-adulti","14":"first","15":"instock","16":"shipping-taxable","17":"purchasable","18":"product-type-simple"},"_links":{"self":[{"href":"https:\/\/puzzle3d.co\/sl\/wp-json\/wp\/v2\/product\/1423","targetHints":{"allow":["GET"]}}],"collection":[{"href":"https:\/\/puzzle3d.co\/sl\/wp-json\/wp\/v2\/product"}],"about":[{"href":"https:\/\/puzzle3d.co\/sl\/wp-json\/wp\/v2\/types\/product"}],"replies":[{"embeddable":true,"href":"https:\/\/puzzle3d.co\/sl\/wp-json\/wp\/v2\/comments?post=1423"}],"wp:featuredmedia":[{"embeddable":true,"href":"https:\/\/puzzle3d.co\/sl\/wp-json\/wp\/v2\/media\/1427"}],"wp:attachment":[{"href":"https:\/\/puzzle3d.co\/sl\/wp-json\/wp\/v2\/media?parent=1423"}],"wp:term":[{"taxonomy":"product_brand","embeddable":true,"href":"https:\/\/puzzle3d.co\/sl\/wp-json\/wp\/v2\/product_brand?post=1423"},{"taxonomy":"product_cat","embeddable":true,"href":"https:\/\/puzzle3d.co\/sl\/wp-json\/wp\/v2\/product_cat?post=1423"},{"taxonomy":"product_tag","embeddable":true,"href":"https:\/\/puzzle3d.co\/sl\/wp-json\/wp\/v2\/product_tag?post=1423"},{"taxonomy":"woo-feed-brand","embeddable":true,"href":"https:\/\/puzzle3d.co\/sl\/wp-json\/wp\/v2\/woo-feed-brand?post=1423"}],"curies":[{"name":"wp","href":"https:\/\/api.w.org\/{rel}","templated":true}]}}