{"id":1184,"date":"2023-02-06T10:42:01","date_gmt":"2023-02-06T10:42:01","guid":{"rendered":"https:\/\/puzzle3d.co\/product\/locomotiva-puzzle-3d-mecanic-copy\/"},"modified":"2026-03-27T20:03:28","modified_gmt":"2026-03-27T20:03:28","slug":"avtomobilska-retro-mehanska-sestavljanka","status":"publish","type":"product","link":"https:\/\/puzzle3d.co\/sl\/prodotto\/modellismo-auto-retro-meccanico\/","title":{"rendered":"Retro mehanski leseni model avtomobila, 315 kosov"},"content":{"rendered":"<div>\n<p><strong>Retro mehanski leseni model avtomobila, 315 kosov<\/strong><\/p>\n<div>\u010ceprav \u017eivimo v dobi hitrosti, v kateri so zmogljivi avtomobili vse bolj iskani, zagotovo nih\u010de ne bi zavrnil potovanja z retro avtomobilom.<\/div>\n<\/div>\n<div>\n<div>\n<div><\/div>\n<div>Na kaj opozorite, ko imate prilo\u017enost ob\u010dudovati razstavo retro avtomobilov?<\/div>\n<div><\/div>\n<div>Zaradi prefinjenih podrobnosti, elegantnih dodatkov, funkcij, ki jih v dana\u0161njih modelih ni, si klasi\u010dni avtomobil ogledate nekoliko dlje.<\/div>\n<div><\/div>\n<div>Retro avtomobil, ki ga obo\u017eujejo otroci, odrasli in starej\u0161i, ostaja univerzalen simbol avtomobilske zgodovine in lepote, ki zajema ve\u010d generacij in postaja vse bolj priljubljen.<\/div>\n<div><\/div>\n<div>Vabimo vas na potovanje v preteklost s popolnoma osupljivim starinskim modelom.<\/div>\n<div><\/div>\n<div>Sploh ne vem, kaj vas bo bolj navdu\u0161ilo: sestavljanje ve\u010d kot 300 kosov sestavljanke, ki vam bo vzelo skoraj 8 ur, ali kon\u010dni izdelek, ki vas bo o\u010daral kot vrhunsko vino. To bo nepozabno do\u017eivetje!<\/div>\n<div><\/div>\n<div>Za\u010detni mehanizem je skrivnostno skrit v stranskem rezervnem kolesu. Odprite vrata na \u0161iroko in se udobno namestite. Zavrtite volan v desno in kolesa se bodo zavrtela v isto smer. Ob vas je \u0161e vedno prosti sede\u017e, kdo vas bo spremljal na zgodovinskem potovanju?<\/div>\n<div><\/div>\n<div><\/div>\n<div>Retro avto je odli\u010dno darilo za vse ljubitelje avtomobilov, zgodovine, potovanj, zbiratelje in najbolj\u0161e prijatelje, ne glede na starost.<\/div>\n<div><\/div>\n<div>Les, iz katerega je avtomobil izdelan, mu daje pridih razko\u0161ja in trpe\u017enosti. Iskreno lahko re\u010demo, da je to nalo\u017eba v predmet, ki je drag du\u0161i.<\/div>\n<div><\/div>\n<div>Zdaj kupite osebni klasi\u010dni avtomobil, ga sestavite z lastnimi rokami in s\u010dasoma bo postajal vse bolj dragocen.<\/div>\n<div><\/div>\n<div><\/div>\n<div><strong>PODROBNOSTI O IZDELKU:<\/strong><\/div>\n<div>Dimenzije modela: 300*170*155 mm<\/div>\n<div>Dimenzije paketa: 374*243*28 mm<\/div>\n<div>\u0160tevilo kosov: 315<\/div>\n<\/div>\n<div><\/div>\n<\/div>","protected":false},"excerpt":{"rendered":"<div>Retro avtomobil, ki ga obo\u017eujejo otroci, odrasli in starej\u0161i, ostaja univerzalen simbol avtomobilske zgodovine in lepote, ki zajema ve\u010d generacij in postaja vse bolj priljubljen.<\/div>","protected":false},"featured_media":1187,"comment_status":"open","ping_status":"closed","template":"","meta":{"slim_seo":{"title":"\ud83d\ude97 Retro mehanski leseni model avtomobila, 315 kosov","description":"Skupaj z ljubljeno osebo sestavite retro mehanski model avtomobila, kot se spodobi za potovanje. Nato vozilo namestite nase in odpeljemo se!"}},"product_brand":[],"product_cat":[89,91,90,73,88,74,76],"product_tag":[],"woo-feed-brand":[],"class_list":{"0":"post-1184","1":"product","2":"type-product","3":"status-publish","4":"has-post-thumbnail","6":"product_cat-puzzle-meccanici-3d-in-legno","7":"product_cat-puzzle-meccanici-per-adulti","8":"product_cat-puzzle-meccanici-per-bambini","9":"product_cat-puzzle-3d","10":"product_cat-puzzle-3d-adulti","11":"product_cat-puzzle-3d-in-legno","12":"product_cat-puzzle-3d-per-bambini","14":"first","15":"instock","16":"shipping-taxable","17":"purchasable","18":"product-type-simple"},"_links":{"self":[{"href":"https:\/\/puzzle3d.co\/sl\/wp-json\/wp\/v2\/product\/1184","targetHints":{"allow":["GET"]}}],"collection":[{"href":"https:\/\/puzzle3d.co\/sl\/wp-json\/wp\/v2\/product"}],"about":[{"href":"https:\/\/puzzle3d.co\/sl\/wp-json\/wp\/v2\/types\/product"}],"replies":[{"embeddable":true,"href":"https:\/\/puzzle3d.co\/sl\/wp-json\/wp\/v2\/comments?post=1184"}],"wp:featuredmedia":[{"embeddable":true,"href":"https:\/\/puzzle3d.co\/sl\/wp-json\/wp\/v2\/media\/1187"}],"wp:attachment":[{"href":"https:\/\/puzzle3d.co\/sl\/wp-json\/wp\/v2\/media?parent=1184"}],"wp:term":[{"taxonomy":"product_brand","embeddable":true,"href":"https:\/\/puzzle3d.co\/sl\/wp-json\/wp\/v2\/product_brand?post=1184"},{"taxonomy":"product_cat","embeddable":true,"href":"https:\/\/puzzle3d.co\/sl\/wp-json\/wp\/v2\/product_cat?post=1184"},{"taxonomy":"product_tag","embeddable":true,"href":"https:\/\/puzzle3d.co\/sl\/wp-json\/wp\/v2\/product_tag?post=1184"},{"taxonomy":"woo-feed-brand","embeddable":true,"href":"https:\/\/puzzle3d.co\/sl\/wp-json\/wp\/v2\/woo-feed-brand?post=1184"}],"curies":[{"name":"wp","href":"https:\/\/api.w.org\/{rel}","templated":true}]}}