{"id":1177,"date":"2023-02-06T10:20:19","date_gmt":"2023-02-06T10:20:19","guid":{"rendered":"https:\/\/puzzle3d.co\/product\/gramophone-puzzle-3d-copy\/"},"modified":"2026-01-02T05:29:01","modified_gmt":"2026-01-02T05:29:01","slug":"parna-lokomotiva-mehanska-sestavljanka","status":"publish","type":"product","link":"https:\/\/puzzle3d.co\/sl\/prodotto\/locomotiva-a-vapore-puzzle-meccanico\/","title":{"rendered":"Leseni model mehanskega vlaka, 325 kosov"},"content":{"rendered":"<div>\n<p><strong>Leseni mehanski model vlaka, 325 kosov - Parna lokomotiva<\/strong><\/p>\n<div>Prvo lokomotivo na svetu sta leta 1804 v Angliji izumila George Stephenson in njegov sin Robert.<\/div>\n<\/div>\n<div>\n<div>\n<div><\/div>\n<div>Prebivalstvo Anglije je nara\u0161\u010dalo, nastajalo je vse ve\u010d tovarn, zato je bilo potrebno sredstvo za prevoz ljudi in blaga na dolge razdalje.<\/div>\n<div><\/div>\n<div>Imenovala se je \"parna lokomotiva\", njena najve\u010dja hitrost pa je bila 16 km\/h.<\/div>\n<div><\/div>\n<div>Zanimivo je, da so jih ovirali sovra\u017eni kmetje, ki so za vleko uporabljali konje in so bili nezadovoljni, ker je \u017eelezni\u0161ka industrija povzro\u010dila propad trga ovsa.<\/div>\n<div><\/div>\n<div>Zanimivo, kajne?<\/div>\n<div><\/div>\n<div>Zdaj lahko prvo lokomotivo z gumijastim motorjem sestavite brez ene same kapljice lepila. Naravni leseni deli ji dajejo starinski pridih in prefinjen videz.<\/div>\n<div><\/div>\n<div>Darilo za vso dru\u017eino<\/div>\n<div><\/div>\n<div>Mehansko lokomotivo sestavite skupaj z ljubljeno osebo, kot se za potovanje spodobi. Nato vozilo namestite in odpeljemo se!<\/div>\n<div>Kaj bi radi dali v vagon? Tam je dovolj prostora... (za prstan, vstopnico ali klju\u010d).<\/div>\n<div><\/div>\n<div>Ob koncu potovanja postavite to \u010dudovito lokomotivo na vidno mesto v svojem domu.<\/div>\n<div><\/div>\n<div>Je odli\u010dno darilo za vse ljubitelje potovanj, mehanske navdu\u0161ence in otroke do 99. leta starosti.<\/div>\n<div><\/div>\n<div>Zdaj, ko imate svojo osebno lokomotivo, u\u017eivajte v romanti\u010dnih potovanjih \u010dim pogosteje!<\/div>\n<div><\/div>\n<div><\/div>\n<div><\/div>\n<div><strong>PODROBNOSTI O IZDELKU:<\/strong><\/div>\n<div>Dimenzije modela: 400*103*178 mm<\/div>\n<div>Dimenzije paketa: 245*188*30 mm<\/div>\n<div><strong>\u0160tevilo kosov: 325<\/strong><\/div>\n<\/div>\n<div><\/div>\n<\/div>","protected":false},"excerpt":{"rendered":"<div>Je odli\u010dno darilo za vse ljubitelje potovanj, mehanske navdu\u0161ence in otroke do 99. leta starosti.<\/div>\n<p>&nbsp;<\/p>","protected":false},"featured_media":1180,"comment_status":"open","ping_status":"closed","template":"","meta":[],"product_brand":[],"product_cat":[73,108,88,74,76,89,90,91],"product_tag":[],"woo-feed-brand":[],"class_list":{"0":"post-1177","1":"product","2":"type-product","3":"status-publish","4":"has-post-thumbnail","6":"product_cat-puzzle-3d","7":"product_cat-modellismo-da-costruire-per-adulti","8":"product_cat-puzzle-3d-adulti","9":"product_cat-puzzle-3d-in-legno","10":"product_cat-puzzle-3d-per-bambini","11":"product_cat-puzzle-meccanici-3d-in-legno","12":"product_cat-puzzle-meccanici-per-bambini","13":"product_cat-puzzle-meccanici-per-adulti","15":"first","16":"instock","17":"shipping-taxable","18":"purchasable","19":"product-type-simple"},"_links":{"self":[{"href":"https:\/\/puzzle3d.co\/sl\/wp-json\/wp\/v2\/product\/1177","targetHints":{"allow":["GET"]}}],"collection":[{"href":"https:\/\/puzzle3d.co\/sl\/wp-json\/wp\/v2\/product"}],"about":[{"href":"https:\/\/puzzle3d.co\/sl\/wp-json\/wp\/v2\/types\/product"}],"replies":[{"embeddable":true,"href":"https:\/\/puzzle3d.co\/sl\/wp-json\/wp\/v2\/comments?post=1177"}],"wp:featuredmedia":[{"embeddable":true,"href":"https:\/\/puzzle3d.co\/sl\/wp-json\/wp\/v2\/media\/1180"}],"wp:attachment":[{"href":"https:\/\/puzzle3d.co\/sl\/wp-json\/wp\/v2\/media?parent=1177"}],"wp:term":[{"taxonomy":"product_brand","embeddable":true,"href":"https:\/\/puzzle3d.co\/sl\/wp-json\/wp\/v2\/product_brand?post=1177"},{"taxonomy":"product_cat","embeddable":true,"href":"https:\/\/puzzle3d.co\/sl\/wp-json\/wp\/v2\/product_cat?post=1177"},{"taxonomy":"product_tag","embeddable":true,"href":"https:\/\/puzzle3d.co\/sl\/wp-json\/wp\/v2\/product_tag?post=1177"},{"taxonomy":"woo-feed-brand","embeddable":true,"href":"https:\/\/puzzle3d.co\/sl\/wp-json\/wp\/v2\/woo-feed-brand?post=1177"}],"curies":[{"name":"wp","href":"https:\/\/api.w.org\/{rel}","templated":true}]}}