{"id":1139,"date":"2023-02-03T13:44:29","date_gmt":"2023-02-03T13:44:29","guid":{"rendered":"https:\/\/puzzle3d.co\/product\/moara-de-vant-puzzle-3d-mecanic-copy\/"},"modified":"2026-01-02T05:29:02","modified_gmt":"2026-01-02T05:29:02","slug":"crna-lesena-hisica-za-macke","status":"publish","type":"product","link":"https:\/\/puzzle3d.co\/sl\/prodotto\/casetta-per-gatti-in-legno-nero\/","title":{"rendered":"152-delna lesena hi\u0161ica za ma\u010dke"},"content":{"rendered":"<p><strong>152-delna lesena ma\u010dja hi\u0161ica v razli\u010dnih barvah<\/strong><\/p>\n<div>\n<div>Ko sanjajo, ma\u010dke tresejo z nogami, mrmrajo in se smehljajo. Po prijetnih sanjah so izjemno razpolo\u017eene: svojemu lastniku nudijo veliko naklonjenosti in bo\u017eanja.<\/div>\n<div><\/div>\n<div>Vemo, kako zelo vam je mar za va\u0161ega ljubljenega hi\u0161nega ljubljen\u010dka. Zato so kosi naravnega lesa razrezani in sestavljeni tako idealno, da ni potrebna niti kapljica lepila. Samo mehka odeja.<\/div>\n<div><\/div>\n<div>Lesena igralna hi\u0161ica je kot ljubezenska izjava ma\u010dki. Ljubite jo tako zelo, kot ona ljubi vas.<\/div>\n<div><\/div>\n<div>Lesena ma\u010dja hi\u0161a s krznom. Na voljo v 4 barvah:<\/div>\n<\/div>\n<ul>\n<li>mala \u010drna hi\u0161ica z belim ko\u017euhom<\/li>\n<li>bela hi\u0161a s \u010drnim krznom<\/li>\n<li>bela hi\u0161a z ro\u017enatim krznom<\/li>\n<li>lesena hi\u0161a z belim krznom.<\/li>\n<\/ul>\n<div>\n<div><\/div>\n<div><strong>PODROBNOSTI O IZDELKU:<\/strong><\/div>\n<div><\/div>\n<div>Dimenzije modela: 480*362*456 mm<\/div>\n<div>Dimenzije paketa: 580*380*40 mm<\/div>\n<div>\u0160tevilo kosov: 152<\/div>\n<\/div>\n<div><\/div>","protected":false},"excerpt":{"rendered":"<div><\/div>\n<p>&nbsp;<\/p>","protected":false},"featured_media":2672,"comment_status":"open","ping_status":"closed","template":"","meta":{"slim_seo":{"title":"\ud83c\udfda\ufe0f Lesena ma\u010dja hi\u0161ica \u010drno\/belo krzno \ud83d\udc08\u200d\u2b1b","description":"Lesena ma\u010dja hi\u0161a s krznom. Na voljo v 4 barvah. Izvirno darilo za ljubitelje ma\u010dk. Okrasni element"}},"product_brand":[],"product_cat":[99],"product_tag":[],"woo-feed-brand":[],"class_list":{"0":"post-1139","1":"product","2":"type-product","3":"status-publish","4":"has-post-thumbnail","6":"product_cat-casette-per-gatti-da-interno","8":"first","9":"instock","10":"shipping-taxable","11":"purchasable","12":"product-type-variable"},"_links":{"self":[{"href":"https:\/\/puzzle3d.co\/sl\/wp-json\/wp\/v2\/product\/1139","targetHints":{"allow":["GET"]}}],"collection":[{"href":"https:\/\/puzzle3d.co\/sl\/wp-json\/wp\/v2\/product"}],"about":[{"href":"https:\/\/puzzle3d.co\/sl\/wp-json\/wp\/v2\/types\/product"}],"replies":[{"embeddable":true,"href":"https:\/\/puzzle3d.co\/sl\/wp-json\/wp\/v2\/comments?post=1139"}],"wp:featuredmedia":[{"embeddable":true,"href":"https:\/\/puzzle3d.co\/sl\/wp-json\/wp\/v2\/media\/2672"}],"wp:attachment":[{"href":"https:\/\/puzzle3d.co\/sl\/wp-json\/wp\/v2\/media?parent=1139"}],"wp:term":[{"taxonomy":"product_brand","embeddable":true,"href":"https:\/\/puzzle3d.co\/sl\/wp-json\/wp\/v2\/product_brand?post=1139"},{"taxonomy":"product_cat","embeddable":true,"href":"https:\/\/puzzle3d.co\/sl\/wp-json\/wp\/v2\/product_cat?post=1139"},{"taxonomy":"product_tag","embeddable":true,"href":"https:\/\/puzzle3d.co\/sl\/wp-json\/wp\/v2\/product_tag?post=1139"},{"taxonomy":"woo-feed-brand","embeddable":true,"href":"https:\/\/puzzle3d.co\/sl\/wp-json\/wp\/v2\/woo-feed-brand?post=1139"}],"curies":[{"name":"wp","href":"https:\/\/api.w.org\/{rel}","templated":true}]}}