{"id":457,"date":"2023-01-12T16:12:45","date_gmt":"2023-01-12T16:12:45","guid":{"rendered":"https:\/\/puzzle3d.co\/?page_id=457"},"modified":"2025-02-16T07:17:23","modified_gmt":"2025-02-16T07:17:23","slug":"kdo-smo","status":"publish","type":"page","link":"https:\/\/puzzle3d.co\/sl\/chi-siamo\/","title":{"rendered":"O nas"},"content":{"rendered":"<section class=\"section\" id=\"section_1267717078\">\n\t\t<div class=\"section-bg fill\" >\n\t\t\t\t\t\t\t\t\t\n\t\t\t\n\n\t\t<\/div>\n\n\t\t\n\n\t\t<div class=\"section-content relative\">\n\t\t\t\n<div class=\"row row-collapse row-full-width align-middle\"  id=\"row-719225770\">\n\n\t<div id=\"col-1990003400\" class=\"col medium-12 small-12 large-6\"  >\n\t\t\t\t<div class=\"col-inner\"  >\n\t\t\t\n\t\t\t\n\t<div id=\"gap-231570249\" class=\"gap-element clearfix\" style=\"display:block; height:auto;\">\n\t\t\n<style>\n#gap-231570249 {\n  padding-top: 50px;\n}\n<\/style>\n\t<\/div>\n\t\n<div class=\"row align-center\"  id=\"row-1876015417\">\n\n\t<div id=\"col-1652572306\" class=\"col small-12 large-12\"  >\n\t\t\t\t<div class=\"col-inner text-center\"  >\n\t\t\t\n\t\t\t\n\t<div id=\"text-2117368064\" class=\"text\">\n\t\t\n<h1 class=\"uppercase\">O nas<\/h1>\n\t\t\n<style>\n#text-2117368064 {\n  font-size: 1.75rem;\n}\n@media (min-width:550px) {\n  #text-2117368064 {\n    font-size: 2rem;\n  }\n}\n<\/style>\n\t<\/div>\n\t\n<div>Smo uradni distributerji blagovne znamke Ewa Eco Wood Art Italia. Mehanski modeli v obliki gradnika, ki jih lahko sestavite sami (brez lepila in posebnega orodja), sestavljanke, igra\u010de, spominki in poslovna darila iz naravnih materialov.<\/div>\n<div><\/div>\n<div>V vse bolj hitrem svetu smo se odlo\u010dili, da dru\u017eino in prijatelje zdru\u017eimo, da pre\u017eivijo nekaj kakovostnega \u010dasa, in sicer tako, da sestavimo <a class=\"wpil_keyword_link\" title=\"sestavljanka\" href=\"https:\/\/puzzle3d.co\/collection\/puzzle-3d\/\" data-wpil-keyword-link=\"linked\">sestavljanka<\/a>.<\/div>\n<div><\/div>\n<div>Na\u0161e vrednote so dru\u017eina, zdravje in narava.<\/div>\n<div>\u010ce bo v vsaki dru\u017eini obstajala kultura skupnega re\u0161evanja uganke na ozadju globoke in pristne komunikacije, bo to pomenilo, da bo na\u0161e poslanstvo izpolnjeno.<\/div>\n<div><\/div>\n<div>Raziskave nevrokirurgov in profesorjev psihologije so pokazale ugodne u\u010dinke sestavljank na zdravje mo\u017eganov in vedenje ljudi.<\/div>\n<div><\/div>\n<div>Trajnostni material in skrb za naravo sta ena od na\u0161ih skrbi. Kosi so izdelani iz lesa in sestavljeni brez kapljice lepila.<\/div>\n<div><\/div>\n<div>Vse ve\u010d odraslih se zaveda teh prednosti in se odlo\u010da, da bodo sestavljanke postale dostopen in zanimiv hobi. In to nas veseli!<\/div>\n<div>Pandemija nas je nau\u010dila prave vrednosti komunikacije in sre\u010devanja z bli\u017enjimi. Zato ne oklevajte: izberite svojo najljub\u0161o sestavljanko in \u017eivite lepo \u017eivljenje!<\/div>\n<div><\/div>\n<div>Na\u0161e prepri\u010danje je, da bo \"lepota re\u0161ila svet\". V dobi tehnologije in robotike je ustvarjanje ne\u010desa lepega z lastnimi rokami kot letenje po nebu z lastnimi krili.<\/div>\n\t<div id=\"gap-85554764\" class=\"gap-element clearfix\" style=\"display:block; height:auto;\">\n\t\t\n<style>\n#gap-85554764 {\n  padding-top: 20px;\n}\n@media (min-width:550px) {\n  #gap-85554764 {\n    padding-top: 0px;\n  }\n}\n<\/style>\n\t<\/div>\n\t\n<a href=\"https:\/\/puzzle3d.co\/\" class=\"button secondary is-underline\" >\n\t\t<span>Odkrijte<\/span>\n\t<\/a>\n\n\t\t<\/div>\n\t\t\t\t\n<style>\n#col-1652572306 > .col-inner {\n  padding: 30px 5% 30px 5%;\n}\n@media (min-width:550px) {\n  #col-1652572306 > .col-inner {\n    padding: 50px 10% 50px 10%;\n  }\n}\n@media (min-width:850px) {\n  #col-1652572306 > .col-inner {\n    padding: 0px 5% 0px 5%;\n  }\n}\n<\/style>\n\t<\/div>\n\n\t\n<\/div>\n\t\t<\/div>\n\t\t\t\t\t<\/div>\n\n\t\n\n\t<div id=\"col-942658381\" class=\"col medium-12 small-12 large-6\"  >\n\t\t\t\t<div class=\"col-inner\" style=\"background-color:rgb(255, 255, 255);\" >\n\t\t\t\n\t\t\t\n<div class=\"slider-wrapper relative\" id=\"slider-2090176441\" >\n    <div class=\"slider slider-nav-circle slider-nav-large slider-nav-light slider-style-container\"\n        data-flickity-options='{            \"cellAlign\": \"center\",            \"imagesLoaded\": true,            \"lazyLoad\": 1,            \"freeScroll\": true,            \"wrapAround\": true,            \"autoPlay\": 100,            \"pauseAutoPlayOnHover\" : false,            \"prevNextButtons\": false,            \"contain\" : true,            \"adaptiveHeight\" : true,            \"dragThreshold\" : 10,            \"percentPosition\": true,            \"pageDots\": true,            \"rightToLeft\": false,            \"draggable\": true,            \"selectedAttraction\": 0.1,            \"parallax\" : 0,            \"friction\": 0.6        }'\n        >\n        \n\n  <div class=\"banner has-hover\" id=\"banner-1304057765\">\n          <div class=\"banner-inner fill\">\n        <div class=\"banner-bg fill\" >\n            <img loading=\"lazy\" decoding=\"async\" width=\"1000\" height=\"650\" src=\"https:\/\/puzzle3d.co\/wp-content\/uploads\/2013\/12\/tren-abur2.jpg\" class=\"bg attachment-large size-large\" alt=\"\">                                    \n                    <\/div>\n\t\t\n        <div class=\"banner-layers container\">\n            <div class=\"fill banner-link\"><\/div>            \n   <div id=\"text-box-1787184306\" class=\"text-box banner-layer x50 md-x50 lg-x50 y50 md-y50 lg-y50 res-text\">\n                                <div class=\"text-box-content text dark\">\n              \n              <div class=\"text-inner text-center\">\n                  \n              <\/div>\n           <\/div>\n                            \n<style>\n#text-box-1787184306 {\n  width: 60%;\n}\n#text-box-1787184306 .text-box-content {\n  font-size: 100%;\n}\n<\/style>\n    <\/div>\n \n        <\/div>\n      <\/div>\n\n            \n<style>\n#banner-1304057765 {\n  padding-top: 300px;\n  background-color: rgba(255, 255, 255, 0);\n}\n#banner-1304057765 .banner-bg img {\n  object-position: 28% 50%;\n}\n@media (min-width:550px) {\n  #banner-1304057765 {\n    padding-top: 450px;\n  }\n}\n@media (min-width:850px) {\n  #banner-1304057765 {\n    padding-top: 750px;\n  }\n}\n<\/style>\n  <\/div>\n\n\n\n  <div class=\"banner has-hover\" id=\"banner-690302724\">\n          <div class=\"banner-inner fill\">\n        <div class=\"banner-bg fill\" >\n            <img loading=\"lazy\" decoding=\"async\" width=\"1000\" height=\"650\" src=\"https:\/\/puzzle3d.co\/wp-content\/uploads\/2023\/01\/caine.jpg\" class=\"bg attachment-large size-large\" alt=\"\">                                    \n                    <\/div>\n\t\t\n        <div class=\"banner-layers container\">\n            <div class=\"fill banner-link\"><\/div>            \n   <div id=\"text-box-1441579784\" class=\"text-box banner-layer x50 md-x50 lg-x50 y50 md-y50 lg-y50 res-text\">\n                                <div class=\"text-box-content text dark\">\n              \n              <div class=\"text-inner text-center\">\n                  \n              <\/div>\n           <\/div>\n                            \n<style>\n#text-box-1441579784 {\n  width: 60%;\n}\n#text-box-1441579784 .text-box-content {\n  font-size: 100%;\n}\n<\/style>\n    <\/div>\n \n        <\/div>\n      <\/div>\n\n            \n<style>\n#banner-690302724 {\n  padding-top: 300px;\n  background-color: rgba(255, 255, 255, 0);\n}\n#banner-690302724 .banner-bg img {\n  object-position: 41% 8%;\n}\n@media (min-width:550px) {\n  #banner-690302724 {\n    padding-top: 450px;\n  }\n}\n@media (min-width:850px) {\n  #banner-690302724 {\n    padding-top: 750px;\n  }\n}\n<\/style>\n  <\/div>\n\n\n\n  <div class=\"banner has-hover\" id=\"banner-1311221760\">\n          <div class=\"banner-inner fill\">\n        <div class=\"banner-bg fill\" >\n            <img loading=\"lazy\" decoding=\"async\" width=\"1000\" height=\"650\" src=\"https:\/\/puzzle3d.co\/wp-content\/uploads\/2023\/01\/lion.jpg\" class=\"bg attachment-large size-large\" alt=\"\">                                    \n                    <\/div>\n\t\t\n        <div class=\"banner-layers container\">\n            <div class=\"fill banner-link\"><\/div>            \n   <div id=\"text-box-659164998\" class=\"text-box banner-layer x50 md-x50 lg-x50 y50 md-y50 lg-y50 res-text\">\n                                <div class=\"text-box-content text dark\">\n              \n              <div class=\"text-inner text-center\">\n                  \n              <\/div>\n           <\/div>\n                            \n<style>\n#text-box-659164998 {\n  width: 60%;\n}\n#text-box-659164998 .text-box-content {\n  font-size: 100%;\n}\n<\/style>\n    <\/div>\n \n        <\/div>\n      <\/div>\n\n            \n<style>\n#banner-1311221760 {\n  padding-top: 300px;\n  background-color: rgba(255, 255, 255, 0);\n}\n#banner-1311221760 .banner-bg img {\n  object-position: 42% 48%;\n}\n@media (min-width:550px) {\n  #banner-1311221760 {\n    padding-top: 450px;\n  }\n}\n@media (min-width:850px) {\n  #banner-1311221760 {\n    padding-top: 750px;\n  }\n}\n<\/style>\n  <\/div>\n\n\n     <\/div>\n\n     <div class=\"loading-spin dark large centered\"><\/div>\n\n\t<\/div>\n\n\n\t<div id=\"gap-1205485019\" class=\"gap-element clearfix\" style=\"display:block; height:auto;\">\n\t\t\n<style>\n#gap-1205485019 {\n  padding-top: 30px;\n}\n<\/style>\n\t<\/div>\n\t\n<div class=\"row\"  id=\"row-1623518541\">\n\n\t<div id=\"col-1918980221\" class=\"col small-12 large-12\"  >\n\t\t\t\t<div class=\"col-inner\"  >\n\t\t\t\n\t\t\t\n<div class=\"row row-solid\"  id=\"row-2001243121\">\n\n\t<div id=\"col-2045264207\" class=\"col medium-4 small-12 large-4\"  >\n\t\t\t\t<div class=\"col-inner text-center\"  >\n\t\t\t\n\t\t\t\n\t<div id=\"gap-1604432884\" class=\"gap-element clearfix\" style=\"display:block; height:auto;\">\n\t\t\n<style>\n#gap-1604432884 {\n  padding-top: 5px;\n}\n<\/style>\n\t<\/div>\n\t\n\t<div id=\"text-12229384\" class=\"text\">\n\t\t\n<h4>Brez Cola<\/h4>\n\t\t\n<style>\n#text-12229384 {\n  line-height: 0.75;\n}\n<\/style>\n\t<\/div>\n\t\n\t\t<\/div>\n\t\t\t\t\t<\/div>\n\n\t\n\n\t<div id=\"col-168619658\" class=\"col medium-4 small-12 large-4\"  >\n\t\t\t\t<div class=\"col-inner text-center\"  >\n\t\t\t\n\t\t\t\n\t<div id=\"gap-371546724\" class=\"gap-element clearfix\" style=\"display:block; height:auto;\">\n\t\t\n<style>\n#gap-371546724 {\n  padding-top: 5px;\n}\n<\/style>\n\t<\/div>\n\t\n\t<div id=\"text-2997286163\" class=\"text\">\n\t\t\n<h4>Trajnostni<\/h4>\n\t\t\n<style>\n#text-2997286163 {\n  line-height: 0.75;\n}\n<\/style>\n\t<\/div>\n\t\n\t\t<\/div>\n\t\t\t\t\t<\/div>\n\n\t\n\n\t<div id=\"col-66481891\" class=\"col medium-4 small-12 large-4\"  >\n\t\t\t\t<div class=\"col-inner text-center\"  >\n\t\t\t\n\t\t\t\n\t<div id=\"gap-378668991\" class=\"gap-element clearfix\" style=\"display:block; height:auto;\">\n\t\t\n<style>\n#gap-378668991 {\n  padding-top: 5px;\n}\n<\/style>\n\t<\/div>\n\t\n\t<div id=\"text-2832380029\" class=\"text\">\n\t\t\n<h4>Ustvarjalni<\/h4>\n\t\t\n<style>\n#text-2832380029 {\n  line-height: 0.75;\n}\n<\/style>\n\t<\/div>\n\t\n\t\t<\/div>\n\t\t\t\t\t<\/div>\n\n\t\n<\/div>\n\t\t<\/div>\n\t\t\t\t\n<style>\n#col-1918980221 > .col-inner {\n  padding: 0px 5% 0px 5%;\n  margin: 0px 0px 0px 0px;\n}\n@media (min-width:850px) {\n  #col-1918980221 > .col-inner {\n    padding: 0px 10% 0px 10%;\n    margin: 0px 0px -15px 0px;\n  }\n}\n<\/style>\n\t<\/div>\n\n\t\n<\/div>\n\t\t<\/div>\n\t\t\t\t\t<\/div>\n\n\t\n<\/div>\n\t\t<\/div>\n\n\t\t\n<style>\n#section_1267717078 {\n  padding-top: 50px;\n  padding-bottom: 50px;\n  background-color: rgb(237, 236, 232);\n}\n<\/style>\n\t<\/section>","protected":false},"excerpt":{"rendered":"","protected":false},"author":10,"featured_media":0,"parent":0,"menu_order":0,"comment_status":"closed","ping_status":"closed","template":"","meta":{"footnotes":""},"class_list":["post-457","page","type-page","status-publish","hentry"],"_links":{"self":[{"href":"https:\/\/puzzle3d.co\/sl\/wp-json\/wp\/v2\/pages\/457","targetHints":{"allow":["GET"]}}],"collection":[{"href":"https:\/\/puzzle3d.co\/sl\/wp-json\/wp\/v2\/pages"}],"about":[{"href":"https:\/\/puzzle3d.co\/sl\/wp-json\/wp\/v2\/types\/page"}],"author":[{"embeddable":true,"href":"https:\/\/puzzle3d.co\/sl\/wp-json\/wp\/v2\/users\/10"}],"replies":[{"embeddable":true,"href":"https:\/\/puzzle3d.co\/sl\/wp-json\/wp\/v2\/comments?post=457"}],"version-history":[{"count":0,"href":"https:\/\/puzzle3d.co\/sl\/wp-json\/wp\/v2\/pages\/457\/revisions"}],"wp:attachment":[{"href":"https:\/\/puzzle3d.co\/sl\/wp-json\/wp\/v2\/media?parent=457"}],"curies":[{"name":"wp","href":"https:\/\/api.w.org\/{rel}","templated":true}]}}