{"id":3152,"date":"2023-11-21T11:55:37","date_gmt":"2023-11-21T11:55:37","guid":{"rendered":"https:\/\/puzzle3d.co\/?page_id=3152"},"modified":"2024-10-23T17:10:27","modified_gmt":"2024-10-23T17:10:27","slug":"pogoji-in-dolocila","status":"publish","type":"page","link":"https:\/\/puzzle3d.co\/sl\/termini-e-condizioni\/","title":{"rendered":"Pogoji in dolo\u010dila"},"content":{"rendered":"<section class=\"section\" id=\"section_624251207\">\n\t\t<div class=\"section-bg fill\" >\n\t\t\t\t\t\t\t\t\t\n\t\t\t\n\n\t\t<\/div>\n\n\t\t\n\n\t\t<div class=\"section-content relative\">\n\t\t\t\n<div class=\"row\"  id=\"row-92902347\">\n\n\t<div id=\"col-1848055169\" class=\"col small-12 large-12\"  >\n\t\t\t\t<div class=\"col-inner text-center\"  >\n\t\t\t\n\t\t\t\n<div class=\"container section-title-container\">\n<h1 class=\"section-title section-title-normal\" style=\"text-align: left;\"><span class=\"section-title-main\">POGOJI IN DOLO\u010cILA<\/span><\/h1>\n<\/div>\n<div id=\"cmplz-document\" class=\"cmplz-document cmplz-terms-conditions\">\n<p style=\"text-align: left;\"><i>Pogoji so bili nazadnje posodobljeni 11. decembra 2022.<\/i><\/p>\n<h2 style=\"text-align: left;\">1. Uvod<\/h2>\n<p style=\"text-align: left;\">Ti pogoji veljajo za to spletno mesto ter za transakcije, povezane z na\u0161imi izdelki in storitvami. Morda vas bodo zavezovali dodatni sporazumi, ki se nana\u0161ajo na va\u0161 odnos z nami ali na izdelke ali storitve, ki jih prejmete od nas. \u010ce je katera koli dolo\u010dba dodatnih sporazumov v nasprotju s katero koli dolo\u010dbo teh pogojev, bodo veljale in prevladovale dolo\u010dbe teh dodatnih sporazumov.<\/p>\n<h2 style=\"text-align: left;\">2. Obveznice<\/h2>\n<p style=\"text-align: left;\">Z registracijo, dostopom ali drugo uporabo tega spletnega mesta se strinjate, da vas zavezujejo spodaj navedeni pogoji in dolo\u010dila. \u017de s samo uporabo tega spletnega mesta potrjujete in se strinjate s temi pogoji. V nekaterih posebnih primerih lahko od vas zahtevamo tudi izrecno soglasje.<\/p>\n<h2 style=\"text-align: left;\">3. Elektronsko komuniciranje<\/h2>\n<p style=\"text-align: left;\">Z uporabo tega spletnega mesta ali elektronskim komuniciranjem z nami se strinjate in potrjujete, da lahko z vami komuniciramo elektronsko na na\u0161em spletnem mestu ali tako, da vam po\u0161ljemo e-po\u0161to, in se strinjate, da vsi sporazumi, obvestila, razkritja in druga sporo\u010dila, ki vam jih posredujemo elektronsko, izpolnjujejo vse zakonske zahteve, vklju\u010dno, vendar ne omejeno na zahtevo, da morajo biti tak\u0161na sporo\u010dila v pisni obliki.<\/p>\n<h2 style=\"text-align: left;\">4. Intelektualna lastnina<\/h2>\n<p style=\"text-align: left;\">Mi ali na\u0161i izdajatelji licenc imamo v lasti in nadzorujemo vse avtorske pravice in druge pravice intelektualne lastnine spletnega mesta ter podatkov, informacij in drugih virov, ki so prikazani ali dostopni na spletnem mestu.<\/p>\n<p class=\"cmplz-subtitle\" style=\"text-align: left;\">4.1 Vse pravice pridr\u017eane<\/p>\n<p style=\"text-align: left;\">Razen \u010de posebna vsebina ne dolo\u010da druga\u010de, vam ni podeljena licenca ali kakr\u0161na koli druga pravica na podlagi avtorske pravice, blagovne znamke, patenta ali druge pravice intelektualne lastnine. To pomeni, da brez na\u0161ega predhodnega pisnega dovoljenja ne smete uporabljati, kopirati, reproducirati, izvajati, prikazovati, distribuirati, vklju\u010devati v kateri koli elektronski medij, spreminjati, dekompilirati, prena\u0161ati, prena\u0161ati, prena\u0161ati, monetizirati, prodajati ali tr\u017eiti katerega koli vira tega spletnega mesta v kakr\u0161ni koli obliki, razen v obsegu, ki ga dolo\u010dajo obvezni zakonski predpisi (kot je pravica do citiranja).<\/p>\n<h2 style=\"text-align: left;\">5. Glasilo<\/h2>\n<p style=\"text-align: left;\">Ne glede na zgoraj navedeno je mogo\u010de na\u0161e novice v elektronski obliki posredovati drugim osebam, ki bi jih lahko zanimal obisk na\u0161ega spletnega mesta.<\/p>\n<h2 style=\"text-align: left;\">6. Lastnina tretjih oseb<\/h2>\n<p style=\"text-align: left;\">Na\u0161e spletno mesto lahko vsebuje hiperpovezave ali druge sklice na spletna mesta drugih strank. Vsebine spletnih strani drugih strank, ki so povezane s tem spletnim mestom, ne nadzorujemo in ne pregledujemo. Za izdelke ali storitve, ki jih ponujajo druga spletna mesta, veljajo veljavni pogoji in dolo\u010dila teh tretjih oseb. Mnenja ali gradivo, ki se pojavlja na teh spletnih mestih, ni nujno, da jih podpiramo ali odobravamo.<\/p>\n<p style=\"text-align: left;\">Ne odgovarjamo za ravnanje v zvezi z zasebnostjo ali vsebino teh spletnih mest. Vsa tveganja, povezana z uporabo teh spletnih mest in povezanih storitev tretjih oseb, nosite sami. Ne prevzemamo nobene odgovornosti za kakr\u0161no koli izgubo ali \u0161kodo, ki bi nastala zaradi razkritja osebnih podatkov tretjim osebam.<\/p>\n<h2 style=\"text-align: left;\">7. Odgovorna uporaba<\/h2>\n<p style=\"text-align: left;\">Z obiskom na\u0161ega spletnega mesta se strinjate, da ga boste uporabljali le v namene, ki so predvideni in dovoljeni s temi pogoji, morebitnimi dodatnimi pogodbami z nami, veljavnimi zakoni in predpisi ter splo\u0161no sprejetimi spletnimi praksami in industrijskimi smernicami. Na\u0161ega spletnega mesta ali na\u0161ih storitev ne smete uporabljati, objavljati ali raz\u0161irjati gradiva, ki je sestavljeno iz zlonamerne ra\u010dunalni\u0161ke programske opreme (ali je povezano z njo); uporabljati podatkov, zbranih na na\u0161em spletnem mestu, za kakr\u0161ne koli dejavnosti neposrednega tr\u017eenja; izvajati kakr\u0161nih koli sistemati\u010dnih ali avtomatiziranih dejavnosti zbiranja podatkov na na\u0161em spletnem mestu ali v povezavi z njim.<\/p>\n<p style=\"text-align: left;\">Strogo je prepovedano izvajati kakr\u0161no koli dejavnost, ki povzro\u010da ali bi lahko povzro\u010dila \u0161kodo na spletnem mestu ali ki ovira delovanje, razpolo\u017eljivost ali dostopnost spletnega mesta.<\/p>\n<h2 style=\"text-align: left;\">8. Registracija<\/h2>\n<p style=\"text-align: left;\">Na na\u0161em spletnem mestu se lahko registrirate za ra\u010dun. Med tem postopkom boste morda morali izbrati geslo. Odgovorni ste za ohranjanje zaupnosti svojih gesel in podatkov o ra\u010dunu ter se strinjate, da svojih gesel, podatkov o ra\u010dunu ali za\u0161\u010ditenega dostopa do na\u0161ega spletnega mesta ali storitev ne boste delili z nobeno drugo osebo. Nobeni drugi osebi ne smete dovoliti uporabe svojega ra\u010duna za dostop do spletnega mesta, saj ste odgovorni za vse dejavnosti, ki se zgodijo z uporabo va\u0161ih gesel ali ra\u010duna. \u010ce ugotovite razkritje svojega gesla, nas morate o tem nemudoma obvestiti.<\/p>\n<p style=\"text-align: left;\">Po zaprtju ra\u010duna brez na\u0161ega dovoljenja ne boste posku\u0161ali registrirati novega ra\u010duna.<\/p>\n<h2 style=\"text-align: left;\">9. Pravilnik o vra\u010dilu in vrnitvi<\/h2>\n<p class=\"cmplz-subtitle\" style=\"text-align: left;\">9.1 Pravica do umika<\/p>\n<p style=\"text-align: left;\">V 14 dneh imate pravico odstopiti od te pogodbe brez navedbe razloga.<\/p>\n<p style=\"text-align: left;\">Rok za odstop od pogodbe pote\u010de 14 dni po dnevu, ko blago prevzamete vi ali tretja oseba, ki ni kurir, ki ste ga navedli, in ga prevzame v fizi\u010dno posest.<\/p>\n<p style=\"text-align: left;\">\u010ce \u017eelite uveljavljati pravico do odstopa od pogodbe, nas morate o svoji odlo\u010ditvi za odstop od te pogodbe obvestiti z nedvoumno izjavo (npr. s pismom, poslanim po po\u0161ti, telefaksu ali elektronski po\u0161ti). Na\u0161i kontaktni podatki so navedeni spodaj. Uporabite lahko prilo\u017eeno predlogo\u00a0<a href=\"https:\/\/grillnbbq.it\/wp-content\/uploads\/complianz\/withdrawal-forms\/withdrawal-form-it.pdf\" target=\"_blank\" rel=\"noopener\">Obrazec za umik<\/a>vendar to ni obvezno.<\/p>\n<p style=\"text-align: left;\">\u010ce boste uporabili to mo\u017enost, vas bomo o prejemu tak\u0161nega umika nemudoma obvestili na trajnem nosilcu podatkov (npr. po elektronski po\u0161ti).<\/p>\n<p style=\"text-align: left;\">Za upo\u0161tevanje odstopnega roka zadostuje, da sporo\u010dilo v zvezi z uveljavljanjem pravice do odstopa od pogodbe po\u0161ljete pred iztekom odstopnega roka.<\/p>\n<p class=\"cmplz-subtitle\" style=\"text-align: left;\">9.2 U\u010dinki odtegnitve<\/p>\n<p style=\"text-align: left;\">\u010ce odstopite od te pogodbe, vam bomo brez nepotrebnega odla\u0161anja in v vsakem primeru najpozneje v 14 dneh od dneva, ko smo bili obve\u0161\u010deni o va\u0161i odlo\u010ditvi za odstop od te pogodbe, povrnili vsa prejeta pla\u010dila, vklju\u010dno s stro\u0161ki dostave (razen dodatnih stro\u0161kov zaradi izbire vrste dostave, ki ni najcenej\u0161a vrsta standardne dostave, ki jo ponujamo). Tak\u0161no vra\u010dilo bomo izvedli z enakim pla\u010dilnim sredstvom, kot ste ga uporabili pri prvotni transakciji, razen \u010de ste se izrecno dogovorili druga\u010de; v nobenem primeru zaradi takega vra\u010dila ne boste imeli nobenih stro\u0161kov.<\/p>\n<p style=\"text-align: left;\">Blago bomo prevzeli.<\/p>\n<p style=\"text-align: left;\">Neposredne stro\u0161ke vra\u010dila blaga boste morali kriti sami.<\/p>\n<p style=\"text-align: left;\">Odgovorni ste le za zmanj\u0161anje vrednosti blaga, ki je posledica ravnanja, ki ni potrebno za ugotovitev narave, zna\u010dilnosti in delovanja blaga.<\/p>\n<p style=\"text-align: left;\">Upo\u0161tevajte, da obstajajo nekatere pravne izjeme od pravice do odstopa od pogodbe, zato nekaterih izdelkov ni mogo\u010de vrniti ali zamenjati. \u010ce to velja za va\u0161 primer, vas bomo o tem obvestili.<\/p>\n<h2 style=\"text-align: left;\">10. Predlo\u017eitev idej<\/h2>\n<p style=\"text-align: left;\">Ne predlo\u017eite idej, izumov, avtorskih del ali drugih informacij, ki se lahko \u0161tejejo za va\u0161o intelektualno lastnino, ki nam jih \u017eelite predlo\u017eiti, razen \u010de smo predhodno podpisali pogodbo o intelektualni lastnini ali pogodbo o nerazkritju. \u010ce nam jih razkrijete brez tak\u0161nega pisnega dogovora, nam podeljujete svetovno, nepreklicno, neizklju\u010dno in brezpla\u010dno licenco za uporabo, razmno\u017eevanje, shranjevanje, prilagajanje, objavljanje, prevajanje in distribucijo va\u0161e vsebine v vseh obstoje\u010dih ali prihodnjih medijih.<\/p>\n<h2 style=\"text-align: left;\">11. Prenehanje uporabe<\/h2>\n<p style=\"text-align: left;\">Po lastni presoji lahko kadar koli za\u010dasno ali trajno spremenimo ali prekinemo va\u0161 dostop do spletnega mesta ali katere koli storitve na njem. Strinjate se, da nismo odgovorni vam ali kateri koli tretji osebi za kakr\u0161no koli spremembo, za\u010dasno ali trajno prekinitev va\u0161ega dostopa do spletnega mesta ali njegove uporabe ali katere koli vsebine, ki ste jo morda delili na spletnem mestu. Do od\u0161kodnine ali drugega pla\u010dila ne boste upravi\u010deni, tudi \u010de bodo funkcije, nastavitve in\/ali vsebina, ki ste jo prispevali ali na katero ste se zana\u0161ali, trajno izgubljeni. Ne smete zaobiti ali zaobiti ali poskusiti zaobiti ali zaobiti nobenih ukrepov za omejevanje dostopa na na\u0161em spletnem mestu.<\/p>\n<h2 style=\"text-align: left;\">12. Jamstva in odgovornost<\/h2>\n<p style=\"text-align: left;\">Ni\u010d v tem razdelku ne omejuje ali izklju\u010duje jamstva, ki izhaja iz zakona in bi ga bilo nezakonito omejiti ali izklju\u010diti. To spletno mesto in vsa vsebina spletnega mesta sta zagotovljena po na\u010delu \"kakor je\" in \"kakor je na voljo\" in lahko vsebujeta neto\u010dnosti ali tipkarske napake. Izrecno zavra\u010damo vsa izrecna ali implicitna jamstva glede razpolo\u017eljivosti, to\u010dnosti ali popolnosti vsebine. Ne jam\u010dimo, da:<\/p>\n<ul style=\"text-align: left;\">\n<li>to spletno mesto ali na\u0161i izdelki ali storitve ustrezajo va\u0161im potrebam;<\/li>\n<li>bo to spletno mesto na voljo neprekinjeno, pravo\u010dasno, varno ali brez napak;<\/li>\n<li>bo kakovost katerega koli izdelka ali storitve, ki jo kupite ali pridobite prek tega spletnega mesta, izpolnila va\u0161a pri\u010dakovanja.<\/li>\n<\/ul>\n<p style=\"text-align: left;\">Ni\u010d na tem spletnem mestu ne predstavlja in ni namenjeno predstavljanju kakr\u0161nega koli pravnega, finan\u010dnega ali medicinskega nasveta. \u010ce potrebujete nasvet, se posvetujte z ustreznim strokovnjakom.<\/p>\n<p style=\"text-align: left;\">Naslednje dolo\u010dbe tega poglavja veljajo v najve\u010djem mo\u017enem obsegu, ki ga dovoljuje veljavna zakonodaja, in ne omejujejo ali izklju\u010dujejo na\u0161e odgovornosti v zvezi z vsemi zadevami, za katere bi bilo nezakonito ali protizakonito, \u010de bi omejili ali izklju\u010dili na\u0161o odgovornost. V nobenem primeru ne bomo odgovorni za kakr\u0161no koli neposredno ali posredno \u0161kodo (vklju\u010dno s \u0161kodo zaradi izgube dobi\u010dka ali prihodkov, izgube ali po\u0161kodbe podatkov, programske opreme ali podatkovnih zbirk, izgube ali po\u0161kodbe lastnine ali podatkov), ki jo utrpite vi ali katera koli tretja oseba zaradi va\u0161ega dostopa do na\u0161ega spletnega mesta ali njegove uporabe.<\/p>\n<p style=\"text-align: left;\">Razen v obsegu, ki je v dodatni pogodbi izrecno dolo\u010den druga\u010de, je na\u0161a najve\u010dja odgovornost do vas za vso \u0161kodo, ki izhaja iz spletnega mesta ali je povezana s spletnim mestom ali izdelki in storitvami, ki se tr\u017eijo ali prodajajo prek spletnega mesta, ne glede na obliko to\u017ebe, ki nalaga odgovornost (pogodbeno, pravi\u010dno, iz malomarnosti, namerne kr\u0161itve, nedovoljenega ravnanja ali kako druga\u010de), omejena na 500. Ta omejitev velja v skupnem znesku za vse va\u0161e zahtevke, to\u017ebe in razloge za to\u017ebe vseh vrst in narave.<\/p>\n<h2 style=\"text-align: left;\">13. Zasebnost<\/h2>\n<p style=\"text-align: left;\">\u010ce \u017eelite dostopati do na\u0161ega spletnega mesta in\/ali storitev, boste morda morali v postopku registracije posredovati dolo\u010dene podatke o sebi. Strinjate se, da bodo vsi podatki, ki jih boste posredovali, vedno to\u010dni, pravilni in posodobljeni.<\/p>\n<p style=\"text-align: left;\">Va\u0161e osebne podatke jemljemo resno in smo zavezani k varovanju va\u0161e zasebnosti. Va\u0161ega e-po\u0161tnega naslova ne bomo uporabili za neza\u017eeleno po\u0161to. Vsako elektronsko sporo\u010dilo, ki vam ga bomo poslali, bo povezano le z zagotavljanjem dogovorjenih izdelkov ali storitev.<\/p>\n<p style=\"text-align: left;\">Pripravili smo pravilnik, s katerim bomo obravnavali vse va\u0161e morebitne pomisleke glede zasebnosti. Za ve\u010d informacij si oglejte na\u0161o\u00a0<a href=\"https:\/\/puzzle3d.co\/dichiarazione-sulla-privacy-ue\/\">Izjava o zasebnosti<\/a>\u00a0in na\u0161e\u00a0<a href=\"https:\/\/puzzle3d.co\/cookie-policy-eu\/\">Pravilnik o pi\u0161kotkih.<\/a><\/p>\n<h2 style=\"text-align: left;\">14. Dostopnost<\/h2>\n<p style=\"text-align: left;\">Zavezujemo se, da bo vsebina, ki jo zagotavljamo, dostopna invalidnim osebam. \u010ce ste invalid in zaradi svoje invalidnosti ne morete dostopati do katerega koli dela na\u0161ega spletnega mesta, nas o tem obvestite in prilo\u017eite podroben opis te\u017eave, na katero ste naleteli. \u010ce je te\u017eava zlahka prepoznavna in re\u0161ljiva v skladu s standardnimi orodji in tehnikami IT, jo bomo nemudoma odpravili.<\/p>\n<h2 style=\"text-align: left;\">15. Omejitve izvoza\/pravna skladnost<\/h2>\n<p style=\"text-align: left;\">Dostop do spletnega mesta z ozemelj ali dr\u017eav, kjer je vsebina ali nakup izdelkov ali storitev, ki se prodajajo na spletnem mestu, nezakonit, je prepovedan. Tega spletnega mesta ne smete uporabljati v nasprotju z izvoznimi zakoni in predpisi Italije.<\/p>\n<h2 style=\"text-align: left;\">16. Partnersko tr\u017eenje<\/h2>\n<p style=\"text-align: left;\">Na tem spletnem mestu lahko sodelujemo v partnerskem tr\u017eenju, kjer prejmemo odstotek ali provizijo od prodaje storitev ali izdelkov na tem spletnem mestu ali prek njega. Od podjetij lahko sprejmemo tudi sponzorstvo ali druge oblike nadomestil za ogla\u0161evanje. Namen tega razkritja je izpolnjevanje zakonskih zahtev glede tr\u017eenja in ogla\u0161evanja, ki se lahko uporabljajo, kot so pravila ameri\u0161ke zvezne trgovinske komisije.<\/p>\n<h2 style=\"text-align: left;\">17. Naloga<\/h2>\n<p style=\"text-align: left;\">Brez na\u0161ega predhodnega pisnega soglasja ne smete v celoti ali delno prenesti, prenesti ali oddati v podizvajanje nobene od svojih pravic in\/ali obveznosti v skladu s temi pogoji na tretjo osebo. Vsako domnevno odstopanje, ki kr\u0161i to poglavje, je neveljavno.<\/p>\n<h2 style=\"text-align: left;\">18. Kr\u0161itve teh pogojev<\/h2>\n<p style=\"text-align: left;\">\u010ce na kakr\u0161en koli na\u010din kr\u0161ite te pogoje, lahko brez poseganja v na\u0161e druge pravice v skladu s temi pogoji in dolo\u010dili ukrepamo tako, kot se nam zdi primerno za odpravo kr\u0161itve, vklju\u010dno z za\u010dasno ali trajno prekinitvijo va\u0161ega dostopa do spletnega mesta, vzpostavitvijo stika z va\u0161im ponudnikom internetnih storitev in zahtevo, da blokira va\u0161 dostop do spletnega mesta, in\/ali s pravnimi ukrepi proti vam.<\/p>\n<h2 style=\"text-align: left;\">19. Vi\u0161ja sila<\/h2>\n<p style=\"text-align: left;\">Razen obveznosti pla\u010dila denarja se nobena zamuda, neizpolnitev ali opustitev katere koli od pogodbenih obveznosti ne \u0161teje za kr\u0161itev teh pogojev, \u010de in dokler taka zamuda, neizpolnitev ali opustitev nastane zaradi vzroka, na katerega ta stranka nima razumnega vpliva.<\/p>\n<h2 style=\"text-align: left;\">20. Od\u0161kodninska odgovornost<\/h2>\n<p style=\"text-align: left;\">Strinjate se, da nas boste od\u0161kodovali, branili in obvarovali pred vsemi zahtevki, obveznostmi, od\u0161kodninami, izgubami in stro\u0161ki, povezanimi z va\u0161o kr\u0161itvijo teh pogojev in veljavnih zakonov, vklju\u010dno s pravicami intelektualne lastnine in pravicami do zasebnosti. Takoj nam boste povrnili \u0161kodo, izgube, stro\u0161ke in izdatke, ki se nana\u0161ajo na tak\u0161ne zahtevke ali izhajajo iz njih.<\/p>\n<h2 style=\"text-align: left;\">21. Odpoved<\/h2>\n<p style=\"text-align: left;\">\u010ce se katera koli dolo\u010dba iz teh Pogojev in pogojev ter katere koli pogodbe ne uveljavi ali \u010de se ne izkoristi katera koli mo\u017enost odpovedi, se to ne \u0161teje kot odpoved tem dolo\u010dbam in ne vpliva na veljavnost teh Pogojev in pogojev ali katere koli pogodbe ali njenega dela ali na poznej\u0161o pravico do uveljavljanja posamezne dolo\u010dbe.<\/p>\n<h2 style=\"text-align: left;\">22. Jezik<\/h2>\n<p style=\"text-align: left;\">Ti pogoji se razlagajo in tolma\u010dijo izklju\u010dno v italijanskem jeziku. Vsa obvestila in korespondenca se pi\u0161ejo izklju\u010dno v tem jeziku.<\/p>\n<h2 style=\"text-align: left;\">23. Celovit sporazum<\/h2>\n<p style=\"text-align: left;\">Ti pogoji, skupaj z na\u0161o izjavo o zasebnosti in politiko pi\u0161kotkov, predstavljajo celoten sporazum med vami in podjetjem MEDDYS di Saca Eugeniu &amp;C SNC v zvezi z va\u0161o uporabo tega spletnega mesta.<\/p>\n<h2 style=\"text-align: left;\">24. Posodabljanje teh pogojev<\/h2>\n<p style=\"text-align: left;\">Te pogoje lahko ob\u010dasno posodobimo. Va\u0161a dol\u017enost je, da redno preverjate te Pogoje in dolo\u010dila za morebitne spremembe ali posodobitve. Datum, naveden na vrhu teh pogojev, je datum zadnje spremembe. Spremembe teh Pogojev za\u010dnejo veljati, ko so objavljene na tem spletnem mestu. Va\u0161a nadaljnja uporaba tega spletnega mesta po objavi sprememb ali posodobitev pomeni, da se strinjate s temi pogoji in ravnanjem v skladu z njimi.<\/p>\n<h2 style=\"text-align: left;\">25. Izbira prava in pristojnosti<\/h2>\n<p style=\"text-align: left;\">Te pogoje ureja zakonodaja Italije. Za vse spore v zvezi s temi pogoji so pristojna sodi\u0161\u010da v Italiji. \u010ce katero koli sodi\u0161\u010de ali drug organ meni, da je kateri koli del ali dolo\u010dba teh pogojev neveljavna in\/ali neizvr\u0161ljiva v skladu z veljavno zakonodajo, se tak del ali dolo\u010dba spremeni, izbri\u0161e in\/ali izvr\u0161i v najve\u010djem mo\u017enem obsegu, tako da se uresni\u010di namen teh pogojev. Na druge dolo\u010dbe to ne vpliva.<\/p>\n<h2 style=\"text-align: left;\">26. Kontaktni podatki<\/h2>\n<p style=\"text-align: left;\">To spletno mesto je v lasti in upravljanju dru\u017ebe MEDDYS di Saca Eugeniu &amp;C SNC.<\/p>\n<p style=\"text-align: left;\">V zvezi s temi pogoji in dolo\u010dili nas lahko kontaktirate tako, da nam pi\u0161ete ali po\u0161ljete e-po\u0161to na naslednji naslov: info@puzzle3d.co<\/p>\n<p style=\"text-align: left;\">Naslov:<\/p>\n<h4 style=\"text-align: left;\"><strong>3D uganke<br \/><\/strong>(MEDDYS SNC)<\/h4>\n<p style=\"text-align: left;\"><span id=\"Via_Cipro_125124_BresciaItalia\">Via Bologna, 10<br \/>25073 Bovezzo (BS)<br \/><\/span>Italija<\/p>\n<p style=\"text-align: left;\">https:\/\/puzzle3d.co<br \/>support@puzzle3d.co<br \/>Tel. +39 371 5394 647<\/p>\n<\/div>\n\t\t<\/div>\n\t\t\t\t\t<\/div>\n\n\t\n<\/div>\n\t\t<\/div>\n\n\t\t\n<style>\n#section_624251207 {\n  padding-top: 60px;\n  padding-bottom: 60px;\n  min-height: 300px;\n  background-color: rgb(245, 245, 245);\n}\n<\/style>\n\t<\/section>","protected":false},"excerpt":{"rendered":"","protected":false},"author":10,"featured_media":0,"parent":0,"menu_order":0,"comment_status":"closed","ping_status":"closed","template":"","meta":{"footnotes":""},"class_list":["post-3152","page","type-page","status-publish","hentry"],"_links":{"self":[{"href":"https:\/\/puzzle3d.co\/sl\/wp-json\/wp\/v2\/pages\/3152","targetHints":{"allow":["GET"]}}],"collection":[{"href":"https:\/\/puzzle3d.co\/sl\/wp-json\/wp\/v2\/pages"}],"about":[{"href":"https:\/\/puzzle3d.co\/sl\/wp-json\/wp\/v2\/types\/page"}],"author":[{"embeddable":true,"href":"https:\/\/puzzle3d.co\/sl\/wp-json\/wp\/v2\/users\/10"}],"replies":[{"embeddable":true,"href":"https:\/\/puzzle3d.co\/sl\/wp-json\/wp\/v2\/comments?post=3152"}],"version-history":[{"count":0,"href":"https:\/\/puzzle3d.co\/sl\/wp-json\/wp\/v2\/pages\/3152\/revisions"}],"wp:attachment":[{"href":"https:\/\/puzzle3d.co\/sl\/wp-json\/wp\/v2\/media?parent=3152"}],"curies":[{"name":"wp","href":"https:\/\/api.w.org\/{rel}","templated":true}]}}