{"id":3037,"date":"2023-11-15T18:15:18","date_gmt":"2023-11-15T18:15:18","guid":{"rendered":"https:\/\/puzzle3d.co\/?page_id=3037"},"modified":"2025-02-16T07:14:26","modified_gmt":"2025-02-16T07:14:26","slug":"izjava-o-zasebnosti-eu","status":"publish","type":"page","link":"https:\/\/puzzle3d.co\/sl\/dichiarazione-sulla-privacy-ue\/","title":{"rendered":"Izjava o zasebnosti (EU)"},"content":{"rendered":"<h1><span id=\"Dichiarazione_sulla_Privacy_UE\"><strong>Izjava o zasebnosti (EU)<\/strong><\/span><\/h1>\n<p><em>Ta izjava o zasebnosti je bila nazadnje posodobljena 21. oktobra 2022 in velja za dr\u017eavljane in zakonite stalne prebivalce Evropskega gospodarskega prostora in \u0160vice.<\/em><\/p>\n<p>V tej izjavi o zasebnosti pojasnjujemo, kaj po\u010dnemo s podatki, ki jih pridobimo od vas prek spletne strani https:\/\/puzzle3d.co. Priporo\u010damo vam, da izjavo skrbno preberete. Pri obdelavi upo\u0161tevamo zahteve zakonodaje o varstvu osebnih podatkov. To med drugim pomeni, da:<\/p>\n<ul>\n<li>jasno sporo\u010damo razloge za obdelavo osebnih podatkov. To po\u010dnemo s to izjavo o zasebnosti;<\/li>\n<li>Prizadevamo si omejiti zbiranje osebnih podatkov le na tiste, ki so potrebni za zakonite namene;<\/li>\n<li>za obdelavo va\u0161ih osebnih podatkov v primerih, ki zahtevajo va\u0161o privolitev, vas najprej prosimo za izrecno privolitev;<\/li>\n<li>Sprejemamo ustrezne varnostne ukrepe za za\u0161\u010dito va\u0161ih osebnih podatkov in to zahtevamo tudi od strank, ki obdelujejo osebne podatke v na\u0161em imenu;<\/li>\n<li>spo\u0161tujemo va\u0161o pravico do dostopa do va\u0161ih osebnih podatkov ali do njihovega popravka ali izbrisa na va\u0161o zahtevo.<\/li>\n<\/ul>\n<p>\u010ce imate vpra\u0161anja ali \u017eelite natan\u010dno vedeti, katere podatke hranimo, se obrnite na nas.<\/p>\n<ol>\n<li><strong>Namen, podatki in obdobje hrambe<\/strong><\/li>\n<\/ol>\n<p>Osebne podatke lahko zbiramo ali prejemamo za razli\u010dne namene, povezane z na\u0161im poslovanjem, ki lahko vklju\u010dujejo naslednje: (kliknite za raz\u0161iritev)<\/p>\n<h3><span id=\"11_Contatto_8211_Tramite_telefono_posta_email_eo_moduli_web\">1.1 Stik - po telefonu, po\u0161ti, elektronski po\u0161ti in\/ali spletnih obrazcih<\/span><\/h3>\n<p><strong>V ta namen uporabljamo naslednje podatke:<\/strong><\/p>\n<ul>\n<li>Ime in priimek<\/li>\n<li>Ime ra\u010duna ali vzdevek<\/li>\n<li>Hi\u0161a ali drug fizi\u010dni naslov, vklju\u010dno z imenom ulice in mesta.<\/li>\n<li>e-po\u0161tni naslov<\/li>\n<li>Telefonska \u0161tevilka<\/li>\n<li>Naslov IP<\/li>\n<li>podatki o dejavnostih na internetu, med drugim zgodovina brskanja, zgodovina iskanja in podatki o interakciji uporabnika s spletnim mestom, aplikacijo ali oglasom.<\/li>\n<li>Geolokacijski podatki<\/li>\n<\/ul>\n<p><strong>Podlaga za obdelavo podatkov je:<\/strong><\/p>\n<p><a href=\"https:\/\/cookiedatabase.org\/legal-bases\/#consent\" target=\"_blank\" rel=\"noopener\">O soglasju.<\/a><\/p>\n<p><strong>Obdobje skladi\u0161\u010denja<\/strong><\/p>\n<p>Po zaklju\u010dku storitve te podatke hranimo naslednje obdobje: 24 mesecev.<\/p>\n<h3><span id=\"12_Pagamenti\">1.2 Pla\u010dila<\/span><\/h3>\n<p><strong>V ta namen uporabljamo naslednje podatke:<\/strong><\/p>\n<ul>\n<li>Ime in priimek<\/li>\n<li>Ime ra\u010duna ali vzdevek<\/li>\n<li>Hi\u0161a ali drug fizi\u010dni naslov, vklju\u010dno z imenom ulice in mesta.<\/li>\n<li>e-po\u0161tni naslov<\/li>\n<li>Telefonska \u0161tevilka<\/li>\n<li>Naslov IP<\/li>\n<li>podatki o dejavnostih na internetu, med drugim zgodovina brskanja, zgodovina iskanja in podatki o interakciji uporabnika s spletnim mestom, aplikacijo ali oglasom.<\/li>\n<\/ul>\n<p><strong>Podlaga za obdelavo podatkov je:<\/strong><\/p>\n<p><a href=\"https:\/\/cookiedatabase.org\/legal-bases\/#consent\" target=\"_blank\" rel=\"noopener\">O soglasju.<\/a><\/p>\n<p><strong>Obdobje skladi\u0161\u010denja<\/strong><\/p>\n<p>Po zaklju\u010dku storitve te podatke hranimo naslednje obdobje: 24 mesecev.<\/p>\n<h3><span id=\"13_Registrazione_account\">1.3 Registracija ra\u010duna<\/span><\/h3>\n<p><strong>V ta namen uporabljamo naslednje podatke:<\/strong><\/p>\n<ul>\n<li>Ime in priimek<\/li>\n<li>Ime ra\u010duna ali vzdevek<\/li>\n<li>Hi\u0161a ali drug fizi\u010dni naslov, vklju\u010dno z imenom ulice in mesta.<\/li>\n<li>e-po\u0161tni naslov<\/li>\n<li>Telefonska \u0161tevilka<\/li>\n<li>Naslov IP<\/li>\n<li>podatki o dejavnostih na internetu, med drugim zgodovina brskanja, zgodovina iskanja in podatki o interakciji uporabnika s spletnim mestom, aplikacijo ali oglasom.<\/li>\n<\/ul>\n<p><strong>Podlaga za obdelavo podatkov je:<\/strong><\/p>\n<p><a href=\"https:\/\/cookiedatabase.org\/legal-bases\/#consent\" target=\"_blank\" rel=\"noopener\">O soglasju.<\/a><\/p>\n<p><strong>Obdobje skladi\u0161\u010denja<\/strong><\/p>\n<p>Po zaklju\u010dku storitve te podatke hranimo naslednje obdobje: 24 mesecev.<\/p>\n<h3><span id=\"14_Newsletter\">1.4 Glasilo<\/span><\/h3>\n<p><strong>V ta namen uporabljamo naslednje podatke:<\/strong><\/p>\n<ul>\n<li>Ime in priimek<\/li>\n<li>Ime ra\u010duna ali vzdevek<\/li>\n<li>Hi\u0161a ali drug fizi\u010dni naslov, vklju\u010dno z imenom ulice in mesta.<\/li>\n<li>e-po\u0161tni naslov<\/li>\n<li>Telefonska \u0161tevilka<\/li>\n<li>Naslov IP<\/li>\n<li>podatki o dejavnostih na internetu, med drugim zgodovina brskanja, zgodovina iskanja in podatki o interakciji uporabnika s spletnim mestom, aplikacijo ali oglasom.<\/li>\n<\/ul>\n<p><strong>Podlaga za obdelavo podatkov je:<\/strong><\/p>\n<p><a href=\"https:\/\/cookiedatabase.org\/legal-bases\/#consent\" target=\"_blank\" rel=\"noopener\">O soglasju.<\/a><\/p>\n<p><strong>Obdobje skladi\u0161\u010denja<\/strong><\/p>\n<p>Po zaklju\u010dku storitve te podatke hranimo naslednje obdobje: 24 mesecev.<\/p>\n<h3><span id=\"15_Per_supportare_servizi_o_prodotti_che_un_cliente_vogliono_o_hanno_comprato\">1.5 Za podporo storitev ali izdelkov, ki jih stranka \u017eeli ali je kupila.<\/span><\/h3>\n<p><strong>V ta namen uporabljamo naslednje podatke:<\/strong><\/p>\n<ul>\n<li>Ime in priimek<\/li>\n<li>Ime ra\u010duna ali vzdevek<\/li>\n<li>Hi\u0161a ali drug fizi\u010dni naslov, vklju\u010dno z imenom ulice in mesta.<\/li>\n<li>e-po\u0161tni naslov<\/li>\n<li>Telefonska \u0161tevilka<\/li>\n<li>Naslov IP<\/li>\n<li>podatki o dejavnostih na internetu, med drugim zgodovina brskanja, zgodovina iskanja in podatki o interakciji uporabnika s spletnim mestom, aplikacijo ali oglasom.<\/li>\n<li>Geolokacijski podatki<\/li>\n<\/ul>\n<p><strong>Podlaga za obdelavo podatkov je:<\/strong><\/p>\n<p><a href=\"https:\/\/cookiedatabase.org\/legal-bases\/#consent\" target=\"_blank\" rel=\"noopener\">O soglasju.<\/a><\/p>\n<p><strong>Obdobje skladi\u0161\u010denja<\/strong><\/p>\n<p>Po zaklju\u010dku storitve te podatke hranimo naslednje obdobje: 24 mesecev.<\/p>\n<h3><span id=\"16_Per_essere_in_grado_di_rispettare_gli_obblighi_legali\">1.6 Da bi lahko izpolnili zakonske obveznosti.<\/span><\/h3>\n<p><strong>V ta namen uporabljamo naslednje podatke:<\/strong><\/p>\n<ul>\n<li>Ime in priimek<\/li>\n<li>Ime ra\u010duna ali vzdevek<\/li>\n<li>Hi\u0161a ali drug fizi\u010dni naslov, vklju\u010dno z imenom ulice in mesta.<\/li>\n<li>e-po\u0161tni naslov<\/li>\n<li>Telefonska \u0161tevilka<\/li>\n<li>Naslov IP<\/li>\n<li>podatki o dejavnostih na internetu, med drugim zgodovina brskanja, zgodovina iskanja in podatki o interakciji uporabnika s spletnim mestom, aplikacijo ali oglasom.<\/li>\n<\/ul>\n<p><strong>Podlaga za obdelavo podatkov je:<\/strong><\/p>\n<p><a href=\"https:\/\/cookiedatabase.org\/legal-bases\/#consent\" target=\"_blank\" rel=\"noopener\">O soglasju.<\/a><\/p>\n<p><strong>Obdobje skladi\u0161\u010denja<\/strong><\/p>\n<p>Po zaklju\u010dku storitve te podatke hranimo naslednje obdobje: 24 mesecev.<\/p>\n<h3><span id=\"17_Compilazione_ed_analisi_di_statistiche_per_migliore_il_sito\">1.7 Zbiranje in analiza statisti\u010dnih podatkov za izbolj\u0161anje spletnega mesta.<\/span><\/h3>\n<p><strong>V ta namen uporabljamo naslednje podatke:<\/strong><\/p>\n<ul>\n<li>Ime in priimek<\/li>\n<li>Ime ra\u010duna ali vzdevek<\/li>\n<li>Hi\u0161a ali drug fizi\u010dni naslov, vklju\u010dno z imenom ulice in mesta.<\/li>\n<li>e-po\u0161tni naslov<\/li>\n<li>Telefonska \u0161tevilka<\/li>\n<li>Naslov IP<\/li>\n<li>podatki o dejavnostih na internetu, med drugim zgodovina brskanja, zgodovina iskanja in podatki o interakciji uporabnika s spletnim mestom, aplikacijo ali oglasom.<\/li>\n<li>Geolokacijski podatki<\/li>\n<\/ul>\n<p><strong>Podlaga za obdelavo podatkov je:<\/strong><\/p>\n<p><a href=\"https:\/\/cookiedatabase.org\/legal-bases\/#consent\" target=\"_blank\" rel=\"noopener\">O soglasju.<\/a><\/p>\n<p><strong>Obdobje skladi\u0161\u010denja<\/strong><\/p>\n<p>Po zaklju\u010dku storitve te podatke hranimo naslednje obdobje: 24 mesecev.<\/p>\n<h3><span id=\"18_Per_poter_offrire_prodotti_e_servizi_personalizzati\">1.8 Da lahko ponudimo prilagojene izdelke in storitve<\/span><\/h3>\n<p><strong>V ta namen uporabljamo naslednje podatke:<\/strong><\/p>\n<ul>\n<li>Ime in priimek<\/li>\n<li>Ime ra\u010duna ali vzdevek<\/li>\n<li>Hi\u0161a ali drug fizi\u010dni naslov, vklju\u010dno z imenom ulice in mesta.<\/li>\n<li>e-po\u0161tni naslov<\/li>\n<li>Telefonska \u0161tevilka<\/li>\n<li>Naslov IP<\/li>\n<li>podatki o dejavnostih na internetu, med drugim zgodovina brskanja, zgodovina iskanja in podatki o interakciji uporabnika s spletnim mestom, aplikacijo ali oglasom.<\/li>\n<li>Geolokacijski podatki<\/li>\n<\/ul>\n<p><strong>Podlaga za obdelavo podatkov je:<\/strong><\/p>\n<p><a href=\"https:\/\/cookiedatabase.org\/legal-bases\/#consent\" target=\"_blank\" rel=\"noopener\">O soglasju.<\/a><\/p>\n<p><strong>Obdobje skladi\u0161\u010denja<\/strong><\/p>\n<p>Po zaklju\u010dku storitve te podatke hranimo naslednje obdobje: 24 mesecev.<\/p>\n<ol start=\"2\">\n<li><strong>Pi\u0161kotki<\/strong><\/li>\n<\/ol>\n<p>Na\u0161e spletno mesto uporablja pi\u0161kotke. Ve\u010d informacij o pi\u0161kotkih najdete v na\u0161em pravilniku o pi\u0161kotkih.<\/p>\n<p>Z Googlom smo sklenili pogodbo o obdelavi podatkov.<\/p>\n<p>Google teh podatkov ne more uporabiti za druge Googlove storitve.<\/p>\n<ol start=\"3\">\n<li><strong>Varnost<\/strong><\/li>\n<\/ol>\n<p>Zavezani smo k varnosti osebnih podatkov. Sprejemamo ustrezne varnostne ukrepe za omejitev zlorabe in nepoobla\u0161\u010denega dostopa do osebnih podatkov. S tem zagotavljamo, da imajo do va\u0161ih podatkov dostop le potrebne osebe, da je dostop do podatkov za\u0161\u010diten in da se na\u0161i varnostni ukrepi redno pregledujejo.<\/p>\n<ol start=\"4\">\n<li><strong>Spletne strani tretjih oseb<\/strong><\/li>\n<\/ol>\n<p>Ta izjava o zasebnosti ne velja za spletna mesta tretjih oseb, ki so povezana z na\u0161im spletnim mestom. Ne moremo jam\u010diti, da te tretje osebe zanesljivo in varno obdelujejo va\u0161e osebne podatke. Svetujemo vam, da pred uporabo teh spletnih mest preberete izjave o zasebnosti teh spletnih mest.<\/p>\n<ol start=\"5\">\n<li><strong>Kazni za to izjavo o zasebnosti.<\/strong><\/li>\n<\/ol>\n<p>Pridr\u017eujemo si pravico do sprememb te izjave o zasebnosti. Priporo\u010damo vam, da redno pregledujete to izjavo o zasebnosti, da boste seznanjeni z vsemi spremembami. Poleg tega vas bomo aktivno obve\u0161\u010dali, kadar koli bo to mogo\u010de.<\/p>\n<ol start=\"6\">\n<li><strong>Dostop do podatkov in njihovo urejanje<\/strong><\/li>\n<\/ol>\n<p>\u010ce imate kakr\u0161na koli vpra\u0161anja ali \u017eelite natan\u010dno vedeti, katere osebne podatke imamo o vas, se obrnite na nas.<\/p>\n<ul>\n<li>Pravico imate vedeti, kdaj so va\u0161i osebni podatki potrebni, kaj se z njimi zgodi in kako dolgo se bodo hranili.<\/li>\n<li>Pravica do dostopa: imate pravico do dostopa do svojih osebnih podatkov, s katerimi smo seznanjeni.<\/li>\n<li>Pravica do popravka: kadar koli \u017eelite, imate pravico do dopolnitve, popravka, izbrisa ali blokiranja svojih osebnih podatkov.<\/li>\n<li>\u010ce imate kakr\u0161na koli vpra\u0161anja ali te\u017eave z dostopnostjo spletnega mesta, se obrnite na nas.<\/li>\n<li>Pravica do prenosa va\u0161ih podatkov: od upravljavca imate pravico zahtevati vse svoje podatke in jih prenesti k drugemu upravljavcu.<\/li>\n<li>Pravica do ugovora: pravico imate, da ugovarjate obdelavi svojih podatkov. To izbiro bomo upo\u0161tevali, razen \u010de obstaja veljavna podlaga za obdelavo.<\/li>\n<\/ul>\n<p>Vedno jasno navedite, kdo ste, da ne boste izbrisali ali spremenili podatkov napa\u010dne osebe.<\/p>\n<ol start=\"7\">\n<li><strong>Po\u0161iljanje prito\u017ebe<\/strong><\/li>\n<\/ol>\n<p>\u010ce niste zadovoljni s tem, kako obravnavamo obdelavo va\u0161ih osebnih podatkov (prito\u017eba), imate pravico poslati prito\u017ebo organu za varstvo podatkov.<\/p>\n<ol start=\"8\">\n<li><strong>Kontaktni podatki<\/strong><\/li>\n<\/ol>\n<p><strong>PUZZLE3D.CO<\/strong><br \/>\n<span style=\"font-size: 75%;\">(MEDDYS SNC)<\/span><\/p>\n<p>Via Bologna 10<br \/>\nBovezzo (BS) 25073<br \/>\nItalija<\/p>\n<p>Spletna stran: https:\/\/puzzle3d.co<br \/>\nE-naslov: support@puzzle3d.co<br \/>\nTelefonska \u0161tevilka: 371 5394 647<\/p>","protected":false},"excerpt":{"rendered":"<p>Dichiarazione sulla Privacy (UE) Questa dichiarazione sulla privacy \u00e8 stata aggiornata l\u2019ultima volta il Ottobre 21, 2022 e si applica ai cittadini e ai residenti permanenti legali dello Spazio Economico Europeo e della Svizzera In questa dichiarazione sulla privacy, spieghiamo cosa facciamo con i dati che otteniamo da te attraverso\u00a0https:\/\/puzzle3d.co\u00a0Ti consigliamo di leggere attentamente la [&#8230;]\n","protected":false},"author":10,"featured_media":0,"parent":0,"menu_order":0,"comment_status":"closed","ping_status":"closed","template":"","meta":{"footnotes":""},"class_list":["post-3037","page","type-page","status-publish","hentry"],"_links":{"self":[{"href":"https:\/\/puzzle3d.co\/sl\/wp-json\/wp\/v2\/pages\/3037","targetHints":{"allow":["GET"]}}],"collection":[{"href":"https:\/\/puzzle3d.co\/sl\/wp-json\/wp\/v2\/pages"}],"about":[{"href":"https:\/\/puzzle3d.co\/sl\/wp-json\/wp\/v2\/types\/page"}],"author":[{"embeddable":true,"href":"https:\/\/puzzle3d.co\/sl\/wp-json\/wp\/v2\/users\/10"}],"replies":[{"embeddable":true,"href":"https:\/\/puzzle3d.co\/sl\/wp-json\/wp\/v2\/comments?post=3037"}],"version-history":[{"count":0,"href":"https:\/\/puzzle3d.co\/sl\/wp-json\/wp\/v2\/pages\/3037\/revisions"}],"wp:attachment":[{"href":"https:\/\/puzzle3d.co\/sl\/wp-json\/wp\/v2\/media?parent=3037"}],"curies":[{"name":"wp","href":"https:\/\/api.w.org\/{rel}","templated":true}]}}