{"id":1249,"date":"2023-02-09T10:27:01","date_gmt":"2023-02-09T10:27:01","guid":{"rendered":"https:\/\/puzzle3d.co\/politica-de-confidentialitate-ro-copy\/"},"modified":"2025-02-16T07:14:42","modified_gmt":"2025-02-16T07:14:42","slug":"pravica-do-umika","status":"publish","type":"page","link":"https:\/\/puzzle3d.co\/sl\/diritto-di-recesso\/","title":{"rendered":"Pravica do umika"},"content":{"rendered":"<header class=\"entry-header ast-no-thumbnail ast-no-meta\">\n<h1 class=\"h3-classico-pag\"><span id=\"Diritto_di_recessodirettiva_201183UE_ratificata_in_Italia_con_il_D_LGS_21_febbraio_2014_N_21\"><strong>Pravica do umika<\/strong><\/span><\/h1>\n<div><strong>DOSTAVA<\/strong><\/div>\n<div>\u00a0<\/div>\n<div>Izdelki so dostavljeni s hitro kurirsko slu\u017ebo. Najvi\u0161ja vrednost obveznosti Puzzle 3D do katere koli stranke v primeru nedostavitve ali nepravilne dostave kupljenih izdelkov je znesek, ki ga na\u0161e podjetje izterja od zadevne stranke. V primeru, da so cene ali drugi podatki o izdelku prikazani napa\u010dno, tudi zaradi dejstva, da so bili napa\u010dno vneseni v bazo podatkov, si Puzzle3D.co pridr\u017euje pravico, da prekli\u010de dobavo zadevnega izdelka in stranko \u010dim prej obvesti o nastali napaki.<\/div>\n<div>\u00a0<\/div>\n<div><strong>Naro\u010dila po povzetju, ki ne bodo potrjena po telefonu, bodo preklicana.<\/strong><\/div>\n<div>\u00a0<\/div>\n<div>Cena dostave zna\u0161a 3,95 evra za naro\u010dila do 80 leijev, ne glede na te\u017eo ali naslov dostave.<\/div>\n<div>Pri naro\u010dilih v vrednosti nad 80 evrov je dostava brezpla\u010dna.<\/div>\n<div>Naro\u010dila, oddana s pla\u010dilom po povzetju, ki ne bodo potrjena po telefonu, bodo preklicana.<\/div>\n<div>Izdelki, naro\u010deni na spletnem mestu, so dostavljeni takoj, ko ste naro\u010dilo potrdili po telefonu enemu od na\u0161ih operaterjev.<\/div>\n<div>Od trenutka, ko bo va\u0161e naro\u010dilo potrjeno, vas bomo kontaktirali po e-po\u0161ti ali telefonu, nato pa boste prejeli \u0161tevilko AWB in lahko neposredno na spletnem mestu kurirja spremljali, kje je va\u0161a po\u0161iljka.<\/div>\n<div>\u00a0<\/div>\n<div>\u010cas dostave izdelkov je odvisen od zaloge. Obi\u010dajno v 24-48 urah po potrditvi naro\u010dila prejmete izdelek na dom, \u010de je zadevni izdelek na na\u0161i zalogi. \u010ce v nekaterih primerih izdelka ni na zalogi, vas bo operater po telefonu ali e-po\u0161ti obvestil o \u010dasu dostave naro\u010denih izdelkov.<\/div>\n<h3 class=\"h3-classico-pag\"><span id=\"Diritto_di_recessodirettiva_201183UE_ratificata_in_Italia_con_il_D_LGS_21_febbraio_2014_N_21\">(Direktiva 2011\/83\/EU, ratificirana v Italiji z zakonskim odlokom \u0161t. 21 z dne 21. februarja 2014)<\/span><\/h3>\n<p class=\"p-classico-pag\">Potro\u0161nik (tj. fizi\u010dna oseba, ki kupuje blago za namene, ki niso povezani z njeno poklicno dejavnostjo, tj. ki ne opravi nakupa z navedbo \u0161tevilke DDV na naro\u010dilnici) ima pravico odstopiti od kupoprodajne pogodbe, sklenjene na daljavo, brez navajanja razlogov in brez kazni.<\/p>\n<p class=\"p-classico-pag\">Ob prejemu blaga ima potro\u0161nik <strong>14 dni<\/strong> da sporo\u010dijo svojo \u017eeljo po uveljavljanju umika. Sporo\u010dilo se lahko izvede na primer s slu\u017ebeno napotnico, priporo\u010denim pismom ali elektronsko po\u0161to. Tak\u0161no obvestilo mora vsebovati kup\u010devo ime in priimek, \u0161t. naro\u010dila, \u0161t. ra\u010duna in datum nakupa.<\/p>\n<p class=\"p-classico-pag\">Potro\u0161nik mora izdelke vrniti v enakem stanju, kot jih je prejel, z originalno embala\u017eo (nepo\u0161kodovano in popolno v vseh delih, saj se \u0161tejejo za sestavni del blaga), priro\u010dniki, dodatki, sestavnimi deli, klju\u010di in vsem drugim, kar je bilo dobavljeno, brez kakr\u0161ne koli pomanjkljivosti.<\/p>\n<p class=\"p-classico-pag\">Potro\u0161nik je odgovoren le za kakr\u0161no koli zmanj\u0161anje vrednosti blaga, ki je posledica ravnanja z blagom, razen tistega, ki je potrebno za ugotovitev narave, zna\u010dilnosti in delovanja blaga.<br \/>\u010ce je blago o\u010ditno rabljeno in\/ali ima manjkajo\u010do ali nedotaknjeno embala\u017eo, se bo zaradi komercialnega razvrednotenja ob ponovnem tr\u017eenju kot \"rabljen izdelek\" njegova vrednost zmanj\u0161ala.<\/p>\n<p class=\"p-classico-pag\">Da bi omejili po\u0161kodbe originalne embala\u017ee, vam priporo\u010damo, da jo po mo\u017enosti polo\u017eite v drugo \u0161katlo in se v vsakem primeru izognete lepljenju nalepk ali lepilnega traku neposredno na originalno embala\u017eo izdelka.<\/p>\n<p class=\"p-classico-pag\">Potro\u0161nik mora v 14 dneh po obvestilu o odstopu od pogodbe poskrbeti, da izdelek vrne podjetju Puzzle 3D (MEDDYS SNC ) - Via Bologna 10, 25073 Bovezzo (BS), Italija, in sicer prek svojega \u0161pediterja. Stro\u0161ke vrnitve nosi potro\u0161nik.<br \/>Do potrditve prejema na zgoraj navedenem naslovu je za blago odgovoren potro\u0161nik; zato je priporo\u010dljivo, da po\u0161iljko za vra\u010dilo zavarujete pred krajo, izgubo ali po\u0161kodbo med prevozom, za kar AgriEuro ne prevzema nobene odgovornosti.<\/p>\n<p class=\"p-classico-pag\">V 14 dneh po prejemu blaga bomo stranki povrnili celoten znesek transakcije (ob upo\u0161tevanju zgoraj navedenih omejitev) z istim na\u010dinom pla\u010dila, ki je bil uporabljen pri prvotnem nakupu. Povra\u010dilo se lahko zadr\u017ei, dokler potro\u0161nik ne doka\u017ee, da je blago dejansko poslal nazaj.<\/p>\n<h3 class=\"h3-classico-pag\"><span id=\"Recesso_del_Fornitore\"><strong>Dobaviteljev umik<\/strong><\/span><\/h3>\n<p class=\"p-classico-pag\">MEDDYS SNC, ima pravico odstopiti od prodajne pogodbe z enostavnim obrazlo\u017eenim obvestilom kupcu v primeru vi\u0161je sile ali neizogibne nemo\u017enosti, ki je ni mogo\u010de pripisati spletni trgovini ali prevozniku. V takih primerih je stranka upravi\u010dena le do povra\u010dila \u017ee pla\u010danega zneska.<\/p>\n<div><strong>\u00a0<\/strong><\/div>\n<div><strong>KAKO VRNITI IZDELEK?<\/strong><\/div>\n<div>\u00a0<\/div>\n<div>V skladu z veljavnimi predpisi GEO 34\/2014 lahko izdelke, kupljene na spletni strani Puzzle3D.co, vrnete v 14 dneh po nakupu.<\/div>\n<div>\u00a0<\/div>\n<div>Izdelek lahko vrnete pod naslednjimi pogoji:<\/div>\n<div>\u00a0<\/div>\n<div>brez znakov monta\u017ee, prask, udarcev<\/div>\n<div>nedotaknjena embala\u017ea, etikete in dodatki<\/div>\n<div>brez znakov uporabe<\/div>\n<div>Izdelek lahko vrnete le, \u010de je v brezhibnem stanju (vklju\u010dno z embala\u017eo) in ne ka\u017ee znakov obrabe. V primeru zavrnitve izdelka nas v 24 urah po prejemu kontaktirajte po telefonu ali e-po\u0161ti, da dolo\u010dimo podrobnosti vra\u010dila.<\/div>\n<div>\u00a0<\/div>\n<div>Stro\u0161ke vra\u010dila nosi kupec, vrednost izdelka pa bo povrnjena v pribli\u017eno 5-7 delovnih dneh in ne sme prese\u010di zakonskega roka 14 dni.<\/div>\n<div>\u00a0<\/div>\n<div>\u010ce je vrnjeni izdelek po\u0161kodovan, ima o\u010ditne znake uporabe in ga ni mogo\u010de prodati kot nov izdelek, si pridr\u017eujemo pravico do zavrnitve izdelka. Vse te klavzule in pogoji so dolo\u010deni v:<\/div>\n<div>\u00a0<\/div>\n<div>Izredni odlok \u0161t. 34\/2014 o pravni ureditvi pogodb na daljavo.<\/div>\n<div>\u00a0<\/div>\n<div>Pi\u0161ite nam po e-po\u0161ti: support@puzzle3D.co<\/div>\n<div>Povratni naslov izdelka:<\/div>\n<div>\u00a0<\/div>\n<div>Via Bologna 10<\/div>\n<div>Bovezz (BS) 25073<\/div>\n<div>Italija<\/div>\n<div>\u00a0<\/div>\n<div>Opozorilo: izdelka ne po\u0161iljajte, dokler ne pridobite soglasja oddelka za vra\u010dila, naslov za vra\u010dilo se lahko razlikuje od naslova podjetja!<\/div>\n<div>\u00a0<\/div>\n<div>KAKO VAM POVRNEMO DENAR?<\/div>\n<div>\u00a0<\/div>\n<div>za naro\u010dila, pla\u010dana s kartico prek spleta - s povra\u010dilom na ban\u010dni ra\u010dun, s katerega je bilo opravljeno pla\u010dilo.<\/div>\n<div>za naro\u010dila, pla\u010dana po povzetju\/iTransfer\/- z ban\u010dnim nakazilom<\/div>\n<div>Puzzle3D.co lahko odlo\u017ei vra\u010dilo zneska do prejema prodanega Blaga ali do prejema dokazila o odpremi istega Blaga, \u010de ni ponudil prevzema Blaga sam (kar je pozneje). .<\/div>\n<div>\u00a0<\/div>\n<div>\u010ce prodajalec ne more dobaviti izdelka, ki ga je naro\u010dil kupec, mora o tem obvestiti kupca in mu vrniti protivrednost izdelka na njegov ra\u010dun najpozneje v 14 dneh od dneva, ko je prodajalec izvedel za to dejstvo.<\/div>\n<\/header>\n<p>\u00a0<\/p>\n<div class=\"is-divider divider clearfix\" style=\"max-width:0px;height:25px;background-color:rgb(255, 255, 255);\"><\/div>","protected":false},"excerpt":{"rendered":"<p>Diritto di recesso CONSEGNA \u00a0 La consegna dei prodotti viene effettuata tramite corriere veloce. Il valore massimo degli obblighi di Puzzle 3D nei confronti di qualsiasi cliente in caso di mancata consegna o consegna impropria dei prodotti acquistati \u00e8 l&#8217;importo riscosso dalla nostra azienda dal rispettivo cliente. Nel caso in cui i prezzi o altri [&#8230;]\n","protected":false},"author":10,"featured_media":0,"parent":0,"menu_order":0,"comment_status":"closed","ping_status":"closed","template":"","meta":{"footnotes":""},"class_list":["post-1249","page","type-page","status-publish","hentry"],"_links":{"self":[{"href":"https:\/\/puzzle3d.co\/sl\/wp-json\/wp\/v2\/pages\/1249","targetHints":{"allow":["GET"]}}],"collection":[{"href":"https:\/\/puzzle3d.co\/sl\/wp-json\/wp\/v2\/pages"}],"about":[{"href":"https:\/\/puzzle3d.co\/sl\/wp-json\/wp\/v2\/types\/page"}],"author":[{"embeddable":true,"href":"https:\/\/puzzle3d.co\/sl\/wp-json\/wp\/v2\/users\/10"}],"replies":[{"embeddable":true,"href":"https:\/\/puzzle3d.co\/sl\/wp-json\/wp\/v2\/comments?post=1249"}],"version-history":[{"count":0,"href":"https:\/\/puzzle3d.co\/sl\/wp-json\/wp\/v2\/pages\/1249\/revisions"}],"wp:attachment":[{"href":"https:\/\/puzzle3d.co\/sl\/wp-json\/wp\/v2\/media?parent=1249"}],"curies":[{"name":"wp","href":"https:\/\/api.w.org\/{rel}","templated":true}]}}