{"id":942,"date":"2023-01-31T09:32:58","date_gmt":"2023-01-31T09:32:58","guid":{"rendered":"https:\/\/puzzle3d.co\/product\/kinetic-globe-puzzle-3d-copy\/"},"modified":"2025-06-11T19:04:17","modified_gmt":"2025-06-11T19:04:17","slug":"mechanicky-veterny-mlyn-3d-skladacka","status":"publish","type":"product","link":"https:\/\/puzzle3d.co\/sk\/prodotto\/mulino-a-vento-meccanico-puzzle-3d\/","title":{"rendered":"Dreven\u00fd mechanick\u00fd vetern\u00fd mlyn na zostavenie 227 kusov"},"content":{"rendered":"<div>\n<div>\n<div>\n<p><strong>Dreven\u00fd mechanick\u00fd vetern\u00fd mlyn na zostavenie 227 kusov<\/strong><\/p>\n<\/div>\n<div><\/div>\n<div>Vetern\u00e9 mlyny zachr\u00e1nili Holandsko pred povod\u0148ami.<\/div>\n<div><\/div>\n<div>Ako by to mohlo \"zachr\u00e1ni\u0165\" aj v\u00e1s?<\/div>\n<div><\/div>\n<div>Zostavte vetern\u00fd mlyn, ke\u010f chcete unikn\u00fa\u0165 rutine, sledujte, ako sa ot\u00e1\u010daj\u00fa vrtule, ke\u010f ste unaven\u00ed, alebo jednoducho darujte vetern\u00fd mlyn bl\u00edzkej osobe a bude v\u00e1m ve\u013emi v\u010fa\u010dn\u00e1.<\/div>\n<div><\/div>\n<div>Ide\u00e1lny dar\u010dek pre milovn\u00edkov pr\u00edrody<\/div>\n<div><\/div>\n<div>M\u00f4\u017eete ho zostavi\u0165 spolu s die\u0165a\u0165om. V\u00e1\u0161ho mal\u00e9ho par\u0165\u00e1ka bude tento model fascinova\u0165 a z\u00e1rove\u0148 mu bude rozpr\u00e1va\u0165 pr\u00edbeh, predstavova\u0165 si, ako pred stovkami rokov \u013eudia mleli obilie, obilniny, lisovali olej, drvili tabak a dokonca vyr\u00e1bali papier.<\/div>\n<div><\/div>\n<div>Mimochodom, prv\u00e9 vetern\u00e9 mlyny boli vyn\u00e1jden\u00e9 okolo 9. storo\u010dia v starovekej Perzii a do Eur\u00f3py sa roz\u0161\u00edrili okolo 18. storo\u010dia.<\/div>\n<div><\/div>\n<div>Vetern\u00fd mlyn je kus n\u00e1bytku, ktor\u00fd budete chcie\u0165 vystavi\u0165 na mieste, kde tr\u00e1vite v\u00e4\u010d\u0161inu \u010dasu.<\/div>\n<div><\/div>\n<\/div>\n<div>\n<div><strong>PODROBNOSTI O V\u00ddROBKU:<\/strong><\/div>\n<div><\/div>\n<div>Rozmery modelu: 195*340*400 mm<\/div>\n<div>Rozmery balenia: 375 x 243 x 20 mm<\/div>\n<div>Po\u010det kusov: 227<\/div>\n<\/div>\n<\/div>\n<div>\n<div><\/div>\n<\/div>","protected":false},"excerpt":{"rendered":"<div>Zostavte vetern\u00fd mlyn, ke\u010f chcete unikn\u00fa\u0165 rutine, sledujte, ako sa ot\u00e1\u010daj\u00fa vrtule, ke\u010f ste unaven\u00ed, alebo jednoducho darujte vetern\u00fd mlyn bl\u00edzkej osobe a bude v\u00e1m ve\u013emi v\u010fa\u010dn\u00e1.<\/div>\n<p>&nbsp;<\/p>","protected":false},"featured_media":948,"comment_status":"open","ping_status":"closed","template":"","meta":{"slim_seo":{"title":"\ud83c\udfa1 Dreven\u00fd mechanick\u00fd vetern\u00fd mlyn na zostavenie 227 kusov","description":"3D dreven\u00e9 mechanick\u00e9 puzzle Vetern\u00fd mlyn na stavbu. Zostavte vetern\u00fd mlyn, ke\u010f chcete unikn\u00fa\u0165 rutine, sledujte, ako sa ot\u00e1\u010daj\u00fa vrtule, ke\u010f ste unaven\u00ed, alebo jednoducho darujte vetern\u00fd mlyn bl\u00edzkej osobe a bude v\u00e1m ve\u013emi v\u010fa\u010dn\u00e1."}},"product_brand":[],"product_cat":[89,91,90,73,74,76],"product_tag":[],"woo-feed-brand":[],"class_list":{"0":"post-942","1":"product","2":"type-product","3":"status-publish","4":"has-post-thumbnail","6":"product_cat-puzzle-meccanici-3d-in-legno","7":"product_cat-puzzle-meccanici-per-adulti","8":"product_cat-puzzle-meccanici-per-bambini","9":"product_cat-puzzle-3d","10":"product_cat-puzzle-3d-in-legno","11":"product_cat-puzzle-3d-per-bambini","13":"first","14":"instock","15":"shipping-taxable","16":"purchasable","17":"product-type-simple"},"_links":{"self":[{"href":"https:\/\/puzzle3d.co\/sk\/wp-json\/wp\/v2\/product\/942","targetHints":{"allow":["GET"]}}],"collection":[{"href":"https:\/\/puzzle3d.co\/sk\/wp-json\/wp\/v2\/product"}],"about":[{"href":"https:\/\/puzzle3d.co\/sk\/wp-json\/wp\/v2\/types\/product"}],"replies":[{"embeddable":true,"href":"https:\/\/puzzle3d.co\/sk\/wp-json\/wp\/v2\/comments?post=942"}],"wp:featuredmedia":[{"embeddable":true,"href":"https:\/\/puzzle3d.co\/sk\/wp-json\/wp\/v2\/media\/948"}],"wp:attachment":[{"href":"https:\/\/puzzle3d.co\/sk\/wp-json\/wp\/v2\/media?parent=942"}],"wp:term":[{"taxonomy":"product_brand","embeddable":true,"href":"https:\/\/puzzle3d.co\/sk\/wp-json\/wp\/v2\/product_brand?post=942"},{"taxonomy":"product_cat","embeddable":true,"href":"https:\/\/puzzle3d.co\/sk\/wp-json\/wp\/v2\/product_cat?post=942"},{"taxonomy":"product_tag","embeddable":true,"href":"https:\/\/puzzle3d.co\/sk\/wp-json\/wp\/v2\/product_tag?post=942"},{"taxonomy":"woo-feed-brand","embeddable":true,"href":"https:\/\/puzzle3d.co\/sk\/wp-json\/wp\/v2\/woo-feed-brand?post=942"}],"curies":[{"name":"wp","href":"https:\/\/api.w.org\/{rel}","templated":true}]}}