{"id":879,"date":"2023-01-26T12:35:38","date_gmt":"2023-01-26T12:35:38","guid":{"rendered":"https:\/\/puzzle3d.co\/product\/t-rex-tyrannosaurus-rex-puzzle-classic-lemn-puzzle-jigsaw-copy\/"},"modified":"2025-06-11T19:04:33","modified_gmt":"2025-06-11T19:04:33","slug":"chameleon-2d-puzzle-drevo","status":"publish","type":"product","link":"https:\/\/puzzle3d.co\/sk\/prodotto\/camaleonte-puzzle-2d-jigsaw-legno\/","title":{"rendered":"Dreven\u00e9 puzzle Chamele\u00f3n 2D , 111 dielikov"},"content":{"rendered":"<div>\n<p><strong>Dreven\u00e9 puzzle Chamele\u00f3n 2D , 111 dielikov<\/strong><\/p>\n<div><\/div>\n<\/div>\n<div>\n<div>\n<div>Tento chamele\u00f3n v\u00e1s m\u00f4\u017ee nau\u010di\u0165 nie\u010do z\u00e1sadn\u00e9 o tom, \u010do sme za\u017eili za posledn\u00e9 tri roky: prisp\u00f4sobivos\u0165.<\/div>\n<div><\/div>\n<div>Nervov\u00fd syst\u00e9m chamele\u00f3na ovl\u00e1da chromatoforov\u00e9 bunky obsahuj\u00face pigmenty a umo\u017e\u0148uje mu meni\u0165 farbu v z\u00e1vislosti od prostredia.<\/div>\n<div><\/div>\n<div>Ak m\u00e1te chu\u0165 na zmenu, meditujte pri skladan\u00ed puzzle chamele\u00f3na. S\u00fastre\u010fte svoje my\u0161lienky a mo\u017eno pre zmenu n\u00e1jdete nov\u00e9 rie\u0161enia.<\/div>\n<div><\/div>\n<div>Ak chcete z\u00edska\u0165 extra v\u00fdzvu a viac \u010dasu pre seba, vyberte si ve\u013ekos\u0165 L, ktor\u00e1 sa dod\u00e1va s 505 dielikmi.<\/div>\n<div><\/div>\n<div><\/div>\n<div><strong>PODROBNOSTI O V\u00ddROBKU:<\/strong><\/div>\n<div>Rozmery modelu: 371*280*5 mm<\/div>\n<div>Rozmery balenia: 255 x 192 x 42 mm<\/div>\n<div>Po\u010det kusov: 111<\/div>\n<\/div>\n<div><\/div>\n<\/div>","protected":false},"excerpt":{"rendered":"<p>Tento chamele\u00f3n v\u00e1s m\u00f4\u017ee nau\u010di\u0165 nie\u010do z\u00e1sadn\u00e9 o tom, \u010do sme za\u017eili za posledn\u00e9 tri roky: prisp\u00f4sobivos\u0165.<\/p>","protected":false},"featured_media":850,"comment_status":"open","ping_status":"closed","template":"","meta":[],"product_brand":[],"product_cat":[80,84,83],"product_tag":[],"woo-feed-brand":[],"class_list":{"0":"post-879","1":"product","2":"type-product","3":"status-publish","4":"has-post-thumbnail","6":"product_cat-puzzle-jigsaw","7":"product_cat-puzzle-jigsaw-in-legno","8":"product_cat-puzzle-jigsaw-bambini","10":"first","11":"instock","12":"shipping-taxable","13":"purchasable","14":"product-type-simple"},"_links":{"self":[{"href":"https:\/\/puzzle3d.co\/sk\/wp-json\/wp\/v2\/product\/879","targetHints":{"allow":["GET"]}}],"collection":[{"href":"https:\/\/puzzle3d.co\/sk\/wp-json\/wp\/v2\/product"}],"about":[{"href":"https:\/\/puzzle3d.co\/sk\/wp-json\/wp\/v2\/types\/product"}],"replies":[{"embeddable":true,"href":"https:\/\/puzzle3d.co\/sk\/wp-json\/wp\/v2\/comments?post=879"}],"wp:featuredmedia":[{"embeddable":true,"href":"https:\/\/puzzle3d.co\/sk\/wp-json\/wp\/v2\/media\/850"}],"wp:attachment":[{"href":"https:\/\/puzzle3d.co\/sk\/wp-json\/wp\/v2\/media?parent=879"}],"wp:term":[{"taxonomy":"product_brand","embeddable":true,"href":"https:\/\/puzzle3d.co\/sk\/wp-json\/wp\/v2\/product_brand?post=879"},{"taxonomy":"product_cat","embeddable":true,"href":"https:\/\/puzzle3d.co\/sk\/wp-json\/wp\/v2\/product_cat?post=879"},{"taxonomy":"product_tag","embeddable":true,"href":"https:\/\/puzzle3d.co\/sk\/wp-json\/wp\/v2\/product_tag?post=879"},{"taxonomy":"woo-feed-brand","embeddable":true,"href":"https:\/\/puzzle3d.co\/sk\/wp-json\/wp\/v2\/woo-feed-brand?post=879"}],"curies":[{"name":"wp","href":"https:\/\/api.w.org\/{rel}","templated":true}]}}