{"id":877,"date":"2023-01-26T12:26:03","date_gmt":"2023-01-26T12:26:03","guid":{"rendered":"https:\/\/puzzle3d.co\/product\/lynx-puzzle-classic-lemn-copy\/"},"modified":"2025-06-11T19:05:15","modified_gmt":"2025-06-11T19:05:15","slug":"t-rex-dinosaurus-puzzle-drevo","status":"publish","type":"product","link":"https:\/\/puzzle3d.co\/sk\/prodotto\/t-rex-dinosauro-puzzle-jigsaw-legno\/","title":{"rendered":"2D puzzle s dinosaurami vyroben\u00e9 z dreva. 129 dielikov"},"content":{"rendered":"<div>\n<p><strong>2D puzzle T-Rex Dinosaurus z dreva, 129 dielikov<\/strong><\/p>\n<div><\/div>\n<\/div>\n<div>\n<div>\n<div>Pred 67 alebo 65 mili\u00f3nmi rokov \u017eil v Severnej Amerike sl\u00e1vny Tyrannosaurus Rex alebo T-Rex.<\/div>\n<div><\/div>\n<div>Sp\u00e1ja sa s obrazom ve\u013ek\u00e9ho a siln\u00e9ho dinosaura s impozantnou \u010de\u013eus\u0165ou a dlh\u00fdmi ostr\u00fdmi zubami.<\/div>\n<div><\/div>\n<div>V\u00e1\u017eil asi 6-8 ton a jeho telo meralo 12-13 metrov.<\/div>\n<div><\/div>\n<div>Neuverite\u013en\u00e9, v\u0161ak?<\/div>\n<div><\/div>\n<div>Ak m\u00e1te radi dinosaury alebo by ste chceli origin\u00e1lnu dekor\u00e1ciu do svojho domova, pr\u00edpadne h\u013ead\u00e1te dar\u010dek pre nad\u0161enca prehist\u00f3rie, T-rez ur\u010dite ocen\u00edte.<\/div>\n<div><\/div>\n<div>Jeho z\u00e1videniahodn\u00e9 zuby prin\u00fatia deti k zodpovednosti za dent\u00e1lnu hygienu.<\/div>\n<div><\/div>\n<div>Medzi \u010fal\u0161\u00edmi dielikmi drevenej sklada\u010dky spozn\u00e1te dinosaura, lietaj\u00faceho netopiera, klokana<\/div>\n<div>.<\/div>\n<div><\/div>\n<div><strong>PODROBNOSTI O V\u00ddROBKU:<\/strong><\/div>\n<div>Rozmery modelu: 400*244*5 mm<\/div>\n<div>Rozmery balenia: 255 x 192 x 42 mm<\/div>\n<div>Po\u010det kusov: 129<\/div>\n<\/div>\n<div><\/div>\n<\/div>","protected":false},"excerpt":{"rendered":"<p>T-REX-Tyrannosaurus Rex klasick\u00e1 dreven\u00e1 sklada\u010dka\/puzzle. Medzi ostatn\u00fdmi dielikmi dreven\u00e9ho puzzle rozpozn\u00e1te dinosaura, lietaj\u00faceho netopiera, klokana<\/p>","protected":false},"featured_media":858,"comment_status":"open","ping_status":"closed","template":"","meta":{"slim_seo":{"title":"\ud83e\udd96Dinosaurus 2D dreven\u00e9 puzzle, 129 dielikov","description":"T-REX Dinosaurus \/ Tyrannosaurus Rex klasick\u00e9 dreven\u00e9 puzzle \/ sklada\u010dka. Origin\u00e1lne puzzle pre deti"}},"product_brand":[],"product_cat":[80,83,84],"product_tag":[],"woo-feed-brand":[],"class_list":{"0":"post-877","1":"product","2":"type-product","3":"status-publish","4":"has-post-thumbnail","6":"product_cat-puzzle-jigsaw","7":"product_cat-puzzle-jigsaw-bambini","8":"product_cat-puzzle-jigsaw-in-legno","10":"first","11":"instock","12":"shipping-taxable","13":"purchasable","14":"product-type-simple"},"_links":{"self":[{"href":"https:\/\/puzzle3d.co\/sk\/wp-json\/wp\/v2\/product\/877","targetHints":{"allow":["GET"]}}],"collection":[{"href":"https:\/\/puzzle3d.co\/sk\/wp-json\/wp\/v2\/product"}],"about":[{"href":"https:\/\/puzzle3d.co\/sk\/wp-json\/wp\/v2\/types\/product"}],"replies":[{"embeddable":true,"href":"https:\/\/puzzle3d.co\/sk\/wp-json\/wp\/v2\/comments?post=877"}],"wp:featuredmedia":[{"embeddable":true,"href":"https:\/\/puzzle3d.co\/sk\/wp-json\/wp\/v2\/media\/858"}],"wp:attachment":[{"href":"https:\/\/puzzle3d.co\/sk\/wp-json\/wp\/v2\/media?parent=877"}],"wp:term":[{"taxonomy":"product_brand","embeddable":true,"href":"https:\/\/puzzle3d.co\/sk\/wp-json\/wp\/v2\/product_brand?post=877"},{"taxonomy":"product_cat","embeddable":true,"href":"https:\/\/puzzle3d.co\/sk\/wp-json\/wp\/v2\/product_cat?post=877"},{"taxonomy":"product_tag","embeddable":true,"href":"https:\/\/puzzle3d.co\/sk\/wp-json\/wp\/v2\/product_tag?post=877"},{"taxonomy":"woo-feed-brand","embeddable":true,"href":"https:\/\/puzzle3d.co\/sk\/wp-json\/wp\/v2\/woo-feed-brand?post=877"}],"curies":[{"name":"wp","href":"https:\/\/api.w.org\/{rel}","templated":true}]}}