{"id":875,"date":"2023-01-26T12:17:36","date_gmt":"2023-01-26T12:17:36","guid":{"rendered":"https:\/\/puzzle3d.co\/product\/panther-puzzle-classic-lemn-copy\/"},"modified":"2025-09-10T09:44:49","modified_gmt":"2025-09-10T09:44:49","slug":"linx-puzzle-drevo","status":"publish","type":"product","link":"https:\/\/puzzle3d.co\/sk\/prodotto\/linx-puzzle-jigsaw-legno\/","title":{"rendered":"Linx Eur\u00e1zia - 2D dreven\u00e9 puzzle, 139 dielikov"},"content":{"rendered":"<div><strong>Linx Eur\u00e1zia - 2D dreven\u00e9 puzzle, 139 dielikov<\/strong><\/div>\n<div><\/div>\n<div>Mysleli ste si, \u017ee je to lev, ale je to rys, druh divokej ma\u010dky, naz\u00fdvan\u00fd aj \"snehov\u00fd panter\" alebo \"snehov\u00e1 ma\u010dka\".<\/div>\n<div><\/div>\n<div>V\u00fdraz \"rys\" sa m\u00f4\u017ee pou\u017e\u00edva\u0165 aj na ozna\u010denie osoby, ktor\u00e1 je ve\u013emi ostra\u017eit\u00e1 a pozorn\u00e1 alebo m\u00e1 ve\u013emi dobr\u00fd zrak.<\/div>\n<div><\/div>\n<div>Ak si teda mysl\u00edte, \u017ee ste pozorn\u00ed a pohotov\u00ed, vyz\u00fdvam v\u00e1s, aby ste vysk\u00fa\u0161ali tak\u00fdto klasick\u00fd dreven\u00fd model puzzle, ktor\u00fd prever\u00ed nielen v\u00e1\u0161 zmysel pre detail, ale aj va\u0161u koncentr\u00e1ciu.<\/div>\n<div><\/div>\n<div><strong>PODROBNOSTI O V\u00ddROBKU:<\/strong><\/div>\n<div>Rozmery modelu: 353*280*5mm<\/div>\n<div>Rozmery balenia: 255 x 192 x 42 mm<\/div>\n<div>Po\u010det kusov: 139<\/div>","protected":false},"excerpt":{"rendered":"<p>LYNX - klasick\u00e9 dreven\u00e9 puzzle s divokou ma\u010dkou<\/p>","protected":false},"featured_media":854,"comment_status":"open","ping_status":"closed","template":"","meta":[],"product_brand":[],"product_cat":[80,84,83],"product_tag":[],"woo-feed-brand":[],"class_list":{"0":"post-875","1":"product","2":"type-product","3":"status-publish","4":"has-post-thumbnail","6":"product_cat-puzzle-jigsaw","7":"product_cat-puzzle-jigsaw-in-legno","8":"product_cat-puzzle-jigsaw-bambini","10":"first","11":"instock","12":"shipping-taxable","13":"purchasable","14":"product-type-simple"},"_links":{"self":[{"href":"https:\/\/puzzle3d.co\/sk\/wp-json\/wp\/v2\/product\/875","targetHints":{"allow":["GET"]}}],"collection":[{"href":"https:\/\/puzzle3d.co\/sk\/wp-json\/wp\/v2\/product"}],"about":[{"href":"https:\/\/puzzle3d.co\/sk\/wp-json\/wp\/v2\/types\/product"}],"replies":[{"embeddable":true,"href":"https:\/\/puzzle3d.co\/sk\/wp-json\/wp\/v2\/comments?post=875"}],"wp:featuredmedia":[{"embeddable":true,"href":"https:\/\/puzzle3d.co\/sk\/wp-json\/wp\/v2\/media\/854"}],"wp:attachment":[{"href":"https:\/\/puzzle3d.co\/sk\/wp-json\/wp\/v2\/media?parent=875"}],"wp:term":[{"taxonomy":"product_brand","embeddable":true,"href":"https:\/\/puzzle3d.co\/sk\/wp-json\/wp\/v2\/product_brand?post=875"},{"taxonomy":"product_cat","embeddable":true,"href":"https:\/\/puzzle3d.co\/sk\/wp-json\/wp\/v2\/product_cat?post=875"},{"taxonomy":"product_tag","embeddable":true,"href":"https:\/\/puzzle3d.co\/sk\/wp-json\/wp\/v2\/product_tag?post=875"},{"taxonomy":"woo-feed-brand","embeddable":true,"href":"https:\/\/puzzle3d.co\/sk\/wp-json\/wp\/v2\/woo-feed-brand?post=875"}],"curies":[{"name":"wp","href":"https:\/\/api.w.org\/{rel}","templated":true}]}}