{"id":873,"date":"2023-01-26T12:01:44","date_gmt":"2023-01-26T12:01:44","guid":{"rendered":"https:\/\/puzzle3d.co\/product\/lion-puzzle-classic-lemn-copy\/"},"modified":"2025-06-11T19:05:45","modified_gmt":"2025-06-11T19:05:45","slug":"panther-puzzle-klasicke-drevene-puzzle","status":"publish","type":"product","link":"https:\/\/puzzle3d.co\/sk\/prodotto\/pantera-puzzle-classic-legno-jigsaw\/","title":{"rendered":"Black PANTHER 2D dreven\u00e9 puzzle, 102 dielikov"},"content":{"rendered":"<div><strong>Black PANTHER 2D dreven\u00e9 puzzle, 102 dielikov<\/strong><\/div>\n<div><\/div>\n<div>Vedeli ste, \u017ee vedeck\u00fd n\u00e1zov \u010dierneho pantera je pardus?<\/div>\n<div><\/div>\n<div>V mnoh\u00fdch tradi\u010dn\u00fdch kult\u00farach Afriky, \u00c1zie a Indie sa \u010dierny panter pova\u017euje za symbol sily a odvahy, prosperity a \u0161\u0165astia.<\/div>\n<div><\/div>\n<div>St\u00e1le h\u013ead\u00e1te d\u00f4vody, pre\u010do by ste si mali vybra\u0165 toto roztomil\u00e9 dreven\u00e9 puzzle?<\/div>\n<div><\/div>\n<div>Ak ste aj vy odv\u00e1\u017eny \u010dlovek, zladenie jednotliv\u00fdch kusov bude zauj\u00edmav\u00fd proces. Medzi dielikmi n\u00e1jdete divok\u00e9 ma\u010dky, jagu\u00e1re, tigre a in\u00e9 ma\u010dkovit\u00e9 \u0161elmy, ktor\u00e9 v\u00e1m prines\u00fa ak\u010dn\u00fd z\u00e1\u017eitok.<\/div>\n<div><\/div>\n<div><\/div>\n<div><strong>PODROBNOSTI O V\u00ddROBKU:<\/strong><\/div>\n<div>Rozmery modelu: 311*280*5 mm<\/div>\n<div>Rozmery balenia: 255 x 192 x 42 mm<\/div>\n<div>Po\u010det kusov: 102<\/div>","protected":false},"excerpt":{"rendered":"<p>\u010cierny panter sa pova\u017euje za symbol sily a odvahy, prosperity a \u0161\u0165astia. Medzi dielikmi tejto sklada\u010dky n\u00e1jdete divok\u00e9 ma\u010dky, jagu\u00e1re, tigre a \u010fal\u0161ie ma\u010dkovit\u00e9 \u0161elmy, ktor\u00e9 s\u00fa pln\u00e9 akcie.<\/p>","protected":false},"featured_media":857,"comment_status":"open","ping_status":"closed","template":"","meta":{"slim_seo":{"title":"\ud83d\udc08\u200d\u2b1bPANTERA \u010cierne dreven\u00e9 puzzle, 102 dielikov","description":"Dreven\u00e9 puzzle BLACK PANTHER 2D. Objavte \u010daro dreven\u00fdch 2D puzzle s fascinuj\u00facim dizajnom PANTHERA. T\u00e1to hra so 102 dielikmi pon\u00faka z\u00e1bavu a v\u00fdzvu pre v\u0161etky vekov\u00e9 kateg\u00f3rie."}},"product_brand":[],"product_cat":[80,83,84],"product_tag":[],"woo-feed-brand":[],"class_list":{"0":"post-873","1":"product","2":"type-product","3":"status-publish","4":"has-post-thumbnail","6":"product_cat-puzzle-jigsaw","7":"product_cat-puzzle-jigsaw-bambini","8":"product_cat-puzzle-jigsaw-in-legno","10":"first","11":"instock","12":"shipping-taxable","13":"purchasable","14":"product-type-simple"},"_links":{"self":[{"href":"https:\/\/puzzle3d.co\/sk\/wp-json\/wp\/v2\/product\/873","targetHints":{"allow":["GET"]}}],"collection":[{"href":"https:\/\/puzzle3d.co\/sk\/wp-json\/wp\/v2\/product"}],"about":[{"href":"https:\/\/puzzle3d.co\/sk\/wp-json\/wp\/v2\/types\/product"}],"replies":[{"embeddable":true,"href":"https:\/\/puzzle3d.co\/sk\/wp-json\/wp\/v2\/comments?post=873"}],"wp:featuredmedia":[{"embeddable":true,"href":"https:\/\/puzzle3d.co\/sk\/wp-json\/wp\/v2\/media\/857"}],"wp:attachment":[{"href":"https:\/\/puzzle3d.co\/sk\/wp-json\/wp\/v2\/media?parent=873"}],"wp:term":[{"taxonomy":"product_brand","embeddable":true,"href":"https:\/\/puzzle3d.co\/sk\/wp-json\/wp\/v2\/product_brand?post=873"},{"taxonomy":"product_cat","embeddable":true,"href":"https:\/\/puzzle3d.co\/sk\/wp-json\/wp\/v2\/product_cat?post=873"},{"taxonomy":"product_tag","embeddable":true,"href":"https:\/\/puzzle3d.co\/sk\/wp-json\/wp\/v2\/product_tag?post=873"},{"taxonomy":"woo-feed-brand","embeddable":true,"href":"https:\/\/puzzle3d.co\/sk\/wp-json\/wp\/v2\/woo-feed-brand?post=873"}],"curies":[{"name":"wp","href":"https:\/\/api.w.org\/{rel}","templated":true}]}}