{"id":870,"date":"2023-01-26T11:45:24","date_gmt":"2023-01-26T11:45:24","guid":{"rendered":"https:\/\/puzzle3d.co\/product\/fox-puzzle-classic-lemn-copy\/"},"modified":"2025-06-11T19:06:20","modified_gmt":"2025-06-11T19:06:20","slug":"leone-puzzle-classic-jigsaw-legno","status":"publish","type":"product","link":"https:\/\/puzzle3d.co\/sk\/prodotto\/leone-puzzle-classic-jigsaw-legno\/","title":{"rendered":"2D dreven\u00e9 puzzle s levom , 100 dielikov"},"content":{"rendered":"<div><span style=\"font-size: 100%;\"><strong>LION - klasick\u00e9 dreven\u00e9 puzzle<\/strong><\/span><\/div>\n<div><\/div>\n<div><span style=\"font-size: 100%;\">Kr\u00e1\u013e div\u00fdch zvierat je teraz doma.<\/span><\/div>\n<div><\/div>\n<div><span style=\"font-size: 100%;\">Do tohto leva sa zamilujete na prv\u00fd poh\u013ead. Rafinovan\u00e9 detaily a bohat\u00e9 farby pri\u0165ahuj\u00fa poh\u013eady a obdiv.<\/span><\/div>\n<div><\/div>\n<div><span style=\"font-size: 100%;\">Neprich\u00e1dza s\u00e1m, ale so svojou rozvetvenou rodinou: slonom, tigrom, \u017eirafou (ak\u00e9 \u010fal\u0161ie zvierat\u00e1 tam pozn\u00e1te?), ktor\u00e9 spozn\u00e1te medzi dreven\u00fdmi dielikmi puzzle.<\/span><\/div>\n<div><\/div>\n<div><span style=\"font-size: 100%;\">P\u00fdtate sa pre\u010do? Preto\u017ee by\u0165 siln\u00fd a naz\u00fdva\u0165 sa kr\u00e1\u013eom zvierat znamen\u00e1 predov\u0161etk\u00fdm by\u0165 bok po boku s ostatn\u00fdmi.<\/span><\/div>\n<div><\/div>\n<div><span style=\"font-size: 100%;\">Ak chcete str\u00e1vi\u0165 zauj\u00edmav\u00fd ve\u010der s niek\u00fdm, koho m\u00e1te radi, vyberte si tohto leva a diskutujte na filozofick\u00fa t\u00e9mu.<\/span><\/div>\n<div><\/div>\n<div><span style=\"font-size: 100%;\">Vo filozofii sa napr\u00edklad lev pova\u017euje za symbol \u013eudskej prirodzenosti, ktor\u00fa mo\u017eno rozdeli\u0165 na dve \u010dasti: rozumov\u00fa a \u017eivo\u010d\u00ed\u0161nu.<\/span><\/div>\n<div><\/div>\n<div><span style=\"font-size: 100%;\">Pon\u00fakame 3 ve\u013ekosti (S, M, L), z ktor\u00fdch si m\u00f4\u017eete vybra\u0165 t\u00fa spr\u00e1vnu na stenu v\u00e1\u0161ho domova alebo kancel\u00e1rie. Alebo si mo\u017eno chcete toto roztomil\u00e9 puzzle da\u0165 do r\u00e1mu - v\u00fdber je na v\u00e1s.<\/span><\/div>\n<div><\/div>\n<div><span style=\"font-size: 100%;\"><strong>PODROBNOSTI O V\u00ddROBKU:<\/strong><\/span><\/div>\n<div><span style=\"font-size: 100%;\">Rozmery modelu: 310*280*5mm<\/span><\/div>\n<div><span style=\"font-size: 100%;\">Rozmery balenia: 255 x 192 x 42 mm<\/span><\/div>\n<div><span style=\"font-size: 100%;\">Po\u010det kusov: 100<\/span><\/div>","protected":false},"excerpt":{"rendered":"<p>Do tohto leva sa zamilujete na prv\u00fd poh\u013ead. Rafinovan\u00e9 detaily a bohat\u00e9 farby pri\u0165ahuj\u00fa poh\u013eady a obdiv.<br \/>\nNeprich\u00e1dza s\u00e1m, ale so svojou rozvetvenou rodinou: slonom, tigrom a \u017eirafou, ktor\u00e9 spozn\u00e1te medzi dreven\u00fdmi dielikmi puzzle.<\/p>","protected":false},"featured_media":853,"comment_status":"open","ping_status":"closed","template":"","meta":[],"product_brand":[],"product_cat":[80,84,83],"product_tag":[],"woo-feed-brand":[],"class_list":{"0":"post-870","1":"product","2":"type-product","3":"status-publish","4":"has-post-thumbnail","6":"product_cat-puzzle-jigsaw","7":"product_cat-puzzle-jigsaw-in-legno","8":"product_cat-puzzle-jigsaw-bambini","10":"first","11":"instock","12":"sale","13":"shipping-taxable","14":"purchasable","15":"product-type-simple"},"_links":{"self":[{"href":"https:\/\/puzzle3d.co\/sk\/wp-json\/wp\/v2\/product\/870","targetHints":{"allow":["GET"]}}],"collection":[{"href":"https:\/\/puzzle3d.co\/sk\/wp-json\/wp\/v2\/product"}],"about":[{"href":"https:\/\/puzzle3d.co\/sk\/wp-json\/wp\/v2\/types\/product"}],"replies":[{"embeddable":true,"href":"https:\/\/puzzle3d.co\/sk\/wp-json\/wp\/v2\/comments?post=870"}],"wp:featuredmedia":[{"embeddable":true,"href":"https:\/\/puzzle3d.co\/sk\/wp-json\/wp\/v2\/media\/853"}],"wp:attachment":[{"href":"https:\/\/puzzle3d.co\/sk\/wp-json\/wp\/v2\/media?parent=870"}],"wp:term":[{"taxonomy":"product_brand","embeddable":true,"href":"https:\/\/puzzle3d.co\/sk\/wp-json\/wp\/v2\/product_brand?post=870"},{"taxonomy":"product_cat","embeddable":true,"href":"https:\/\/puzzle3d.co\/sk\/wp-json\/wp\/v2\/product_cat?post=870"},{"taxonomy":"product_tag","embeddable":true,"href":"https:\/\/puzzle3d.co\/sk\/wp-json\/wp\/v2\/product_tag?post=870"},{"taxonomy":"woo-feed-brand","embeddable":true,"href":"https:\/\/puzzle3d.co\/sk\/wp-json\/wp\/v2\/woo-feed-brand?post=870"}],"curies":[{"name":"wp","href":"https:\/\/api.w.org\/{rel}","templated":true}]}}