{"id":868,"date":"2023-01-26T10:56:46","date_gmt":"2023-01-26T10:56:46","guid":{"rendered":"https:\/\/puzzle3d.co\/product\/turtle-puzzle-classic-lemn-copy\/"},"modified":"2025-06-11T19:06:33","modified_gmt":"2025-06-11T19:06:33","slug":"vulpa-puzzle-classic-wood","status":"publish","type":"product","link":"https:\/\/puzzle3d.co\/sk\/prodotto\/vulpa-puzzle-classic-legno\/","title":{"rendered":"Dreven\u00e9 puzzle VULPA 2D , 141 dielikov"},"content":{"rendered":"<div><strong>Klasick\u00e9 dreven\u00e9 puzzle VULPA<\/strong><\/div>\n<div><\/div>\n<div>Puzzle pln\u00e9 \u0161armu a v\u00fdziev v\u00e1s o\u010dar\u00ed jemn\u00fdmi detailmi a bohat\u00fdmi farbami.<\/div>\n<div>\u010co vid\u00edte v jeho o\u010diach: \u013estivos\u0165 a zv\u00e1dzanie alebo inteligenciu, odvahu a nez\u00e1vislos\u0165?<\/div>\n<div><\/div>\n<div>To, ako ho vn\u00edmate, m\u00f4\u017ee ve\u013ea vypoveda\u0165 aj o v\u00e1s ako o osobe.<\/div>\n<div><\/div>\n<div>Medzi dielikmi sklada\u010dky, ktor\u00e9 tvoria t\u00fato n\u00e1dhern\u00fa dekor\u00e1ciu, n\u00e1jdete \u010fal\u0161ie l\u00ed\u0161ky, vlky, zajace, potkany a sliepky.<\/div>\n<div>Tr\u00e9nujte svoju predstavivos\u0165 so v\u0161etk\u00fdmi t\u00fdmito zvieratami a potom si vyzdobte miesto, kde radi tr\u00e1vite \u010das, aby ste ich mohli \u010do naj\u010dastej\u0161ie obdivova\u0165.<\/div>\n<div><\/div>\n<div>L\u00ed\u0161ka v\u00e1m bude pripom\u00edna\u0165 aj les, preto v\u017edy, ke\u010f budete ma\u0165 pr\u00edle\u017eitos\u0165, cho\u010fte do parku alebo lesa a ponorte sa do pr\u00edrody.<\/div>\n<div><\/div>\n<div><strong>PODROBNOSTI O V\u00ddROBKU:<\/strong><\/div>\n<div>Rozmery modelu: 400*280*5 mm<\/div>\n<div>Rozmery balenia: 255 x 192 x 42 mm<\/div>\n<div>Po\u010det kusov: 141<\/div>","protected":false},"excerpt":{"rendered":"<p>Medzi dielikmi sklada\u010dky, ktor\u00e9 tvoria t\u00fato n\u00e1dhern\u00fa dekor\u00e1ciu, n\u00e1jdete \u010fal\u0161ie l\u00ed\u0161ky, vlky, zajace, potkany a sliepky.<\/p>","protected":false},"featured_media":851,"comment_status":"open","ping_status":"closed","template":"","meta":{"slim_seo":{"title":"\ud83e\udd8a VULPA 2D puzzle \/ sklada\u010dka ECO z dreva, 141 dielikov","description":"Medzi dielikmi sklada\u010dky, ktor\u00e9 tvoria t\u00fato n\u00e1dhern\u00fa dekor\u00e1ciu, n\u00e1jdete \u010fal\u0161ie l\u00ed\u0161ky, vlky, zajace, potkany a sliepky."}},"product_brand":[],"product_cat":[80,83,84],"product_tag":[],"woo-feed-brand":[],"class_list":{"0":"post-868","1":"product","2":"type-product","3":"status-publish","4":"has-post-thumbnail","6":"product_cat-puzzle-jigsaw","7":"product_cat-puzzle-jigsaw-bambini","8":"product_cat-puzzle-jigsaw-in-legno","10":"first","11":"instock","12":"shipping-taxable","13":"purchasable","14":"product-type-simple"},"_links":{"self":[{"href":"https:\/\/puzzle3d.co\/sk\/wp-json\/wp\/v2\/product\/868","targetHints":{"allow":["GET"]}}],"collection":[{"href":"https:\/\/puzzle3d.co\/sk\/wp-json\/wp\/v2\/product"}],"about":[{"href":"https:\/\/puzzle3d.co\/sk\/wp-json\/wp\/v2\/types\/product"}],"replies":[{"embeddable":true,"href":"https:\/\/puzzle3d.co\/sk\/wp-json\/wp\/v2\/comments?post=868"}],"wp:featuredmedia":[{"embeddable":true,"href":"https:\/\/puzzle3d.co\/sk\/wp-json\/wp\/v2\/media\/851"}],"wp:attachment":[{"href":"https:\/\/puzzle3d.co\/sk\/wp-json\/wp\/v2\/media?parent=868"}],"wp:term":[{"taxonomy":"product_brand","embeddable":true,"href":"https:\/\/puzzle3d.co\/sk\/wp-json\/wp\/v2\/product_brand?post=868"},{"taxonomy":"product_cat","embeddable":true,"href":"https:\/\/puzzle3d.co\/sk\/wp-json\/wp\/v2\/product_cat?post=868"},{"taxonomy":"product_tag","embeddable":true,"href":"https:\/\/puzzle3d.co\/sk\/wp-json\/wp\/v2\/product_tag?post=868"},{"taxonomy":"woo-feed-brand","embeddable":true,"href":"https:\/\/puzzle3d.co\/sk\/wp-json\/wp\/v2\/woo-feed-brand?post=868"}],"curies":[{"name":"wp","href":"https:\/\/api.w.org\/{rel}","templated":true}]}}