{"id":866,"date":"2023-01-25T22:19:56","date_gmt":"2023-01-25T22:19:56","guid":{"rendered":"https:\/\/puzzle3d.co\/product\/owl-puzzle-classic-lemn-copy\/"},"modified":"2026-01-21T16:50:41","modified_gmt":"2026-01-21T16:50:41","slug":"korytnacie-puzzle","status":"publish","type":"product","link":"https:\/\/puzzle3d.co\/sk\/prodotto\/tartaruga-puzzle\/","title":{"rendered":"TARTARUGA 2D puzzle \/ Dreven\u00e9 puzzle, 150 dielikov"},"content":{"rendered":"<div><strong>TARTARUGA 2D Calssic Puzzle \/ Dreven\u00e9 puzzle, 150 dielikov<\/strong><\/div>\n<div><\/div>\n<div>Aj vy sa p\u00fdtate, kde za\u010dala \u017eaba? Po\u010fme spolo\u010dne h\u013eada\u0165 odpove\u010f.<\/div>\n<div><\/div>\n<div>Zauj\u00edmavos\u0165ou je, \u017ee korytna\u010dky s\u00fa symbolom dlhovekosti, ke\u010f\u017ee sa do\u017e\u00edvaj\u00fa viac ako 100 rokov. Ich krunier znamen\u00e1 ochranu a bezpe\u010die a predstavuje du\u0161evn\u00fa a fyzick\u00fa bari\u00e9ru.<\/div>\n<div><\/div>\n<div>Ke\u010f sa c\u00edtite vy\u010derpan\u00ed, je vhodn\u00e9 postavi\u0165 si puzzle ako na obr\u00e1zku. Uvo\u013en\u00edte sa, s\u00fastred\u00edte sa a dokonca si d\u00e1te \u0161krupinku nad vy\u010derp\u00e1vaj\u00facou rutinou.<\/div>\n<div><\/div>\n<div>Nadchnite sa korytna\u010dkou v sklada\u010dke na obr\u00e1zku a na konci zist\u00edte, kde za\u010dala.<\/div>\n<div><\/div>\n<div><strong>PODROBNOSTI O V\u00ddROBKU:<\/strong><\/div>\n<div>Rozmery modelu: 281*395*5 mm<\/div>\n<div>Rozmery balenia: 255 x 192 x 42 mm<\/div>\n<div>Po\u010det kusov: 150<\/div>","protected":false},"excerpt":{"rendered":"<p>TARTARUGA Puzzle 2D Calssico \/ Jigsaw in legno, 150 pezzi Ti chiedi anche tu dove \u00e8 iniziata la rana? Cerchiamo insieme la risposta. \u00c8 interessante sapere che le tartarughe sono il simbolo della longevit\u00e0, perch\u00e9 vivono oltre 100 anni. Il loro guscio significa protezione e sicurezza, offrendo una barriera mentale e fisica. Quando ti senti [&#8230;]\n","protected":false},"featured_media":859,"comment_status":"open","ping_status":"closed","template":"","meta":{"slim_seo":{"title":"\ud83d\udc22 TARTARUGA 2D Calssic Puzzle \/ Dreven\u00e9 puzzle, 150 dielikov","description":"TARTARUGA Puzzle. Je zauj\u00edmav\u00e9, \u017ee korytna\u010dky s\u00fa symbolom dlhovekosti, preto\u017ee sa do\u017e\u00edvaj\u00fa viac ako 100 rokov."}},"product_brand":[],"product_cat":[80,83,84],"product_tag":[],"woo-feed-brand":[],"class_list":{"0":"post-866","1":"product","2":"type-product","3":"status-publish","4":"has-post-thumbnail","6":"product_cat-puzzle-jigsaw","7":"product_cat-puzzle-jigsaw-bambini","8":"product_cat-puzzle-jigsaw-in-legno","10":"first","11":"instock","12":"shipping-taxable","13":"purchasable","14":"product-type-simple"},"_links":{"self":[{"href":"https:\/\/puzzle3d.co\/sk\/wp-json\/wp\/v2\/product\/866","targetHints":{"allow":["GET"]}}],"collection":[{"href":"https:\/\/puzzle3d.co\/sk\/wp-json\/wp\/v2\/product"}],"about":[{"href":"https:\/\/puzzle3d.co\/sk\/wp-json\/wp\/v2\/types\/product"}],"replies":[{"embeddable":true,"href":"https:\/\/puzzle3d.co\/sk\/wp-json\/wp\/v2\/comments?post=866"}],"wp:featuredmedia":[{"embeddable":true,"href":"https:\/\/puzzle3d.co\/sk\/wp-json\/wp\/v2\/media\/859"}],"wp:attachment":[{"href":"https:\/\/puzzle3d.co\/sk\/wp-json\/wp\/v2\/media?parent=866"}],"wp:term":[{"taxonomy":"product_brand","embeddable":true,"href":"https:\/\/puzzle3d.co\/sk\/wp-json\/wp\/v2\/product_brand?post=866"},{"taxonomy":"product_cat","embeddable":true,"href":"https:\/\/puzzle3d.co\/sk\/wp-json\/wp\/v2\/product_cat?post=866"},{"taxonomy":"product_tag","embeddable":true,"href":"https:\/\/puzzle3d.co\/sk\/wp-json\/wp\/v2\/product_tag?post=866"},{"taxonomy":"woo-feed-brand","embeddable":true,"href":"https:\/\/puzzle3d.co\/sk\/wp-json\/wp\/v2\/woo-feed-brand?post=866"}],"curies":[{"name":"wp","href":"https:\/\/api.w.org\/{rel}","templated":true}]}}