{"id":864,"date":"2023-01-25T22:15:13","date_gmt":"2023-01-25T22:15:13","guid":{"rendered":"https:\/\/puzzle3d.co\/product\/mastodon-puzzle-classic-lemn-copy\/"},"modified":"2025-06-11T19:07:05","modified_gmt":"2025-06-11T19:07:05","slug":"sovie-puzzle-klasicke-drevo","status":"publish","type":"product","link":"https:\/\/puzzle3d.co\/sk\/prodotto\/gufo-puzzle-classic-legno\/","title":{"rendered":"2D dreven\u00e9 puzzle OWL, 120 dielikov"},"content":{"rendered":"<div>\n<h2><strong>2D dreven\u00e9 puzzle OWL, 120 dielikov<\/strong><\/h2>\n<div>\"Vidie\u0165 v tme\" neznamen\u00e1 len n\u00e1js\u0165 cestu v noci v miestnosti bez svetla... Je to schopnos\u0165 pochopi\u0165 a vidie\u0165 skryt\u00fa pravdu.<\/div>\n<\/div>\n<div>\n<div>Preto je sova v gr\u00e9ckej mytol\u00f3gii symbolom m\u00fadrosti a inteligencie.<\/div>\n<div>A sova vyroben\u00e1 z k\u00faskov drevenej sklada\u010dky vyjadruje zmysel pre detail, s\u00fastredenie a odhodlanie.<\/div>\n<div>Medzi fig\u00farkami n\u00e1jdete aj \u010fal\u0161\u00edch lesn\u00fdch partnerov, ako s\u00fa vlk, l\u00ed\u0161ka, zajac, orol, medve\u010f.<\/div>\n<div>\u010co tak pou\u017ei\u0165 tieto postavy na to, aby ste svoje die\u0165a nau\u010dili m\u00fadrosti?<\/div>\n<div><\/div>\n<div>Poviete mu, \u017ee l\u00ed\u0161ka je mil\u00e1 a zajac bojazliv\u00fd, alebo mu uk\u00e1\u017eete, \u017ee v\u0161etky s\u00fa r\u00f4zne, niektor\u00e9 v\u00e4\u010d\u0161ie, in\u00e9 men\u0161ie, ale spolu ved\u00fa dial\u00f3g v rovnov\u00e1he a re\u0161pektuj\u00fa pr\u00edrodu.<\/div>\n<div><\/div>\n<div>Zostavte ho, zabavte sa a pozrite sa do hlboko posaden\u00fdch o\u010d\u00ed sovy, \u010do nevid\u00edte.<\/div>\n<div><\/div>\n<div><strong>PODROBNOSTI O V\u00ddROBKU:<\/strong><\/div>\n<div>Rozmery modelu: 283*297*5 mm<\/div>\n<div>Rozmery balenia: 255 x 192 x 42 mm<\/div>\n<div>Po\u010det kusov: 120<\/div>\n<\/div>","protected":false},"excerpt":{"rendered":"<p>V gr\u00e9ckej mytol\u00f3gii je sova symbolom m\u00fadrosti a inteligencie a sova vyroben\u00e1 z dielikov drevenej sklada\u010dky vyjadruje pozornos\u0165 k detailom, s\u00fastredenos\u0165 a odhodlanie.<\/p>","protected":false},"featured_media":856,"comment_status":"open","ping_status":"closed","template":"","meta":[],"product_brand":[],"product_cat":[80,84,83],"product_tag":[],"woo-feed-brand":[],"class_list":{"0":"post-864","1":"product","2":"type-product","3":"status-publish","4":"has-post-thumbnail","6":"product_cat-puzzle-jigsaw","7":"product_cat-puzzle-jigsaw-in-legno","8":"product_cat-puzzle-jigsaw-bambini","10":"first","11":"instock","12":"shipping-taxable","13":"purchasable","14":"product-type-simple"},"_links":{"self":[{"href":"https:\/\/puzzle3d.co\/sk\/wp-json\/wp\/v2\/product\/864","targetHints":{"allow":["GET"]}}],"collection":[{"href":"https:\/\/puzzle3d.co\/sk\/wp-json\/wp\/v2\/product"}],"about":[{"href":"https:\/\/puzzle3d.co\/sk\/wp-json\/wp\/v2\/types\/product"}],"replies":[{"embeddable":true,"href":"https:\/\/puzzle3d.co\/sk\/wp-json\/wp\/v2\/comments?post=864"}],"wp:featuredmedia":[{"embeddable":true,"href":"https:\/\/puzzle3d.co\/sk\/wp-json\/wp\/v2\/media\/856"}],"wp:attachment":[{"href":"https:\/\/puzzle3d.co\/sk\/wp-json\/wp\/v2\/media?parent=864"}],"wp:term":[{"taxonomy":"product_brand","embeddable":true,"href":"https:\/\/puzzle3d.co\/sk\/wp-json\/wp\/v2\/product_brand?post=864"},{"taxonomy":"product_cat","embeddable":true,"href":"https:\/\/puzzle3d.co\/sk\/wp-json\/wp\/v2\/product_cat?post=864"},{"taxonomy":"product_tag","embeddable":true,"href":"https:\/\/puzzle3d.co\/sk\/wp-json\/wp\/v2\/product_tag?post=864"},{"taxonomy":"woo-feed-brand","embeddable":true,"href":"https:\/\/puzzle3d.co\/sk\/wp-json\/wp\/v2\/woo-feed-brand?post=864"}],"curies":[{"name":"wp","href":"https:\/\/api.w.org\/{rel}","templated":true}]}}